{"id":43818,"date":"2025-08-12T09:48:09","date_gmt":"2025-08-12T09:48:09","guid":{"rendered":"https:\/\/skinstudio.ee\/?post_type=product&#038;p=43818"},"modified":"2026-01-19T15:13:24","modified_gmt":"2026-01-19T15:13:24","slug":"moisture-on-demand","status":"publish","type":"product","link":"https:\/\/skinstudio.ee\/lt\/catalog\/circadia\/moisture-on-demand\/","title":{"rendered":"Moisture on Demand"},"content":{"rendered":"<p data-start=\"1004\" data-end=\"1433\">Tai nauja koncepcija &#8222;protinguose&#8221; produktuose \u2014 lengvas serumas, kuris suteikia papildom\u0105 dr\u0117kinim\u0105 pagal j\u016bs\u0173 odos poreikius ir aplink\u0105. Jis prisitaiko prie klimato, \u017einodamas, kas j\u016bs\u0173 odai reikalinga bet kuriuo momentu, nesvarbu, ar tai b\u016bt\u0173 dr\u0117kinimas kar\u0161tu oru, ar papildoma apsauga nuo sausumo \u0161altuoju met\u0173 laiku. Tokia prieiga padeda palaikyti optimalius dr\u0117gm\u0117s lygius vis\u0105 dien\u0105, sukuriant gaivumo ir komforto jausm\u0105.<\/p>\n<p data-start=\"1435\" data-end=\"1451\"><strong data-start=\"1435\" data-end=\"1445\">Dydis:<\/strong> 15 ml<\/p>\n","protected":false},"excerpt":{"rendered":"<p data-start=\"1635\" data-end=\"1670\">Dr\u0117kinamasis serumas<\/p>\n<h2 data-start=\"1672\" data-end=\"1714\"><strong data-start=\"1672\" data-end=\"1714\">Circadia Moisture on Demand privalumai<\/strong><\/h2>\n<p data-start=\"1716\" data-end=\"1949\">\u2714\ufe0f Suteikia papildom\u0105 dr\u0117kinim\u0105<br data-start=\"1747\" data-end=\"1750\" \/>\u2714\ufe0f Prisitaiko prie klimato ir odos poreiki\u0173<br data-start=\"1793\" data-end=\"1796\" \/>\u2714\ufe0f Reguliuoja dr\u0117gm\u0117s lyg\u012f visiems odos tipams<br data-start=\"1842\" data-end=\"1845\" \/>\u2714\ufe0f Lengva tekst\u016bra, nepalieka riebaus blizgesio<br data-start=\"1892\" data-end=\"1895\" \/>\u2714\ufe0f Protinga formul\u0117, kuri supranta j\u016bs\u0173 odos poreikius<\/p>\n","protected":false},"featured_media":66234,"template":"","meta":[],"pwb-brand":[801],"product_brand":[],"product_cat":[738,724],"product_tag":[],"giftcard-category":[],"class_list":{"0":"post-43818","1":"product","2":"type-product","3":"status-publish","4":"has-post-thumbnail","6":"pwb-brand-circadia","7":"product_cat-drekinimas","8":"product_cat-serumai","10":"first","11":"instock","12":"taxable","13":"shipping-taxable","14":"purchasable","15":"product-type-simple"},"acf":[],"brands":[{"id":801,"name":"Circadia","slug":"circadia"}],"_links":{"self":[{"href":"https:\/\/skinstudio.ee\/lt\/wp-json\/wp\/v2\/product\/43818","targetHints":{"allow":["GET"]}}],"collection":[{"href":"https:\/\/skinstudio.ee\/lt\/wp-json\/wp\/v2\/product"}],"about":[{"href":"https:\/\/skinstudio.ee\/lt\/wp-json\/wp\/v2\/types\/product"}],"version-history":[{"count":0,"href":"https:\/\/skinstudio.ee\/lt\/wp-json\/wp\/v2\/product\/43818\/revisions"}],"wp:featuredmedia":[{"embeddable":true,"href":"https:\/\/skinstudio.ee\/lt\/wp-json\/wp\/v2\/media\/66234"}],"wp:attachment":[{"href":"https:\/\/skinstudio.ee\/lt\/wp-json\/wp\/v2\/media?parent=43818"}],"wp:term":[{"taxonomy":"pwb-brand","embeddable":true,"href":"https:\/\/skinstudio.ee\/lt\/wp-json\/wp\/v2\/pwb-brand?post=43818"},{"taxonomy":"product_brand","embeddable":true,"href":"https:\/\/skinstudio.ee\/lt\/wp-json\/wp\/v2\/product_brand?post=43818"},{"taxonomy":"product_cat","embeddable":true,"href":"https:\/\/skinstudio.ee\/lt\/wp-json\/wp\/v2\/product_cat?post=43818"},{"taxonomy":"product_tag","embeddable":true,"href":"https:\/\/skinstudio.ee\/lt\/wp-json\/wp\/v2\/product_tag?post=43818"},{"taxonomy":"giftcard-category","embeddable":true,"href":"https:\/\/skinstudio.ee\/lt\/wp-json\/wp\/v2\/giftcard-category?post=43818"}],"curies":[{"name":"wp","href":"https:\/\/api.w.org\/{rel}","templated":true}]}}