{"id":43836,"date":"2025-08-12T10:03:33","date_gmt":"2025-08-12T10:03:33","guid":{"rendered":"https:\/\/skinstudio.ee\/?post_type=product&#038;p=43836"},"modified":"2026-01-19T15:13:23","modified_gmt":"2026-01-19T15:13:23","slug":"aquaporin-hydrating-cream","status":"publish","type":"product","link":"https:\/\/skinstudio.ee\/lt\/catalog\/circadia\/aquaporin-hydrating-cream\/","title":{"rendered":"AquaPorin Hydrating Cream"},"content":{"rendered":"<p data-start=\"937\" data-end=\"1288\">AquaPorin dr\u0117kinamasis veido kremas giliai dr\u0117kina ir apsaugo od\u0105 nuo transepiderminio dr\u0117gm\u0117s praradimo. Avokad\u0173 aliejus, alyvuogi\u0173 aliejus ir makadamij\u0173 rie\u0161ut\u0173 aliejus i\u0161lygina od\u0105, pa\u0161alindami sausum\u0105 ir dirginim\u0105, o vitaminas E apsaugo od\u0105 nuo laisv\u0173j\u0173 radikal\u0173. \u0160is kremas padeda palaikyti optimali\u0105 hidratacij\u0105 ir suteikia odai sveik\u0105 spindes\u012f.<\/p>\n<p data-start=\"1290\" data-end=\"1306\"><strong data-start=\"1290\" data-end=\"1300\">T\u016bris:<\/strong> 50 ml<\/p>\n","protected":false},"excerpt":{"rendered":"<p data-start=\"1416\" data-end=\"1466\">AquaPorin dr\u0117kinamasis veido kremas<\/p>\n<h2 data-start=\"1468\" data-end=\"1517\"><strong data-start=\"1468\" data-end=\"1517\">Circadia AquaPorin Hydrating Cream privalumai<\/strong><\/h2>\n<p data-start=\"1519\" data-end=\"1744\">\u2714\ufe0f Giliai dr\u0117kina ir atstato pusiausvyr\u0105<br data-start=\"1559\" data-end=\"1562\" \/>\u2714\ufe0f Apsaugo od\u0105 nuo dr\u0117gm\u0117s praradimo vis\u0105 dien\u0105<br data-start=\"1609\" data-end=\"1612\" \/>\u2714\ufe0f Pa\u0161alina sausum\u0105 ir dirginim\u0105<br data-start=\"1644\" data-end=\"1647\" \/>\u2714\ufe0f Maitina ir i\u0161lygina od\u0105, palikdama j\u0105 mink\u0161t\u0105<br data-start=\"1695\" data-end=\"1698\" \/>\u2714\ufe0f Apsaugo nuo laisv\u0173j\u0173 radikal\u0173 su E vitaminu<\/p>\n","protected":false},"featured_media":66229,"template":"","meta":[],"pwb-brand":[801],"product_brand":[],"product_cat":[738,746,740,750],"product_tag":[],"giftcard-category":[],"class_list":{"0":"post-43836","1":"product","2":"type-product","3":"status-publish","4":"has-post-thumbnail","6":"pwb-brand-circadia","7":"product_cat-drekinimas","8":"product_cat-jautriai-odai","9":"product_cat-sausai-odai","10":"product_cat-senstanti-oda","12":"first","13":"instock","14":"taxable","15":"shipping-taxable","16":"purchasable","17":"product-type-simple"},"acf":[],"brands":[{"id":801,"name":"Circadia","slug":"circadia"}],"_links":{"self":[{"href":"https:\/\/skinstudio.ee\/lt\/wp-json\/wp\/v2\/product\/43836","targetHints":{"allow":["GET"]}}],"collection":[{"href":"https:\/\/skinstudio.ee\/lt\/wp-json\/wp\/v2\/product"}],"about":[{"href":"https:\/\/skinstudio.ee\/lt\/wp-json\/wp\/v2\/types\/product"}],"version-history":[{"count":0,"href":"https:\/\/skinstudio.ee\/lt\/wp-json\/wp\/v2\/product\/43836\/revisions"}],"wp:featuredmedia":[{"embeddable":true,"href":"https:\/\/skinstudio.ee\/lt\/wp-json\/wp\/v2\/media\/66229"}],"wp:attachment":[{"href":"https:\/\/skinstudio.ee\/lt\/wp-json\/wp\/v2\/media?parent=43836"}],"wp:term":[{"taxonomy":"pwb-brand","embeddable":true,"href":"https:\/\/skinstudio.ee\/lt\/wp-json\/wp\/v2\/pwb-brand?post=43836"},{"taxonomy":"product_brand","embeddable":true,"href":"https:\/\/skinstudio.ee\/lt\/wp-json\/wp\/v2\/product_brand?post=43836"},{"taxonomy":"product_cat","embeddable":true,"href":"https:\/\/skinstudio.ee\/lt\/wp-json\/wp\/v2\/product_cat?post=43836"},{"taxonomy":"product_tag","embeddable":true,"href":"https:\/\/skinstudio.ee\/lt\/wp-json\/wp\/v2\/product_tag?post=43836"},{"taxonomy":"giftcard-category","embeddable":true,"href":"https:\/\/skinstudio.ee\/lt\/wp-json\/wp\/v2\/giftcard-category?post=43836"}],"curies":[{"name":"wp","href":"https:\/\/api.w.org\/{rel}","templated":true}]}}