{"id":43852,"date":"2025-08-12T10:13:44","date_gmt":"2025-08-12T10:13:44","guid":{"rendered":"https:\/\/skinstudio.ee\/?post_type=product&#038;p=43852"},"modified":"2026-01-19T15:13:24","modified_gmt":"2026-01-19T15:13:24","slug":"lip-renewing-hydrator","status":"publish","type":"product","link":"https:\/\/skinstudio.ee\/lt\/catalog\/circadia\/lip-renewing-hydrator\/","title":{"rendered":"Lip Renewing Hydrator"},"content":{"rendered":"<p data-start=\"995\" data-end=\"1396\"><strong data-start=\"1014\" data-end=\"1048\">Circadia Lip Renewing Hydrator<\/strong> yra nat\u016bralus produktas, kuris stiprina, padidina apimt\u012f ir dr\u0117kina l\u016bpas. Peptidai stimuliuoja kolageno gamyb\u0105, o hialurono r\u016bg\u0161ties sferos suteikia apimties ir elastingumo. Praturtintas antioksidant\u0173 turtingu spanguoli\u0173 s\u0117kl\u0173 aliejumi ir maitinamaisiais ekstraktais, u\u017etikrina optimal\u0173 prie\u017ei\u016br\u0105, palikdamas l\u016bpas mink\u0161tas, dr\u0117gnas ir sveikas.<\/p>\n<p data-start=\"1398\" data-end=\"1439\">Balsamas prieinamas 6 skirting\u0173 skoni\u0173:<\/p>\n<ul data-start=\"1441\" data-end=\"1907\">\n<li data-start=\"1441\" data-end=\"1521\">\n<p data-start=\"1443\" data-end=\"1521\"><strong data-start=\"1443\" data-end=\"1452\">Naked<\/strong> \u2013 klasikin\u0117 formul\u0117 be kvap\u0173, puikiai tinka kasdieniam naudojimui.<\/p>\n<\/li>\n<li data-start=\"1522\" data-end=\"1596\">\n<p data-start=\"1524\" data-end=\"1596\"><strong data-start=\"1524\" data-end=\"1540\">Vanilla Mint<\/strong> \u2013 vanil\u0117s ir pipirm\u0117\u010di\u0173 kvapas, gaivina ir tonizuoja.<\/p>\n<\/li>\n<li data-start=\"1597\" data-end=\"1678\">\n<p data-start=\"1599\" data-end=\"1678\"><strong data-start=\"1599\" data-end=\"1613\">Watermelon<\/strong> \u2013 arb\u016bzo kvapas, suteikia \u0161veln\u0173 vaisi\u0173 atspalv\u012f ir dr\u0117kinim\u0105.<\/p>\n<\/li>\n<li data-start=\"1679\" data-end=\"1764\">\n<p data-start=\"1681\" data-end=\"1764\"><strong data-start=\"1681\" data-end=\"1701\">Peppermint Mocha<\/strong> \u2013 \u0161okolado-pipirm\u0117\u010di\u0173 kvapas, gaivina ir suteikia energijos.<\/p>\n<\/li>\n<li data-start=\"1765\" data-end=\"1821\">\n<p data-start=\"1767\" data-end=\"1821\"><strong data-start=\"1767\" data-end=\"1779\">Hibiscus<\/strong> \u2013 hibisko kvapas, maitina ir mink\u0161tina.<\/p>\n<\/li>\n<li data-start=\"1822\" data-end=\"1907\">\n<p data-start=\"1824\" data-end=\"1907\"><strong data-start=\"1824\" data-end=\"1841\">Pumpkin Spice<\/strong> \u2013 moli\u016bg\u0173 prieskoni\u0173 kvapas, sukuria jaukumo ir \u0161ilumos poj\u016bt\u012f.<\/p>\n<\/li>\n<\/ul>\n<p data-start=\"1909\" data-end=\"1927\"><strong data-start=\"1909\" data-end=\"1919\">T\u016bris:<\/strong> 15 ml<\/p>\n","protected":false},"excerpt":{"rendered":"<p data-start=\"1427\" data-end=\"1468\">Dr\u0117kinamasis l\u016bp\u0173 balzamas<\/p>\n<h2 data-start=\"1470\" data-end=\"1512\"><strong data-start=\"1470\" data-end=\"1512\">Circadia &#8211; Lip Renewing Hydrator savyb\u0117s<\/strong><\/h2>\n<p data-start=\"1514\" data-end=\"1746\">\u2714\ufe0f Dr\u0117kina ir maitina l\u016bpas<br data-start=\"1541\" data-end=\"1544\" \/>\u2714\ufe0f Padidina l\u016bp\u0173 pilnum\u0105 ir elastingum\u0105<br data-start=\"1583\" data-end=\"1586\" \/>\u2714\ufe0f Turtingas peptidais, kurie stimuliuoja kolageno gamyb\u0105<br data-start=\"1643\" data-end=\"1646\" \/>\u2714\ufe0f Praturtintas aliejais ir ekstraktais, kurie r\u016bpinasi oda<br data-start=\"1705\" data-end=\"1708\" \/>\u2714\ufe0f Gerina l\u016bp\u0173 elastingum\u0105 ir i\u0161vaizd\u0105<\/p>\n","protected":false},"featured_media":66224,"template":"","meta":[],"pwb-brand":[801],"product_brand":[],"product_cat":[760,771],"product_tag":[],"giftcard-category":[],"class_list":{"0":"post-43852","1":"product","2":"type-product","3":"status-publish","4":"has-post-thumbnail","6":"pwb-brand-circadia","7":"product_cat-lupu-prieziura","8":"product_cat-makiazas","9":"pa_suurus-hibiscus-lt","10":"pa_suurus-naked-lt","11":"pa_suurus-peppermint-mocha-lt","12":"pa_suurus-pumpkin-spice-lt","13":"pa_suurus-vanilla-mint-lt","14":"pa_suurus-watermelon-lt-2","16":"first","17":"instock","18":"taxable","19":"shipping-taxable","20":"purchasable","21":"product-type-variable"},"acf":[],"brands":[{"id":801,"name":"Circadia","slug":"circadia"}],"_links":{"self":[{"href":"https:\/\/skinstudio.ee\/lt\/wp-json\/wp\/v2\/product\/43852","targetHints":{"allow":["GET"]}}],"collection":[{"href":"https:\/\/skinstudio.ee\/lt\/wp-json\/wp\/v2\/product"}],"about":[{"href":"https:\/\/skinstudio.ee\/lt\/wp-json\/wp\/v2\/types\/product"}],"version-history":[{"count":0,"href":"https:\/\/skinstudio.ee\/lt\/wp-json\/wp\/v2\/product\/43852\/revisions"}],"wp:featuredmedia":[{"embeddable":true,"href":"https:\/\/skinstudio.ee\/lt\/wp-json\/wp\/v2\/media\/66224"}],"wp:attachment":[{"href":"https:\/\/skinstudio.ee\/lt\/wp-json\/wp\/v2\/media?parent=43852"}],"wp:term":[{"taxonomy":"pwb-brand","embeddable":true,"href":"https:\/\/skinstudio.ee\/lt\/wp-json\/wp\/v2\/pwb-brand?post=43852"},{"taxonomy":"product_brand","embeddable":true,"href":"https:\/\/skinstudio.ee\/lt\/wp-json\/wp\/v2\/product_brand?post=43852"},{"taxonomy":"product_cat","embeddable":true,"href":"https:\/\/skinstudio.ee\/lt\/wp-json\/wp\/v2\/product_cat?post=43852"},{"taxonomy":"product_tag","embeddable":true,"href":"https:\/\/skinstudio.ee\/lt\/wp-json\/wp\/v2\/product_tag?post=43852"},{"taxonomy":"giftcard-category","embeddable":true,"href":"https:\/\/skinstudio.ee\/lt\/wp-json\/wp\/v2\/giftcard-category?post=43852"}],"curies":[{"name":"wp","href":"https:\/\/api.w.org\/{rel}","templated":true}]}}