{"id":43893,"date":"2025-08-12T11:16:45","date_gmt":"2025-08-12T11:16:45","guid":{"rendered":"https:\/\/skinstudio.ee\/?post_type=product&#038;p=43893"},"modified":"2026-01-19T15:13:23","modified_gmt":"2026-01-19T15:13:23","slug":"aloe-calendula-calming-mist","status":"publish","type":"product","link":"https:\/\/skinstudio.ee\/lt\/catalog\/circadia\/aloe-calendula-calming-mist\/","title":{"rendered":"Aloe &#038; Calendula Calming Mist"},"content":{"rendered":"<p data-start=\"1030\" data-end=\"1505\">Aloe &amp; Calendula Calming Mist yra raminantis tonikas-pur\u0161kiklis, kuriame yra alavijo ir kalendulos ekstrakt\u0173. \u0160is raminantis pur\u0161kiklis, kuriame sujungti alavijo, kalendulos, vy\u0161nios, ro\u017e\u0117s ir j\u016bros dumbli\u0173 ekstraktai, palengvina diskomfort\u0105, kuris atsiranda d\u0117l ro\u017ein\u0117s ar padid\u0117jusio odos jautrumo\/reaktyvumo. Jis turi raminan\u010di\u0105, antioksidacin\u0119 ir prie\u0161u\u017edegimin\u0119 savyb\u0119. Jis momentaliai pa\u0161alina diskomfort\u0105, ma\u017eina dirginim\u0105 ir pa\u0161alina sausumo bei tempimo jausm\u0105 odoje.<\/p>\n<p data-start=\"1507\" data-end=\"1524\"><strong data-start=\"1507\" data-end=\"1517\">T\u016bris:<\/strong> 118 ml<\/p>\n<p data-start=\"554\" data-end=\"673\">\n","protected":false},"excerpt":{"rendered":"<p data-start=\"1623\" data-end=\"1667\">Raminantis tonikas-pur\u0161kiklis<\/p>\n<h2 data-start=\"1669\" data-end=\"1719\"><strong data-start=\"1669\" data-end=\"1719\">Circadia Aloe &amp; Calendula Calming Mist savyb\u0117s<\/strong><\/h2>\n<p data-start=\"1721\" data-end=\"1928\">\u2714\ufe0f Ramina ir dr\u0117kina od\u0105<br data-start=\"1745\" data-end=\"1748\" \/>\u2714\ufe0f T\u016bl\u0117j\u0119s greit\u0105 palengv\u0117jim\u0105 nuo dirginimo<br data-start=\"1792\" data-end=\"1795\" \/>\u2714\ufe0f Ramina paraudim\u0105 ir u\u017edegim\u0105<br data-start=\"1826\" data-end=\"1829\" \/>\u2714\ufe0f Padeda atkurti odos pusiausvyr\u0105<br data-start=\"1863\" data-end=\"1866\" \/>\u2714\ufe0f Praturtintas alavijo ir kalendulos ekstraktais maitinimui<\/p>\n","protected":false},"featured_media":66219,"template":"","meta":[],"pwb-brand":[801],"product_brand":[],"product_cat":[746,722],"product_tag":[],"giftcard-category":[],"class_list":{"0":"post-43893","1":"product","2":"type-product","3":"status-publish","4":"has-post-thumbnail","6":"pwb-brand-circadia","7":"product_cat-jautriai-odai","8":"product_cat-toneriai","10":"first","11":"instock","12":"taxable","13":"shipping-taxable","14":"purchasable","15":"product-type-simple"},"acf":[],"brands":[{"id":801,"name":"Circadia","slug":"circadia"}],"_links":{"self":[{"href":"https:\/\/skinstudio.ee\/lt\/wp-json\/wp\/v2\/product\/43893","targetHints":{"allow":["GET"]}}],"collection":[{"href":"https:\/\/skinstudio.ee\/lt\/wp-json\/wp\/v2\/product"}],"about":[{"href":"https:\/\/skinstudio.ee\/lt\/wp-json\/wp\/v2\/types\/product"}],"version-history":[{"count":0,"href":"https:\/\/skinstudio.ee\/lt\/wp-json\/wp\/v2\/product\/43893\/revisions"}],"wp:featuredmedia":[{"embeddable":true,"href":"https:\/\/skinstudio.ee\/lt\/wp-json\/wp\/v2\/media\/66219"}],"wp:attachment":[{"href":"https:\/\/skinstudio.ee\/lt\/wp-json\/wp\/v2\/media?parent=43893"}],"wp:term":[{"taxonomy":"pwb-brand","embeddable":true,"href":"https:\/\/skinstudio.ee\/lt\/wp-json\/wp\/v2\/pwb-brand?post=43893"},{"taxonomy":"product_brand","embeddable":true,"href":"https:\/\/skinstudio.ee\/lt\/wp-json\/wp\/v2\/product_brand?post=43893"},{"taxonomy":"product_cat","embeddable":true,"href":"https:\/\/skinstudio.ee\/lt\/wp-json\/wp\/v2\/product_cat?post=43893"},{"taxonomy":"product_tag","embeddable":true,"href":"https:\/\/skinstudio.ee\/lt\/wp-json\/wp\/v2\/product_tag?post=43893"},{"taxonomy":"giftcard-category","embeddable":true,"href":"https:\/\/skinstudio.ee\/lt\/wp-json\/wp\/v2\/giftcard-category?post=43893"}],"curies":[{"name":"wp","href":"https:\/\/api.w.org\/{rel}","templated":true}]}}