{"id":43910,"date":"2025-08-12T11:25:46","date_gmt":"2025-08-12T11:25:46","guid":{"rendered":"https:\/\/skinstudio.ee\/?post_type=product&#038;p=43910"},"modified":"2026-01-19T15:13:24","modified_gmt":"2026-01-19T15:13:24","slug":"chrono-calm-serum","status":"publish","type":"product","link":"https:\/\/skinstudio.ee\/lt\/catalog\/circadia\/chrono-calm-serum\/","title":{"rendered":"Chrono-Calm Serum"},"content":{"rendered":"<p data-start=\"1344\" data-end=\"1737\">\u0160is serumas yra labai lengvas vandens pagrindo formul\u0117, kuri efektyviai ramina odos dirginim\u0105, paraudim\u0105 ir suma\u017eina i\u0161sipl\u0117tusi\u0173 kapiliar\u0173 pasirei\u0161kimus. D\u0117l peptid\u0173 ir nat\u016brali\u0173 ekstrakt\u0173 jis stimuliuoja kraujotak\u0105, gerina odos b\u016bkl\u0119 ir prisideda prie jos nat\u016bralaus valymo ir sveikimo. Jis taip pat efektyviai mink\u0161tina od\u0105 ir ramina u\u017edegusius ir sudirgusius plotus.<\/p>\n<p data-start=\"1739\" data-end=\"1755\"><strong data-start=\"1739\" data-end=\"1749\">T\u016bris:<\/strong> 15 ml<\/p>\n","protected":false},"excerpt":{"rendered":"<p data-start=\"1095\" data-end=\"1115\">Dr\u0117kinamasis serumas<\/p>\n<h2 data-start=\"1117\" data-end=\"1155\"><strong data-start=\"1117\" data-end=\"1155\">Circadia Chrono-Calm Serum savyb\u0117s<\/strong><\/h2>\n<p data-start=\"1157\" data-end=\"1342\">\u2714\ufe0f Ramina ir atstato od\u0105<br data-start=\"1181\" data-end=\"1184\" \/>\u2714\ufe0f Ma\u017eina paraudim\u0105 ir dirginim\u0105<br data-start=\"1216\" data-end=\"1219\" \/>\u2714\ufe0f Gerina odos apsaugos funkcijas<br data-start=\"1252\" data-end=\"1255\" \/>\u2714\ufe0f Praturtintas antioksidantais apsaugai<br data-start=\"1295\" data-end=\"1298\" \/>\u2714\ufe0f Padeda atkurti pusiausvyr\u0105 ir dr\u0117kinim\u0105<\/p>\n","protected":false},"featured_media":43900,"template":"","meta":[],"pwb-brand":[801],"product_brand":[],"product_cat":[746,724],"product_tag":[],"giftcard-category":[],"class_list":{"0":"post-43910","1":"product","2":"type-product","3":"status-publish","4":"has-post-thumbnail","6":"pwb-brand-circadia","7":"product_cat-jautriai-odai","8":"product_cat-serumai","10":"first","11":"instock","12":"taxable","13":"shipping-taxable","14":"purchasable","15":"product-type-simple"},"acf":[],"brands":[{"id":801,"name":"Circadia","slug":"circadia"}],"_links":{"self":[{"href":"https:\/\/skinstudio.ee\/lt\/wp-json\/wp\/v2\/product\/43910","targetHints":{"allow":["GET"]}}],"collection":[{"href":"https:\/\/skinstudio.ee\/lt\/wp-json\/wp\/v2\/product"}],"about":[{"href":"https:\/\/skinstudio.ee\/lt\/wp-json\/wp\/v2\/types\/product"}],"version-history":[{"count":0,"href":"https:\/\/skinstudio.ee\/lt\/wp-json\/wp\/v2\/product\/43910\/revisions"}],"wp:featuredmedia":[{"embeddable":true,"href":"https:\/\/skinstudio.ee\/lt\/wp-json\/wp\/v2\/media\/43900"}],"wp:attachment":[{"href":"https:\/\/skinstudio.ee\/lt\/wp-json\/wp\/v2\/media?parent=43910"}],"wp:term":[{"taxonomy":"pwb-brand","embeddable":true,"href":"https:\/\/skinstudio.ee\/lt\/wp-json\/wp\/v2\/pwb-brand?post=43910"},{"taxonomy":"product_brand","embeddable":true,"href":"https:\/\/skinstudio.ee\/lt\/wp-json\/wp\/v2\/product_brand?post=43910"},{"taxonomy":"product_cat","embeddable":true,"href":"https:\/\/skinstudio.ee\/lt\/wp-json\/wp\/v2\/product_cat?post=43910"},{"taxonomy":"product_tag","embeddable":true,"href":"https:\/\/skinstudio.ee\/lt\/wp-json\/wp\/v2\/product_tag?post=43910"},{"taxonomy":"giftcard-category","embeddable":true,"href":"https:\/\/skinstudio.ee\/lt\/wp-json\/wp\/v2\/giftcard-category?post=43910"}],"curies":[{"name":"wp","href":"https:\/\/api.w.org\/{rel}","templated":true}]}}