{"id":43927,"date":"2025-08-12T11:38:54","date_gmt":"2025-08-12T11:38:54","guid":{"rendered":"https:\/\/skinstudio.ee\/?post_type=product&#038;p=43927"},"modified":"2026-01-19T15:13:25","modified_gmt":"2026-01-19T15:13:25","slug":"tranquili-cream","status":"publish","type":"product","link":"https:\/\/skinstudio.ee\/lt\/catalog\/circadia\/tranquili-cream\/","title":{"rendered":"Tranquili-Cream"},"content":{"rendered":"<p data-start=\"896\" data-end=\"1212\">\u0160is produktas yra geriausias pasirinkimas jautrios odos savininkams arba tiems, kurie ken\u010dia nuo ro\u017ein\u0117s. Kremas turi augal\u0173 ir j\u016bros ekstrakt\u0173, kurie ma\u017eina nie\u017e\u0117jim\u0105 ir paraudim\u0105, taip pat peptidus ir maitinam\u0105j\u012f lipid\u0173 kompleks\u0105, kuris akimirksniu sumink\u0161tina ir padeda atkurti odos apsaugin\u0117s barjero vientisum\u0105.<\/p>\n<p data-start=\"1214\" data-end=\"1230\"><strong data-start=\"1214\" data-end=\"1224\">T\u016bris:<\/strong> 59 ml<\/p>\n","protected":false},"excerpt":{"rendered":"<p data-start=\"1379\" data-end=\"1426\">Ramunantis kremas odos atk\u016brimui<\/p>\n<h2 data-start=\"1428\" data-end=\"1464\"><strong data-start=\"1428\" data-end=\"1464\">Circadia Tranquili-Cream savyb\u0117s<\/strong><\/h2>\n<p data-start=\"1466\" data-end=\"1668\">\u2714\ufe0f Ramina ir atstato od\u0105<br data-start=\"1490\" data-end=\"1493\" \/>\u2714\ufe0f Suma\u017eina u\u017edegim\u0105 ir paraudim\u0105<br data-start=\"1526\" data-end=\"1529\" \/>\u2714\ufe0f Stiprina odos apsaugin\u012f barjer\u0105<br data-start=\"1563\" data-end=\"1566\" \/>\u2714\ufe0f Praturtintas maitinamaisiais aliejais ir ekstraktais<br data-start=\"1621\" data-end=\"1624\" \/>\u2714\ufe0f Padeda atkurti pusiausvyr\u0105 ir dr\u0117kinim\u0105<\/p>\n","protected":false},"featured_media":43917,"template":"","meta":[],"pwb-brand":[801],"product_brand":[],"product_cat":[738,746],"product_tag":[],"giftcard-category":[],"class_list":{"0":"post-43927","1":"product","2":"type-product","3":"status-publish","4":"has-post-thumbnail","6":"pwb-brand-circadia","7":"product_cat-drekinimas","8":"product_cat-jautriai-odai","10":"first","11":"instock","12":"taxable","13":"shipping-taxable","14":"purchasable","15":"product-type-simple"},"acf":[],"brands":[{"id":801,"name":"Circadia","slug":"circadia"}],"_links":{"self":[{"href":"https:\/\/skinstudio.ee\/lt\/wp-json\/wp\/v2\/product\/43927","targetHints":{"allow":["GET"]}}],"collection":[{"href":"https:\/\/skinstudio.ee\/lt\/wp-json\/wp\/v2\/product"}],"about":[{"href":"https:\/\/skinstudio.ee\/lt\/wp-json\/wp\/v2\/types\/product"}],"version-history":[{"count":0,"href":"https:\/\/skinstudio.ee\/lt\/wp-json\/wp\/v2\/product\/43927\/revisions"}],"wp:featuredmedia":[{"embeddable":true,"href":"https:\/\/skinstudio.ee\/lt\/wp-json\/wp\/v2\/media\/43917"}],"wp:attachment":[{"href":"https:\/\/skinstudio.ee\/lt\/wp-json\/wp\/v2\/media?parent=43927"}],"wp:term":[{"taxonomy":"pwb-brand","embeddable":true,"href":"https:\/\/skinstudio.ee\/lt\/wp-json\/wp\/v2\/pwb-brand?post=43927"},{"taxonomy":"product_brand","embeddable":true,"href":"https:\/\/skinstudio.ee\/lt\/wp-json\/wp\/v2\/product_brand?post=43927"},{"taxonomy":"product_cat","embeddable":true,"href":"https:\/\/skinstudio.ee\/lt\/wp-json\/wp\/v2\/product_cat?post=43927"},{"taxonomy":"product_tag","embeddable":true,"href":"https:\/\/skinstudio.ee\/lt\/wp-json\/wp\/v2\/product_tag?post=43927"},{"taxonomy":"giftcard-category","embeddable":true,"href":"https:\/\/skinstudio.ee\/lt\/wp-json\/wp\/v2\/giftcard-category?post=43927"}],"curies":[{"name":"wp","href":"https:\/\/api.w.org\/{rel}","templated":true}]}}