{"id":43943,"date":"2025-08-12T12:00:35","date_gmt":"2025-08-12T12:00:35","guid":{"rendered":"https:\/\/skinstudio.ee\/?post_type=product&#038;p=43943"},"modified":"2026-01-19T15:13:25","modified_gmt":"2026-01-19T15:13:25","slug":"rose-ease-relief-cream","status":"publish","type":"product","link":"https:\/\/skinstudio.ee\/lt\/catalog\/circadia\/rose-ease-relief-cream\/","title":{"rendered":"Rose-Ease Relief Cream"},"content":{"rendered":"<p data-start=\"1143\" data-end=\"1726\">\u0160is produktas yra puikus pasirinkimas \u017emon\u0117ms, ken\u010diantiems nuo ro\u017ein\u0117s. Jis padeda ne tik suma\u017einti dirginim\u0105 ir paraudim\u0105, bet ir aktyviai kontroliuoja demodex erkes, kurios, manoma, prisideda prie ro\u017ein\u0117s pa\u016bm\u0117jim\u0173. Kremas pagerina odos i\u0161vaizd\u0105, atkuria apsaugines jos funkcijas ir stiprina barjer\u0105, kas yra ypa\u010d svarbu sergant ro\u017eine. Su \u0161iuo kremu galima efektyviai suma\u017einti u\u017edegim\u0105 ir pagreitinti dirginimo gijimo proces\u0105. Unikali formul\u0117, kurioje yra antioksidant\u0173 ir raminam\u0173j\u0173 ekstrakt\u0173, suteikia komfort\u0105 odai ir pagerina jos i\u0161vaizd\u0105, palikdama j\u0105 lygesn\u0119 ir sveikesn\u0119.<\/p>\n<p data-start=\"1728\" data-end=\"1744\"><strong data-start=\"1728\" data-end=\"1738\">T\u016bris:<\/strong> 50 ml<\/p>\n","protected":false},"excerpt":{"rendered":"<p data-start=\"832\" data-end=\"874\">Ro\u017ein\u0117s ma\u017einimo kremas<\/p>\n<h2 data-start=\"1933\" data-end=\"1976\"><strong data-start=\"1933\" data-end=\"1976\">Circadia Rose-Ease Relief Cream savyb\u0117s<\/strong><\/h2>\n<p data-start=\"1978\" data-end=\"2178\">\u2714\ufe0f Ramina ir atstato od\u0105<br data-start=\"2002\" data-end=\"2005\" \/>\u2714\ufe0f Ma\u017eina u\u017edegim\u0105 ir paraudim\u0105<br data-start=\"2036\" data-end=\"2039\" \/>\u2714\ufe0f Stiprina odos apsaugin\u012f barjer\u0105<br data-start=\"2073\" data-end=\"2076\" \/>\u2714\ufe0f Praturtintas maitinamaisiais aliejais ir ekstraktais<br data-start=\"2131\" data-end=\"2134\" \/>\u2714\ufe0f Padeda atkurti pusiausvyr\u0105 ir dr\u0117kinim\u0105<\/p>\n","protected":false},"featured_media":43934,"template":"","meta":[],"pwb-brand":[801],"product_brand":[],"product_cat":[742,738,746],"product_tag":[],"giftcard-category":[],"class_list":{"0":"post-43943","1":"product","2":"type-product","3":"status-publish","4":"has-post-thumbnail","6":"pwb-brand-circadia","7":"product_cat-berimai","8":"product_cat-drekinimas","9":"product_cat-jautriai-odai","11":"first","12":"instock","13":"taxable","14":"shipping-taxable","15":"purchasable","16":"product-type-simple"},"acf":[],"brands":[{"id":801,"name":"Circadia","slug":"circadia"}],"_links":{"self":[{"href":"https:\/\/skinstudio.ee\/lt\/wp-json\/wp\/v2\/product\/43943","targetHints":{"allow":["GET"]}}],"collection":[{"href":"https:\/\/skinstudio.ee\/lt\/wp-json\/wp\/v2\/product"}],"about":[{"href":"https:\/\/skinstudio.ee\/lt\/wp-json\/wp\/v2\/types\/product"}],"version-history":[{"count":0,"href":"https:\/\/skinstudio.ee\/lt\/wp-json\/wp\/v2\/product\/43943\/revisions"}],"wp:featuredmedia":[{"embeddable":true,"href":"https:\/\/skinstudio.ee\/lt\/wp-json\/wp\/v2\/media\/43934"}],"wp:attachment":[{"href":"https:\/\/skinstudio.ee\/lt\/wp-json\/wp\/v2\/media?parent=43943"}],"wp:term":[{"taxonomy":"pwb-brand","embeddable":true,"href":"https:\/\/skinstudio.ee\/lt\/wp-json\/wp\/v2\/pwb-brand?post=43943"},{"taxonomy":"product_brand","embeddable":true,"href":"https:\/\/skinstudio.ee\/lt\/wp-json\/wp\/v2\/product_brand?post=43943"},{"taxonomy":"product_cat","embeddable":true,"href":"https:\/\/skinstudio.ee\/lt\/wp-json\/wp\/v2\/product_cat?post=43943"},{"taxonomy":"product_tag","embeddable":true,"href":"https:\/\/skinstudio.ee\/lt\/wp-json\/wp\/v2\/product_tag?post=43943"},{"taxonomy":"giftcard-category","embeddable":true,"href":"https:\/\/skinstudio.ee\/lt\/wp-json\/wp\/v2\/giftcard-category?post=43943"}],"curies":[{"name":"wp","href":"https:\/\/api.w.org\/{rel}","templated":true}]}}