{"id":43960,"date":"2025-08-12T12:10:41","date_gmt":"2025-08-12T12:10:41","guid":{"rendered":"https:\/\/skinstudio.ee\/?post_type=product&#038;p=43960"},"modified":"2026-01-19T15:13:25","modified_gmt":"2026-01-19T15:13:25","slug":"post-peel-balm","status":"publish","type":"product","link":"https:\/\/skinstudio.ee\/lt\/catalog\/circadia\/post-peel-balm\/","title":{"rendered":"Post Peel Balm"},"content":{"rendered":"<p data-start=\"1022\" data-end=\"1612\">\u0160is produktas yra puikus pasirinkimas \u017emon\u0117ms, ken\u010diantiems nuo ro\u017ein\u0117s. Jis padeda ne tik suma\u017einti dirginim\u0105 ir paraudim\u0105, bet ir aktyviai kontroliuoja demodex erkes, kurios, manoma, prisideda prie ro\u017ein\u0117s pa\u016bm\u0117jim\u0173. Kremas pagerina odos i\u0161vaizd\u0105, atkuria apsaugines jos funkcijas ir stiprina barjer\u0105, kas yra ypa\u010d svarbu sergant ro\u017eine. Su \u0161iuo kremu galima efektyviai suma\u017einti u\u017edegim\u0105 ir pagreitinti dirginimo gijimo proces\u0105. Unikali formul\u0117, kurioje yra antioksidant\u0173 ir raminam\u0173j\u0173 ekstrakt\u0173, suteikia komfort\u0105 odai ir pagerina jos i\u0161vaizd\u0105, palikdama j\u0105 lygesn\u0119 ir sveikesn\u0119.<\/p>\n<p data-start=\"1614\" data-end=\"1630\"><strong data-start=\"1614\" data-end=\"1624\">T\u016bris:<\/strong> 60 ml<\/p>\n","protected":false},"excerpt":{"rendered":"<p data-start=\"1779\" data-end=\"1809\">Po p\u012blingo ramunantis balzamas<\/p>\n<h2 data-start=\"1811\" data-end=\"1846\"><strong data-start=\"1811\" data-end=\"1846\">Circadia Post Peel Balm savyb\u0117s<\/strong><\/h2>\n<p data-start=\"1848\" data-end=\"2050\">\u2714\ufe0f Ramina ir atstato od\u0105<br data-start=\"1872\" data-end=\"1875\" \/>\u2714\ufe0f Suma\u017eina u\u017edegim\u0105 ir paraudim\u0105<br data-start=\"1908\" data-end=\"1911\" \/>\u2714\ufe0f Stiprina odos apsaugin\u012f barjer\u0105<br data-start=\"1945\" data-end=\"1948\" \/>\u2714\ufe0f Praturtintas maitinamaisiais aliejais ir ekstraktais<br data-start=\"2003\" data-end=\"2006\" \/>\u2714\ufe0f Padeda atkurti pusiausvyr\u0105 ir dr\u0117kinim\u0105<\/p>\n","protected":false},"featured_media":43951,"template":"","meta":[],"pwb-brand":[801],"product_brand":[],"product_cat":[738,746],"product_tag":[],"giftcard-category":[],"class_list":{"0":"post-43960","1":"product","2":"type-product","3":"status-publish","4":"has-post-thumbnail","6":"pwb-brand-circadia","7":"product_cat-drekinimas","8":"product_cat-jautriai-odai","10":"first","11":"instock","12":"taxable","13":"shipping-taxable","14":"purchasable","15":"product-type-simple"},"acf":[],"brands":[{"id":801,"name":"Circadia","slug":"circadia"}],"_links":{"self":[{"href":"https:\/\/skinstudio.ee\/lt\/wp-json\/wp\/v2\/product\/43960","targetHints":{"allow":["GET"]}}],"collection":[{"href":"https:\/\/skinstudio.ee\/lt\/wp-json\/wp\/v2\/product"}],"about":[{"href":"https:\/\/skinstudio.ee\/lt\/wp-json\/wp\/v2\/types\/product"}],"version-history":[{"count":0,"href":"https:\/\/skinstudio.ee\/lt\/wp-json\/wp\/v2\/product\/43960\/revisions"}],"wp:featuredmedia":[{"embeddable":true,"href":"https:\/\/skinstudio.ee\/lt\/wp-json\/wp\/v2\/media\/43951"}],"wp:attachment":[{"href":"https:\/\/skinstudio.ee\/lt\/wp-json\/wp\/v2\/media?parent=43960"}],"wp:term":[{"taxonomy":"pwb-brand","embeddable":true,"href":"https:\/\/skinstudio.ee\/lt\/wp-json\/wp\/v2\/pwb-brand?post=43960"},{"taxonomy":"product_brand","embeddable":true,"href":"https:\/\/skinstudio.ee\/lt\/wp-json\/wp\/v2\/product_brand?post=43960"},{"taxonomy":"product_cat","embeddable":true,"href":"https:\/\/skinstudio.ee\/lt\/wp-json\/wp\/v2\/product_cat?post=43960"},{"taxonomy":"product_tag","embeddable":true,"href":"https:\/\/skinstudio.ee\/lt\/wp-json\/wp\/v2\/product_tag?post=43960"},{"taxonomy":"giftcard-category","embeddable":true,"href":"https:\/\/skinstudio.ee\/lt\/wp-json\/wp\/v2\/giftcard-category?post=43960"}],"curies":[{"name":"wp","href":"https:\/\/api.w.org\/{rel}","templated":true}]}}