{"id":43976,"date":"2025-08-12T12:21:33","date_gmt":"2025-08-12T12:21:33","guid":{"rendered":"https:\/\/skinstudio.ee\/?post_type=product&#038;p=43976"},"modified":"2026-01-19T15:13:23","modified_gmt":"2026-01-19T15:13:23","slug":"aqua-biotic-balancing-moisturizer","status":"publish","type":"product","link":"https:\/\/skinstudio.ee\/lt\/catalog\/circadia\/aqua-biotic-balancing-moisturizer\/","title":{"rendered":"Aqua-Biotic Balancing Moisturizer"},"content":{"rendered":"<p data-start=\"1032\" data-end=\"1546\">Aqua-Biotic Balancing Moisturizer nuo Circadia yra dr\u0117kinamasis kremas, specialiai sukurtas odos dr\u0117gm\u0117s pusiausvyrai atkurti ir dr\u0117kinti. Kremas yra praturtintas probiotikais ir maitinamosiomis med\u017eiagomis, kurios padeda atkurti nat\u016bral\u0173 odos mikrobiom\u0105 ir sustiprinti jos apsaugin\u012f barjer\u0105. Kremas efektyviai ma\u017eina u\u017edegim\u0105 ir paraudim\u0105, dr\u0117kindamas ir atstatydamas od\u0105 po aplinkos veiksni\u0173 poveikio. Tinka visiems odos tipams, \u012fskaitant jautri\u0105 od\u0105, ir padeda i\u0161laikyti optimal\u0173 dr\u0117gm\u0117s lyg\u012f vis\u0105 dien\u0105.<\/p>\n<p data-start=\"1548\" data-end=\"1564\"><strong data-start=\"1548\" data-end=\"1558\">T\u016bris:<\/strong> 59 ml<\/p>\n","protected":false},"excerpt":{"rendered":"<p data-start=\"1713\" data-end=\"1750\">Dr\u0117kinamasis kremas odos pusiausvyrai<\/p>\n<h2 data-start=\"1752\" data-end=\"1806\"><strong data-start=\"1752\" data-end=\"1806\">Circadia Aqua-Biotic Balancing Moisturizer savyb\u0117s<\/strong><\/h2>\n<p data-start=\"1808\" data-end=\"2010\">\u2714\ufe0f Subalansuoja odos dr\u0117gm\u0117s lyg\u012f<br data-start=\"1841\" data-end=\"1844\" \/>\u2714\ufe0f Ramina ir atstato nat\u016bral\u0173 barjer\u0105<br data-start=\"1881\" data-end=\"1884\" \/>\u2714\ufe0f Suma\u017eina u\u017edegim\u0105 ir paraudim\u0105<br data-start=\"1917\" data-end=\"1920\" \/>\u2714\ufe0f Praturtintas probiotikais mikrobiomui atkurti<br data-start=\"1968\" data-end=\"1971\" \/>\u2714\ufe0f Stiprina odos apsaugines funkcijas<\/p>\n","protected":false},"featured_media":66214,"template":"","meta":[],"pwb-brand":[801],"product_brand":[],"product_cat":[742,738,746,750],"product_tag":[],"giftcard-category":[],"class_list":{"0":"post-43976","1":"product","2":"type-product","3":"status-publish","4":"has-post-thumbnail","6":"pwb-brand-circadia","7":"product_cat-berimai","8":"product_cat-drekinimas","9":"product_cat-jautriai-odai","10":"product_cat-senstanti-oda","12":"first","13":"instock","14":"taxable","15":"shipping-taxable","16":"purchasable","17":"product-type-simple"},"acf":[],"brands":[{"id":801,"name":"Circadia","slug":"circadia"}],"_links":{"self":[{"href":"https:\/\/skinstudio.ee\/lt\/wp-json\/wp\/v2\/product\/43976","targetHints":{"allow":["GET"]}}],"collection":[{"href":"https:\/\/skinstudio.ee\/lt\/wp-json\/wp\/v2\/product"}],"about":[{"href":"https:\/\/skinstudio.ee\/lt\/wp-json\/wp\/v2\/types\/product"}],"version-history":[{"count":0,"href":"https:\/\/skinstudio.ee\/lt\/wp-json\/wp\/v2\/product\/43976\/revisions"}],"wp:featuredmedia":[{"embeddable":true,"href":"https:\/\/skinstudio.ee\/lt\/wp-json\/wp\/v2\/media\/66214"}],"wp:attachment":[{"href":"https:\/\/skinstudio.ee\/lt\/wp-json\/wp\/v2\/media?parent=43976"}],"wp:term":[{"taxonomy":"pwb-brand","embeddable":true,"href":"https:\/\/skinstudio.ee\/lt\/wp-json\/wp\/v2\/pwb-brand?post=43976"},{"taxonomy":"product_brand","embeddable":true,"href":"https:\/\/skinstudio.ee\/lt\/wp-json\/wp\/v2\/product_brand?post=43976"},{"taxonomy":"product_cat","embeddable":true,"href":"https:\/\/skinstudio.ee\/lt\/wp-json\/wp\/v2\/product_cat?post=43976"},{"taxonomy":"product_tag","embeddable":true,"href":"https:\/\/skinstudio.ee\/lt\/wp-json\/wp\/v2\/product_tag?post=43976"},{"taxonomy":"giftcard-category","embeddable":true,"href":"https:\/\/skinstudio.ee\/lt\/wp-json\/wp\/v2\/giftcard-category?post=43976"}],"curies":[{"name":"wp","href":"https:\/\/api.w.org\/{rel}","templated":true}]}}