{"id":43992,"date":"2025-08-12T12:30:01","date_gmt":"2025-08-12T12:30:01","guid":{"rendered":"https:\/\/skinstudio.ee\/?post_type=product&#038;p=43992"},"modified":"2026-01-19T15:13:26","modified_gmt":"2026-01-19T15:13:26","slug":"white-willow-juniper-clearing-mist","status":"publish","type":"product","link":"https:\/\/skinstudio.ee\/lt\/catalog\/circadia\/white-willow-juniper-clearing-mist\/","title":{"rendered":"White Willow &#038; Juniper Clearing Mist"},"content":{"rendered":"<p data-start=\"1013\" data-end=\"1401\">\u0160is gaivus pur\u0161kiklis, kuriame yra baltosios gluosnio, kadagio, raudonojo dobilo ir piev\u0173 salier\u0173 ekstrakt\u0173, padeda suma\u017einti odos riebal\u0173 kiek\u012f ir spuog\u0173 matomum\u0105. \u0160is pur\u0161kiklis aktyviai valo od\u0105, atkuria jos pusiausvyr\u0105 ir padeda u\u017ekirsti keli\u0105 naujiems u\u017edegimams. Taip pat turi raminan\u010dio poveikio, tod\u0117l puikiai tinka jautriai odai, linkusiai \u012f per didel\u012f riebum\u0105 ir spuogus.<\/p>\n<p data-start=\"1403\" data-end=\"1420\"><strong data-start=\"1403\" data-end=\"1413\">T\u016bris:<\/strong> 118 ml<\/p>\n<p data-start=\"1422\" data-end=\"1599\">\n","protected":false},"excerpt":{"rendered":"<p data-start=\"1601\" data-end=\"1631\">Gaivus pur\u0161kiklis odos valymui<\/p>\n<h2 data-start=\"1633\" data-end=\"1690\"><strong data-start=\"1633\" data-end=\"1690\">Circadia White Willow &amp; Juniper Clearing Mist savyb\u0117s<\/strong><\/h2>\n<p data-start=\"1692\" data-end=\"1911\">\u2714\ufe0f Padeda suma\u017einti odos riebum\u0105<br data-start=\"1724\" data-end=\"1727\" \/>\u2714\ufe0f Ma\u017eina spuog\u0173 ir paraudimo matomum\u0105<br data-start=\"1765\" data-end=\"1768\" \/>\u2714\ufe0f Valo ir gaivina od\u0105<br data-start=\"1790\" data-end=\"1793\" \/>\u2714\ufe0f Sud\u0117tyje yra baltosios gluosnio, kadagio ir raudonojo dobilo ekstrakt\u0173<br data-start=\"1866\" data-end=\"1869\" \/>\u2714\ufe0f Ramina od\u0105 ir atkuria jos pusiausvyr\u0105<\/p>\n","protected":false},"featured_media":43983,"template":"","meta":[],"pwb-brand":[801],"product_brand":[],"product_cat":[742,746,748,722],"product_tag":[],"giftcard-category":[],"class_list":{"0":"post-43992","1":"product","2":"type-product","3":"status-publish","4":"has-post-thumbnail","6":"pwb-brand-circadia","7":"product_cat-berimai","8":"product_cat-jautriai-odai","9":"product_cat-taukainai-adai-lt","10":"product_cat-toneriai","12":"first","13":"instock","14":"taxable","15":"shipping-taxable","16":"purchasable","17":"product-type-simple"},"acf":[],"brands":[{"id":801,"name":"Circadia","slug":"circadia"}],"_links":{"self":[{"href":"https:\/\/skinstudio.ee\/lt\/wp-json\/wp\/v2\/product\/43992","targetHints":{"allow":["GET"]}}],"collection":[{"href":"https:\/\/skinstudio.ee\/lt\/wp-json\/wp\/v2\/product"}],"about":[{"href":"https:\/\/skinstudio.ee\/lt\/wp-json\/wp\/v2\/types\/product"}],"version-history":[{"count":0,"href":"https:\/\/skinstudio.ee\/lt\/wp-json\/wp\/v2\/product\/43992\/revisions"}],"wp:featuredmedia":[{"embeddable":true,"href":"https:\/\/skinstudio.ee\/lt\/wp-json\/wp\/v2\/media\/43983"}],"wp:attachment":[{"href":"https:\/\/skinstudio.ee\/lt\/wp-json\/wp\/v2\/media?parent=43992"}],"wp:term":[{"taxonomy":"pwb-brand","embeddable":true,"href":"https:\/\/skinstudio.ee\/lt\/wp-json\/wp\/v2\/pwb-brand?post=43992"},{"taxonomy":"product_brand","embeddable":true,"href":"https:\/\/skinstudio.ee\/lt\/wp-json\/wp\/v2\/product_brand?post=43992"},{"taxonomy":"product_cat","embeddable":true,"href":"https:\/\/skinstudio.ee\/lt\/wp-json\/wp\/v2\/product_cat?post=43992"},{"taxonomy":"product_tag","embeddable":true,"href":"https:\/\/skinstudio.ee\/lt\/wp-json\/wp\/v2\/product_tag?post=43992"},{"taxonomy":"giftcard-category","embeddable":true,"href":"https:\/\/skinstudio.ee\/lt\/wp-json\/wp\/v2\/giftcard-category?post=43992"}],"curies":[{"name":"wp","href":"https:\/\/api.w.org\/{rel}","templated":true}]}}