{"id":44008,"date":"2025-08-12T12:38:44","date_gmt":"2025-08-12T12:38:44","guid":{"rendered":"https:\/\/skinstudio.ee\/?post_type=product&#038;p=44008"},"modified":"2026-01-19T15:13:24","modified_gmt":"2026-01-19T15:13:24","slug":"daytime-control-lotion","status":"publish","type":"product","link":"https:\/\/skinstudio.ee\/lt\/catalog\/circadia\/daytime-control-lotion\/","title":{"rendered":"Daytime Control Lotion"},"content":{"rendered":"<p data-start=\"1021\" data-end=\"1419\">\u0160is lengvas dr\u0117kinamasis kremas turi patentuot\u0105 antimikrobinio peptido kompleks\u0105 su tripeptidu, kuris stiprina odos nat\u016bralius apsaugos mechanizmus. Lignanai ir fitosteroliai padeda kontroliuoti ir suma\u017einti riebal\u0173 gamyb\u0105, ypa\u010d T zonoje, tuo tarpu augal\u0173 ekstraktai ramina ir lygina od\u0105. \u0160is kremas puikiai tinka naudoti dienos metu, suteikiant matin\u012f efekt\u0105 ir dr\u0117kinim\u0105, nesunkinant odos.<\/p>\n<p data-start=\"1421\" data-end=\"1437\"><strong data-start=\"1421\" data-end=\"1431\">T\u016bris:<\/strong> 59 ml<\/p>\n","protected":false},"excerpt":{"rendered":"<p data-start=\"1640\" data-end=\"1664\">Riebal\u0173 kontrol\u0117s kremas<\/p>\n<h2 data-start=\"1666\" data-end=\"1709\"><strong data-start=\"1666\" data-end=\"1709\">Circadia Daytime Control Lotion savyb\u0117s<\/strong><\/h2>\n<p data-start=\"1711\" data-end=\"1940\">\u2714\ufe0f Dr\u0117kina ir kontroliuoja riebal\u0173 gamyb\u0105<br data-start=\"1752\" data-end=\"1755\" \/>\u2714\ufe0f Suma\u017eina odos riebum\u0105, ypa\u010d T zonoje<br data-start=\"1794\" data-end=\"1797\" \/>\u2714\ufe0f Stiprina odos nat\u016brali\u0105 apsaug\u0105<br data-start=\"1831\" data-end=\"1834\" \/>\u2714\ufe0f Praturtintas augal\u0173 ekstraktais, ramina od\u0105<br data-start=\"1880\" data-end=\"1883\" \/>\u2714\ufe0f Padeda atkurti odos pusiausvyr\u0105 ir apsaugin\u012f barjer\u0105<\/p>\n","protected":false},"featured_media":66209,"template":"","meta":[],"pwb-brand":[801],"product_brand":[],"product_cat":[738,748],"product_tag":[],"giftcard-category":[],"class_list":{"0":"post-44008","1":"product","2":"type-product","3":"status-publish","4":"has-post-thumbnail","6":"pwb-brand-circadia","7":"product_cat-drekinimas","8":"product_cat-taukainai-adai-lt","10":"first","11":"instock","12":"taxable","13":"shipping-taxable","14":"purchasable","15":"product-type-simple"},"acf":[],"brands":[{"id":801,"name":"Circadia","slug":"circadia"}],"_links":{"self":[{"href":"https:\/\/skinstudio.ee\/lt\/wp-json\/wp\/v2\/product\/44008","targetHints":{"allow":["GET"]}}],"collection":[{"href":"https:\/\/skinstudio.ee\/lt\/wp-json\/wp\/v2\/product"}],"about":[{"href":"https:\/\/skinstudio.ee\/lt\/wp-json\/wp\/v2\/types\/product"}],"version-history":[{"count":0,"href":"https:\/\/skinstudio.ee\/lt\/wp-json\/wp\/v2\/product\/44008\/revisions"}],"wp:featuredmedia":[{"embeddable":true,"href":"https:\/\/skinstudio.ee\/lt\/wp-json\/wp\/v2\/media\/66209"}],"wp:attachment":[{"href":"https:\/\/skinstudio.ee\/lt\/wp-json\/wp\/v2\/media?parent=44008"}],"wp:term":[{"taxonomy":"pwb-brand","embeddable":true,"href":"https:\/\/skinstudio.ee\/lt\/wp-json\/wp\/v2\/pwb-brand?post=44008"},{"taxonomy":"product_brand","embeddable":true,"href":"https:\/\/skinstudio.ee\/lt\/wp-json\/wp\/v2\/product_brand?post=44008"},{"taxonomy":"product_cat","embeddable":true,"href":"https:\/\/skinstudio.ee\/lt\/wp-json\/wp\/v2\/product_cat?post=44008"},{"taxonomy":"product_tag","embeddable":true,"href":"https:\/\/skinstudio.ee\/lt\/wp-json\/wp\/v2\/product_tag?post=44008"},{"taxonomy":"giftcard-category","embeddable":true,"href":"https:\/\/skinstudio.ee\/lt\/wp-json\/wp\/v2\/giftcard-category?post=44008"}],"curies":[{"name":"wp","href":"https:\/\/api.w.org\/{rel}","templated":true}]}}