{"id":44025,"date":"2025-08-12T12:45:56","date_gmt":"2025-08-12T12:45:56","guid":{"rendered":"https:\/\/skinstudio.ee\/?post_type=product&#038;p=44025"},"modified":"2026-01-19T15:13:25","modified_gmt":"2026-01-19T15:13:25","slug":"nighttime-control","status":"publish","type":"product","link":"https:\/\/skinstudio.ee\/lt\/catalog\/circadia\/nighttime-control\/","title":{"rendered":"Nighttime Control"},"content":{"rendered":"<p data-start=\"1076\" data-end=\"1435\">Nighttime Control yra sukurtas su specialia benzolio peroksido forma, kuri yra ma\u017eiau dirginanti odai. \u0160is komponentas \u012fsiskverbia \u012f poras ir kovoja su bakterijomis P. acne, kurios yra pagrindin\u0117 u\u017edegim\u0173 ir spuog\u0173 atsiradimo prie\u017eastis. Produktas ne tik i\u0161valo poras, bet ir padeda atkurti odos sveikat\u0105, u\u017ekirsti keli\u0105 tolesniam i\u0161b\u0117rim\u0173 atsiradimui.<\/p>\n<p data-start=\"1437\" data-end=\"1453\"><strong data-start=\"1437\" data-end=\"1447\">T\u016bris:<\/strong> 59 ml<\/p>\n","protected":false},"excerpt":{"rendered":"<p data-start=\"1746\" data-end=\"1774\">Spuog\u0173 kovos naktinis kremas<\/p>\n<h2 data-start=\"1776\" data-end=\"1814\"><strong data-start=\"1776\" data-end=\"1814\">Circadia Nighttime Control savyb\u0117s<\/strong><\/h2>\n<p data-start=\"1816\" data-end=\"2109\">\u2714\ufe0f Suma\u017eina u\u017edegim\u0105 ir u\u017ekerta keli\u0105 nauj\u0173 i\u0161b\u0117rim\u0173 atsiradimui<br data-start=\"1880\" data-end=\"1883\" \/>\u2714\ufe0f Kovoja su spuogus sukelian\u010diomis bakterijomis<br data-start=\"1931\" data-end=\"1934\" \/>\u2714\ufe0f \u012esiskverbia \u012f poras ir i\u0161valo jas nuo ne\u0161varum\u0173<br data-start=\"1984\" data-end=\"1987\" \/>\u2714\ufe0f Praturtintas specialia benzolio peroksido forma, ma\u017eiau dirginan\u010dia odai<br data-start=\"2062\" data-end=\"2065\" \/>\u2714\ufe0f Padeda atkurti odos sveikat\u0105 ir \u0161varum\u0105<\/p>\n","protected":false},"featured_media":44015,"template":"","meta":[],"pwb-brand":[801],"product_brand":[],"product_cat":[742,738,746],"product_tag":[],"giftcard-category":[],"class_list":{"0":"post-44025","1":"product","2":"type-product","3":"status-publish","4":"has-post-thumbnail","6":"pwb-brand-circadia","7":"product_cat-berimai","8":"product_cat-drekinimas","9":"product_cat-jautriai-odai","11":"first","12":"instock","13":"taxable","14":"shipping-taxable","15":"purchasable","16":"product-type-simple"},"acf":[],"brands":[{"id":801,"name":"Circadia","slug":"circadia"}],"_links":{"self":[{"href":"https:\/\/skinstudio.ee\/lt\/wp-json\/wp\/v2\/product\/44025","targetHints":{"allow":["GET"]}}],"collection":[{"href":"https:\/\/skinstudio.ee\/lt\/wp-json\/wp\/v2\/product"}],"about":[{"href":"https:\/\/skinstudio.ee\/lt\/wp-json\/wp\/v2\/types\/product"}],"version-history":[{"count":0,"href":"https:\/\/skinstudio.ee\/lt\/wp-json\/wp\/v2\/product\/44025\/revisions"}],"wp:featuredmedia":[{"embeddable":true,"href":"https:\/\/skinstudio.ee\/lt\/wp-json\/wp\/v2\/media\/44015"}],"wp:attachment":[{"href":"https:\/\/skinstudio.ee\/lt\/wp-json\/wp\/v2\/media?parent=44025"}],"wp:term":[{"taxonomy":"pwb-brand","embeddable":true,"href":"https:\/\/skinstudio.ee\/lt\/wp-json\/wp\/v2\/pwb-brand?post=44025"},{"taxonomy":"product_brand","embeddable":true,"href":"https:\/\/skinstudio.ee\/lt\/wp-json\/wp\/v2\/product_brand?post=44025"},{"taxonomy":"product_cat","embeddable":true,"href":"https:\/\/skinstudio.ee\/lt\/wp-json\/wp\/v2\/product_cat?post=44025"},{"taxonomy":"product_tag","embeddable":true,"href":"https:\/\/skinstudio.ee\/lt\/wp-json\/wp\/v2\/product_tag?post=44025"},{"taxonomy":"giftcard-category","embeddable":true,"href":"https:\/\/skinstudio.ee\/lt\/wp-json\/wp\/v2\/giftcard-category?post=44025"}],"curies":[{"name":"wp","href":"https:\/\/api.w.org\/{rel}","templated":true}]}}