{"id":44040,"date":"2025-08-12T12:52:11","date_gmt":"2025-08-12T12:52:11","guid":{"rendered":"https:\/\/skinstudio.ee\/?post_type=product&#038;p=44040"},"modified":"2026-01-19T15:13:25","modified_gmt":"2026-01-19T15:13:25","slug":"spot-stop","status":"publish","type":"product","link":"https:\/\/skinstudio.ee\/lt\/catalog\/circadia\/spot-stop\/","title":{"rendered":"Spot Stop"},"content":{"rendered":"<p data-start=\"923\" data-end=\"1330\">Efektyvus serumas kovai su akne ir hiperpigmentacijos susidarymo prevencijai. Jis ramina ir atv\u0117sina od\u0105, ma\u017eina u\u017edegim\u0105 ir reakcij\u0105. Augal\u0173 ekstraktai turi antimikrobin\u012f poveik\u012f. Galingi antioksidantai suteikia apsaug\u0105 nuo laisv\u0173j\u0173 radikal\u0173 ir neleid\u017eia odai pa\u017eeisti UV spinduli\u0173 ir cheminiams veiksniams. Kamparas ir mentolis ma\u017eina fizin\u012f diskomfort\u0105, pa\u0161alindami paraudim\u0105, deginim\u0105 ir nie\u017eul\u012f.<\/p>\n<p data-start=\"1332\" data-end=\"1348\"><strong data-start=\"1332\" data-end=\"1342\">T\u016bris:<\/strong> 15 ml<\/p>\n","protected":false},"excerpt":{"rendered":"<p data-start=\"1501\" data-end=\"1518\">Serumas nuo akn\u0117s<\/p>\n<h2 data-start=\"1520\" data-end=\"1550\"><strong data-start=\"1520\" data-end=\"1550\">Circadia Spot Stop savyb\u0117s<\/strong><\/h2>\n<p data-start=\"1552\" data-end=\"1778\">\u2714\ufe0f Suma\u017eina d\u0117mi\u0173 ir postakne matomum\u0105<br data-start=\"1590\" data-end=\"1593\" \/>\u2714\ufe0f Pa\u0161alina u\u017edegimus ir paraudim\u0105<br data-start=\"1627\" data-end=\"1630\" \/>\u2714\ufe0f Susiaurina poras ir reguliuoja riebal\u0173 gamyb\u0105<br data-start=\"1678\" data-end=\"1681\" \/>\u2714\ufe0f Praturtintas antiseptin\u0117mis ir raminan\u010diomis med\u017eiagomis<br data-start=\"1740\" data-end=\"1743\" \/>\u2714\ufe0f Padeda pagreitinti odos gijim\u0105<\/p>\n","protected":false},"featured_media":66204,"template":"","meta":[],"pwb-brand":[801],"product_brand":[],"product_cat":[742,746,752,724,748],"product_tag":[],"giftcard-category":[],"class_list":{"0":"post-44040","1":"product","2":"type-product","3":"status-publish","4":"has-post-thumbnail","6":"pwb-brand-circadia","7":"product_cat-berimai","8":"product_cat-jautriai-odai","9":"product_cat-pigmentacija-lt","10":"product_cat-serumai","11":"product_cat-taukainai-adai-lt","13":"first","14":"instock","15":"taxable","16":"shipping-taxable","17":"purchasable","18":"product-type-simple"},"acf":[],"brands":[{"id":801,"name":"Circadia","slug":"circadia"}],"_links":{"self":[{"href":"https:\/\/skinstudio.ee\/lt\/wp-json\/wp\/v2\/product\/44040","targetHints":{"allow":["GET"]}}],"collection":[{"href":"https:\/\/skinstudio.ee\/lt\/wp-json\/wp\/v2\/product"}],"about":[{"href":"https:\/\/skinstudio.ee\/lt\/wp-json\/wp\/v2\/types\/product"}],"version-history":[{"count":0,"href":"https:\/\/skinstudio.ee\/lt\/wp-json\/wp\/v2\/product\/44040\/revisions"}],"wp:featuredmedia":[{"embeddable":true,"href":"https:\/\/skinstudio.ee\/lt\/wp-json\/wp\/v2\/media\/66204"}],"wp:attachment":[{"href":"https:\/\/skinstudio.ee\/lt\/wp-json\/wp\/v2\/media?parent=44040"}],"wp:term":[{"taxonomy":"pwb-brand","embeddable":true,"href":"https:\/\/skinstudio.ee\/lt\/wp-json\/wp\/v2\/pwb-brand?post=44040"},{"taxonomy":"product_brand","embeddable":true,"href":"https:\/\/skinstudio.ee\/lt\/wp-json\/wp\/v2\/product_brand?post=44040"},{"taxonomy":"product_cat","embeddable":true,"href":"https:\/\/skinstudio.ee\/lt\/wp-json\/wp\/v2\/product_cat?post=44040"},{"taxonomy":"product_tag","embeddable":true,"href":"https:\/\/skinstudio.ee\/lt\/wp-json\/wp\/v2\/product_tag?post=44040"},{"taxonomy":"giftcard-category","embeddable":true,"href":"https:\/\/skinstudio.ee\/lt\/wp-json\/wp\/v2\/giftcard-category?post=44040"}],"curies":[{"name":"wp","href":"https:\/\/api.w.org\/{rel}","templated":true}]}}