{"id":44130,"date":"2025-08-13T13:24:46","date_gmt":"2025-08-13T13:24:46","guid":{"rendered":"https:\/\/skinstudio.ee\/?post_type=product&#038;p=44130"},"modified":"2026-01-19T15:13:24","modified_gmt":"2026-01-19T15:13:24","slug":"licorice-bearberry-brightening-mist","status":"publish","type":"product","link":"https:\/\/skinstudio.ee\/lt\/catalog\/circadia\/licorice-bearberry-brightening-mist\/","title":{"rendered":"Licorice &#038; Bearberry Brightening Mist"},"content":{"rendered":"<p data-start=\"879\" data-end=\"1207\">\u0160i unikali derinama lakrica, me\u0161kumbis ir kit\u0173 augal\u0173 ekstrakt\u0173 kombinacija efektyviai \u0161viesina od\u0105, ma\u017eina pigmentacijos matomum\u0105, lygina odos ton\u0105 ir suteikia nat\u016bral\u0173 spindes\u012f. Produktas slopina tirozinaz\u0117s ir melanino gamyb\u0105, skatina odos dr\u0117kinim\u0105 ir mink\u0161tinim\u0105, taip pat gali b\u016bti naudojamas tamsi\u0173 d\u0117mi\u0173 profilaktikai.<\/p>\n<p data-start=\"1209\" data-end=\"1228\"><strong data-start=\"1209\" data-end=\"1219\">T\u016bris:<\/strong> 118 ml<\/p>\n","protected":false},"excerpt":{"rendered":"<p data-start=\"1318\" data-end=\"1353\">Gaivus pur\u0161kalas spindin\u010diai odai<\/p>\n<h2 data-start=\"1355\" data-end=\"1620\"><strong data-start=\"1355\" data-end=\"1413\">Circadia Licorice &amp; Bearberry Brightening Mist savyb\u0117s<\/strong><\/h2>\n<p data-start=\"1355\" data-end=\"1620\" data-is-last-node=\"\" data-is-only-node=\"\">\u2714\ufe0f \u0160viesina ir lygina odos ton\u0105<br data-start=\"1447\" data-end=\"1450\" \/>\u2714\ufe0f Ma\u017eina tamsi\u0173 d\u0117mi\u0173 matomum\u0105<br data-start=\"1481\" data-end=\"1484\" \/>\u2714\ufe0f Dr\u0117kina ir tonizuoja od\u0105<br data-start=\"1511\" data-end=\"1514\" \/>\u2714\ufe0f Praturtintas lakricos ir me\u0161kumbio ekstraktais<br data-start=\"1563\" data-end=\"1566\" \/>\u2714\ufe0f Apsaugo nuo laisv\u0173j\u0173 radikal\u0173 ir i\u0161orini\u0173 dirgikli\u0173<\/p>\n","protected":false},"featured_media":44120,"template":"","meta":[],"pwb-brand":[801],"product_brand":[],"product_cat":[752,750,722],"product_tag":[],"giftcard-category":[],"class_list":{"0":"post-44130","1":"product","2":"type-product","3":"status-publish","4":"has-post-thumbnail","6":"pwb-brand-circadia","7":"product_cat-pigmentacija-lt","8":"product_cat-senstanti-oda","9":"product_cat-toneriai","11":"first","12":"instock","13":"taxable","14":"shipping-taxable","15":"purchasable","16":"product-type-simple"},"acf":[],"brands":[{"id":801,"name":"Circadia","slug":"circadia"}],"_links":{"self":[{"href":"https:\/\/skinstudio.ee\/lt\/wp-json\/wp\/v2\/product\/44130","targetHints":{"allow":["GET"]}}],"collection":[{"href":"https:\/\/skinstudio.ee\/lt\/wp-json\/wp\/v2\/product"}],"about":[{"href":"https:\/\/skinstudio.ee\/lt\/wp-json\/wp\/v2\/types\/product"}],"version-history":[{"count":0,"href":"https:\/\/skinstudio.ee\/lt\/wp-json\/wp\/v2\/product\/44130\/revisions"}],"wp:featuredmedia":[{"embeddable":true,"href":"https:\/\/skinstudio.ee\/lt\/wp-json\/wp\/v2\/media\/44120"}],"wp:attachment":[{"href":"https:\/\/skinstudio.ee\/lt\/wp-json\/wp\/v2\/media?parent=44130"}],"wp:term":[{"taxonomy":"pwb-brand","embeddable":true,"href":"https:\/\/skinstudio.ee\/lt\/wp-json\/wp\/v2\/pwb-brand?post=44130"},{"taxonomy":"product_brand","embeddable":true,"href":"https:\/\/skinstudio.ee\/lt\/wp-json\/wp\/v2\/product_brand?post=44130"},{"taxonomy":"product_cat","embeddable":true,"href":"https:\/\/skinstudio.ee\/lt\/wp-json\/wp\/v2\/product_cat?post=44130"},{"taxonomy":"product_tag","embeddable":true,"href":"https:\/\/skinstudio.ee\/lt\/wp-json\/wp\/v2\/product_tag?post=44130"},{"taxonomy":"giftcard-category","embeddable":true,"href":"https:\/\/skinstudio.ee\/lt\/wp-json\/wp\/v2\/giftcard-category?post=44130"}],"curies":[{"name":"wp","href":"https:\/\/api.w.org\/{rel}","templated":true}]}}