{"id":44147,"date":"2025-08-13T13:35:28","date_gmt":"2025-08-13T13:35:28","guid":{"rendered":"https:\/\/skinstudio.ee\/?post_type=product&#038;p=44147"},"modified":"2026-01-19T15:13:24","modified_gmt":"2026-01-19T15:13:24","slug":"bright-white-serum","status":"publish","type":"product","link":"https:\/\/skinstudio.ee\/lt\/catalog\/circadia\/bright-white-serum\/","title":{"rendered":"Bright White Serum"},"content":{"rendered":"<p data-start=\"1068\" data-end=\"1602\">\u0160i lengva priemon\u0117 turi galing\u0173 antioksidant\u0173 ir melanino sintez\u0117s inhibitori\u0173, kurie veiksmingai \u0161viesina od\u0105 ir suma\u017eina hiperpigmentacijos atsiradim\u0105. Serumas padeda i\u0161lyginti odos ton\u0105, suma\u017eina tamsi\u0173 d\u0117mi\u0173 matomum\u0105 ir u\u017ekerta keli\u0105 nauj\u0173 atsiradimui, tuo pa\u010diu apsaugodamas od\u0105 nuo laisv\u0173j\u0173 radikal\u0173 ir i\u0161orini\u0173 dirgikli\u0173 poveikio. Reguliarus naudojimas u\u017etikrina pastebim\u0105 odos tono ir tekst\u016bros pager\u0117jim\u0105, suteikdamas odai spindesio, sveikumo ir pri\u017ei\u016br\u0117tos i\u0161vaizdos, taip pat gaivumo ir komforto poj\u016bt\u012f.<\/p>\n<p data-start=\"1604\" data-end=\"1620\"><strong data-start=\"1604\" data-end=\"1620\">T\u016bris: 15 ml<\/strong><\/p>\n","protected":false},"excerpt":{"rendered":"<p data-start=\"1706\" data-end=\"1723\">Skaistumo serumas<\/p>\n<h2 data-start=\"1725\" data-end=\"2033\"><strong data-start=\"1725\" data-end=\"1764\">Circadia Bright White Serum savyb\u0117s<\/strong><\/h2>\n<p data-start=\"1725\" data-end=\"2033\">\u2714\ufe0f \u0160viesina pigmentines d\u0117mes ir i\u0161lygina odos ton\u0105<br data-start=\"1818\" data-end=\"1821\" \/>\u2714\ufe0f Ma\u017eina tamsi\u0173 d\u0117mi\u0173 ir spuog\u0173 \u017eymi\u0173 matomum\u0105<br data-start=\"1868\" data-end=\"1871\" \/>\u2714\ufe0f Praturtintas galingais antioksidantais odos apsaugai<br data-start=\"1926\" data-end=\"1929\" \/>\u2714\ufe0f U\u017ekerta keli\u0105 nauj\u0173 pigmentuot\u0173 viet\u0173 atsiradimui<br data-start=\"1981\" data-end=\"1984\" \/>\u2714\ufe0f Palieka od\u0105 spindin\u010di\u0105, gaivi\u0105 ir pri\u017ei\u016br\u0117t\u0105<\/p>\n","protected":false},"featured_media":66199,"template":"","meta":[],"pwb-brand":[801],"product_brand":[],"product_cat":[752,724],"product_tag":[],"giftcard-category":[],"class_list":{"0":"post-44147","1":"product","2":"type-product","3":"status-publish","4":"has-post-thumbnail","6":"pwb-brand-circadia","7":"product_cat-pigmentacija","8":"product_cat-serumai","10":"first","11":"instock","12":"taxable","13":"shipping-taxable","14":"purchasable","15":"product-type-simple"},"acf":[],"brands":[{"id":801,"name":"Circadia","slug":"circadia"}],"_links":{"self":[{"href":"https:\/\/skinstudio.ee\/lt\/wp-json\/wp\/v2\/product\/44147","targetHints":{"allow":["GET"]}}],"collection":[{"href":"https:\/\/skinstudio.ee\/lt\/wp-json\/wp\/v2\/product"}],"about":[{"href":"https:\/\/skinstudio.ee\/lt\/wp-json\/wp\/v2\/types\/product"}],"version-history":[{"count":0,"href":"https:\/\/skinstudio.ee\/lt\/wp-json\/wp\/v2\/product\/44147\/revisions"}],"wp:featuredmedia":[{"embeddable":true,"href":"https:\/\/skinstudio.ee\/lt\/wp-json\/wp\/v2\/media\/66199"}],"wp:attachment":[{"href":"https:\/\/skinstudio.ee\/lt\/wp-json\/wp\/v2\/media?parent=44147"}],"wp:term":[{"taxonomy":"pwb-brand","embeddable":true,"href":"https:\/\/skinstudio.ee\/lt\/wp-json\/wp\/v2\/pwb-brand?post=44147"},{"taxonomy":"product_brand","embeddable":true,"href":"https:\/\/skinstudio.ee\/lt\/wp-json\/wp\/v2\/product_brand?post=44147"},{"taxonomy":"product_cat","embeddable":true,"href":"https:\/\/skinstudio.ee\/lt\/wp-json\/wp\/v2\/product_cat?post=44147"},{"taxonomy":"product_tag","embeddable":true,"href":"https:\/\/skinstudio.ee\/lt\/wp-json\/wp\/v2\/product_tag?post=44147"},{"taxonomy":"giftcard-category","embeddable":true,"href":"https:\/\/skinstudio.ee\/lt\/wp-json\/wp\/v2\/giftcard-category?post=44147"}],"curies":[{"name":"wp","href":"https:\/\/api.w.org\/{rel}","templated":true}]}}