{"id":44162,"date":"2025-08-13T13:51:51","date_gmt":"2025-08-13T13:51:51","guid":{"rendered":"https:\/\/skinstudio.ee\/?post_type=product&#038;p=44162"},"modified":"2026-01-19T15:13:26","modified_gmt":"2026-01-19T15:13:26","slug":"white-veil-brightener","status":"publish","type":"product","link":"https:\/\/skinstudio.ee\/lt\/catalog\/circadia\/white-veil-brightener\/","title":{"rendered":"White Veil Brightener"},"content":{"rendered":"<p data-start=\"1080\" data-end=\"1555\">\u0160is lengvas, \u0161ilkin\u0117s, greitai \u012fsigerian\u010dios losjonas turi SepiWhite MSH, Chromabright ir \u00df-White \u2014 komponentus, kuri\u0173 veiksmingumas odos pa\u0161viesinimui ir hiperpigmentacijos ma\u017einimui patvirtintas klinikiniais tyrimais. Produktas padeda i\u0161lyginti odos atspalv\u012f, suma\u017einti tamsi\u0173 d\u0117mi\u0173 matomum\u0105 ir suteikti odai gaiv\u0173, spindint\u012f vaizd\u0105. Reguliarus naudojimas palaiko nat\u016bral\u0173 odos spindes\u012f, padaro j\u0105 lygi\u0105 ir pri\u017ei\u016br\u0117t\u0105, apsaugo nuo laisv\u0173j\u0173 radikal\u0173 ir i\u0161orini\u0173 dirgikli\u0173.<\/p>\n<p data-start=\"1557\" data-end=\"1575\"><strong data-start=\"1557\" data-end=\"1567\">T\u016bris:<\/strong> 59 ml<\/p>\n","protected":false},"excerpt":{"rendered":"<p data-start=\"1749\" data-end=\"1776\">Odos \u0161viesinimo prie\u017ei\u016bra<\/p>\n<h2 data-start=\"1778\" data-end=\"1822\"><strong data-start=\"1778\" data-end=\"1820\">Circadia White Veil Brightener savyb\u0117s<\/strong><\/h2>\n<p data-start=\"1824\" data-end=\"2089\" data-is-last-node=\"\" data-is-only-node=\"\">\u2714\ufe0f I\u0161lygina odos atspalv\u012f ir pa\u0161viesina pigmentacij\u0105<br data-start=\"1876\" data-end=\"1879\" \/>\u2714\ufe0f Suma\u017eina tamsi\u0173 d\u0117mi\u0173 ir post-akn\u0117s matomum\u0105<br data-start=\"1926\" data-end=\"1929\" \/>\u2714\ufe0f Praturtintas antioksidantais odos apsaugai<br data-start=\"1974\" data-end=\"1977\" \/>\u2714\ufe0f U\u017ekerta keli\u0105 nauj\u0173 pigmentuot\u0173 d\u0117mi\u0173 atsiradimui<br data-start=\"2029\" data-end=\"2032\" \/>\u2714\ufe0f Suteikia odai spindes\u012f, gaivum\u0105 ir pri\u017ei\u016br\u0117t\u0105 i\u0161vaizd\u0105<\/p>\n","protected":false},"featured_media":66194,"template":"","meta":[],"pwb-brand":[801],"product_brand":[],"product_cat":[738,752],"product_tag":[],"giftcard-category":[],"class_list":{"0":"post-44162","1":"product","2":"type-product","3":"status-publish","4":"has-post-thumbnail","6":"pwb-brand-circadia","7":"product_cat-drekinimas","8":"product_cat-pigmentacija-lt","10":"first","11":"instock","12":"taxable","13":"shipping-taxable","14":"purchasable","15":"product-type-simple"},"acf":[],"brands":[{"id":801,"name":"Circadia","slug":"circadia"}],"_links":{"self":[{"href":"https:\/\/skinstudio.ee\/lt\/wp-json\/wp\/v2\/product\/44162","targetHints":{"allow":["GET"]}}],"collection":[{"href":"https:\/\/skinstudio.ee\/lt\/wp-json\/wp\/v2\/product"}],"about":[{"href":"https:\/\/skinstudio.ee\/lt\/wp-json\/wp\/v2\/types\/product"}],"version-history":[{"count":0,"href":"https:\/\/skinstudio.ee\/lt\/wp-json\/wp\/v2\/product\/44162\/revisions"}],"wp:featuredmedia":[{"embeddable":true,"href":"https:\/\/skinstudio.ee\/lt\/wp-json\/wp\/v2\/media\/66194"}],"wp:attachment":[{"href":"https:\/\/skinstudio.ee\/lt\/wp-json\/wp\/v2\/media?parent=44162"}],"wp:term":[{"taxonomy":"pwb-brand","embeddable":true,"href":"https:\/\/skinstudio.ee\/lt\/wp-json\/wp\/v2\/pwb-brand?post=44162"},{"taxonomy":"product_brand","embeddable":true,"href":"https:\/\/skinstudio.ee\/lt\/wp-json\/wp\/v2\/product_brand?post=44162"},{"taxonomy":"product_cat","embeddable":true,"href":"https:\/\/skinstudio.ee\/lt\/wp-json\/wp\/v2\/product_cat?post=44162"},{"taxonomy":"product_tag","embeddable":true,"href":"https:\/\/skinstudio.ee\/lt\/wp-json\/wp\/v2\/product_tag?post=44162"},{"taxonomy":"giftcard-category","embeddable":true,"href":"https:\/\/skinstudio.ee\/lt\/wp-json\/wp\/v2\/giftcard-category?post=44162"}],"curies":[{"name":"wp","href":"https:\/\/api.w.org\/{rel}","templated":true}]}}