{"id":44177,"date":"2025-08-13T14:01:56","date_gmt":"2025-08-13T14:01:56","guid":{"rendered":"https:\/\/skinstudio.ee\/?post_type=product&#038;p=44177"},"modified":"2026-01-19T15:13:25","modified_gmt":"2026-01-19T15:13:25","slug":"professional-firming-and-shaping-gel","status":"publish","type":"product","link":"https:\/\/skinstudio.ee\/lt\/catalog\/circadia\/professional-firming-and-shaping-gel\/","title":{"rendered":"Professional Firming and Shaping Gel"},"content":{"rendered":"<p data-start=\"1217\" data-end=\"1554\">\u0160is lengvas, greitai \u012fsigeriantis gelis pastebimai lygina ir stangrina problemines zonas, gerina odos tekst\u016br\u0105 ir ma\u017eina celiulito matomum\u0105. Gelis skatina kraujotak\u0105, didina odos elastingum\u0105 ir tonizuoja j\u0105, suteikdamas gaivumo ir komforto poj\u016bt\u012f. Reguliarus naudojimas padeda pagerinti k\u016bno kont\u016brus ir palaikyti sveik\u0105 odos i\u0161vaizd\u0105.<\/p>\n<p data-start=\"1556\" data-end=\"1575\"><strong data-start=\"1556\" data-end=\"1566\">T\u016bris:<\/strong> 200 ml<\/p>\n","protected":false},"excerpt":{"rendered":"<p data-start=\"1807\" data-end=\"1844\">Liftingas \u017eel\u0117 k\u016bno kont\u016brams<\/p>\n<h2 data-start=\"1807\" data-end=\"1844\"><strong data-start=\"502\" data-end=\"559\">Savyb\u0117s Circadia Professional Firming and Shaping Gel<\/strong><\/h2>\n<p data-start=\"1807\" data-end=\"1844\">\u2714\ufe0f Didina odos tvirtum\u0105 ir elastingum\u0105<br data-start=\"600\" data-end=\"603\" \/>\u2714\ufe0f I\u0161kart stangrina k\u016bno kont\u016brus<br data-start=\"636\" data-end=\"639\" \/>\u2714\ufe0f Lygina smulkias rauk\u0161leles ir linijas<br data-start=\"679\" data-end=\"682\" \/>\u2714\ufe0f Stiprina ir tonizuoja od\u0105<br data-start=\"710\" data-end=\"713\" \/>\u2714\ufe0f Suteikia gaivumo ir komforto poj\u016bt\u012f<\/p>\n","protected":false},"featured_media":44169,"template":"","meta":[],"pwb-brand":[801],"product_brand":[],"product_cat":[738,750],"product_tag":[],"giftcard-category":[],"class_list":{"0":"post-44177","1":"product","2":"type-product","3":"status-publish","4":"has-post-thumbnail","6":"pwb-brand-circadia","7":"product_cat-drekinimas","8":"product_cat-senstanti-oda","10":"first","11":"instock","12":"taxable","13":"shipping-taxable","14":"purchasable","15":"product-type-simple"},"acf":[],"brands":[{"id":801,"name":"Circadia","slug":"circadia"}],"_links":{"self":[{"href":"https:\/\/skinstudio.ee\/lt\/wp-json\/wp\/v2\/product\/44177","targetHints":{"allow":["GET"]}}],"collection":[{"href":"https:\/\/skinstudio.ee\/lt\/wp-json\/wp\/v2\/product"}],"about":[{"href":"https:\/\/skinstudio.ee\/lt\/wp-json\/wp\/v2\/types\/product"}],"version-history":[{"count":0,"href":"https:\/\/skinstudio.ee\/lt\/wp-json\/wp\/v2\/product\/44177\/revisions"}],"wp:featuredmedia":[{"embeddable":true,"href":"https:\/\/skinstudio.ee\/lt\/wp-json\/wp\/v2\/media\/44169"}],"wp:attachment":[{"href":"https:\/\/skinstudio.ee\/lt\/wp-json\/wp\/v2\/media?parent=44177"}],"wp:term":[{"taxonomy":"pwb-brand","embeddable":true,"href":"https:\/\/skinstudio.ee\/lt\/wp-json\/wp\/v2\/pwb-brand?post=44177"},{"taxonomy":"product_brand","embeddable":true,"href":"https:\/\/skinstudio.ee\/lt\/wp-json\/wp\/v2\/product_brand?post=44177"},{"taxonomy":"product_cat","embeddable":true,"href":"https:\/\/skinstudio.ee\/lt\/wp-json\/wp\/v2\/product_cat?post=44177"},{"taxonomy":"product_tag","embeddable":true,"href":"https:\/\/skinstudio.ee\/lt\/wp-json\/wp\/v2\/product_tag?post=44177"},{"taxonomy":"giftcard-category","embeddable":true,"href":"https:\/\/skinstudio.ee\/lt\/wp-json\/wp\/v2\/giftcard-category?post=44177"}],"curies":[{"name":"wp","href":"https:\/\/api.w.org\/{rel}","templated":true}]}}