{"id":44194,"date":"2025-08-13T14:16:21","date_gmt":"2025-08-13T14:16:21","guid":{"rendered":"https:\/\/skinstudio.ee\/?post_type=product&#038;p=44194"},"modified":"2026-01-19T15:13:24","modified_gmt":"2026-01-19T15:13:24","slug":"blue-bamboo-exfoliator-for-body","status":"publish","type":"product","link":"https:\/\/skinstudio.ee\/lt\/catalog\/circadia\/blue-bamboo-exfoliator-for-body\/","title":{"rendered":"Blue Bamboo Exfoliator For Body"},"content":{"rendered":"<p data-start=\"1005\" data-end=\"1327\">\u0160is egzotinis k\u016bno \u0161veitiklis virsta mink\u0161ta, prabanga alsuojan\u010dia puta, praturtinta nat\u016braliais m\u0117lyni\u0173 s\u0117klomis ir bambuku. Jis \u0161velniai pa\u0161alina negyvas odos l\u0105steles, valo priemai\u0161as ir suteikia odai lygumo, elastingumo bei gaivumo. Produktas stimuliuoja l\u0105steli\u0173 atsinaujinim\u0105 ir paruo\u0161ia od\u0105 tolimesnei prie\u017ei\u016brai.<\/p>\n<p data-start=\"1329\" data-end=\"1348\"><strong data-start=\"1329\" data-end=\"1339\">T\u016bris:<\/strong> 200 ml<\/p>\n","protected":false},"excerpt":{"rendered":"<p data-start=\"1551\" data-end=\"1569\">\u0160veitiklis k\u016bnui<\/p>\n<h2 data-start=\"1571\" data-end=\"1903\"><strong data-start=\"1571\" data-end=\"1623\">Circadia Blue Bamboo Exfoliator For Body savyb\u0117s<\/strong><\/h2>\n<p data-start=\"1571\" data-end=\"1903\">\u2714\ufe0f \u0160velniai pa\u0161alina negyvas odos l\u0105steles<br data-start=\"1668\" data-end=\"1671\" \/>\u2714\ufe0f Lygina odos tekst\u016br\u0105 ir palieka j\u0105 \u0161velni\u0105<br data-start=\"1716\" data-end=\"1719\" \/>\u2714\ufe0f Stimuliuoja mikrocirkuliacij\u0105 ir l\u0105steli\u0173 atsinaujinim\u0105<br data-start=\"1777\" data-end=\"1780\" \/>\u2714\ufe0f Praturtintas bambuko ekstraktais odos maitinimui ir mink\u0161tinimui<br data-start=\"1847\" data-end=\"1850\" \/>\u2714\ufe0f Paruo\u0161ia od\u0105 tolimesnei prie\u017ei\u016brai ir dr\u0117kinimui<\/p>\n","protected":false},"featured_media":44184,"template":"","meta":[],"pwb-brand":[801],"product_brand":[],"product_cat":[758,720],"product_tag":[],"giftcard-category":[],"class_list":{"0":"post-44194","1":"product","2":"type-product","3":"status-publish","4":"has-post-thumbnail","6":"pwb-brand-circadia","7":"product_cat-kuno-prieziura","8":"product_cat-sveitikliai-ir-pilingai","10":"first","11":"instock","12":"taxable","13":"shipping-taxable","14":"purchasable","15":"product-type-simple"},"acf":[],"brands":[{"id":801,"name":"Circadia","slug":"circadia"}],"_links":{"self":[{"href":"https:\/\/skinstudio.ee\/lt\/wp-json\/wp\/v2\/product\/44194","targetHints":{"allow":["GET"]}}],"collection":[{"href":"https:\/\/skinstudio.ee\/lt\/wp-json\/wp\/v2\/product"}],"about":[{"href":"https:\/\/skinstudio.ee\/lt\/wp-json\/wp\/v2\/types\/product"}],"version-history":[{"count":0,"href":"https:\/\/skinstudio.ee\/lt\/wp-json\/wp\/v2\/product\/44194\/revisions"}],"wp:featuredmedia":[{"embeddable":true,"href":"https:\/\/skinstudio.ee\/lt\/wp-json\/wp\/v2\/media\/44184"}],"wp:attachment":[{"href":"https:\/\/skinstudio.ee\/lt\/wp-json\/wp\/v2\/media?parent=44194"}],"wp:term":[{"taxonomy":"pwb-brand","embeddable":true,"href":"https:\/\/skinstudio.ee\/lt\/wp-json\/wp\/v2\/pwb-brand?post=44194"},{"taxonomy":"product_brand","embeddable":true,"href":"https:\/\/skinstudio.ee\/lt\/wp-json\/wp\/v2\/product_brand?post=44194"},{"taxonomy":"product_cat","embeddable":true,"href":"https:\/\/skinstudio.ee\/lt\/wp-json\/wp\/v2\/product_cat?post=44194"},{"taxonomy":"product_tag","embeddable":true,"href":"https:\/\/skinstudio.ee\/lt\/wp-json\/wp\/v2\/product_tag?post=44194"},{"taxonomy":"giftcard-category","embeddable":true,"href":"https:\/\/skinstudio.ee\/lt\/wp-json\/wp\/v2\/giftcard-category?post=44194"}],"curies":[{"name":"wp","href":"https:\/\/api.w.org\/{rel}","templated":true}]}}