{"id":44211,"date":"2025-08-13T14:28:47","date_gmt":"2025-08-13T14:28:47","guid":{"rendered":"https:\/\/skinstudio.ee\/?post_type=product&#038;p=44211"},"modified":"2026-01-19T15:13:25","modified_gmt":"2026-01-19T15:13:25","slug":"tidal-moisture-for-body","status":"publish","type":"product","link":"https:\/\/skinstudio.ee\/lt\/catalog\/circadia\/tidal-moisture-for-body\/","title":{"rendered":"Tidal Moisture For Body"},"content":{"rendered":"<p data-start=\"953\" data-end=\"1378\">\u0160is \u0161ilkinis ir intensyviai dr\u0117kinantis k\u016bno losjonas sukurtas maksimaliai dr\u0117gm\u0117s sulaikymui, kad oda b\u016bt\u0173 mink\u0161ta ir elastinga. Formul\u0117 praturtinta auk\u0161tos kokyb\u0117s dr\u0117kinamosiomis med\u017eiagomis ir augal\u0173 ekstraktais, kurie maitina od\u0105, palaiko nat\u016brali\u0105 apsaugin\u0119 barjerin\u0119 funkcij\u0105 ir suteikia komforto bei gaivumo poj\u016bt\u012f. Losjonas gerina odos elastingum\u0105, lygum\u0105 ir i\u0161vaizd\u0105, u\u017etikrindamas ilgalaik\u012f dr\u0117kinim\u0105 vis\u0105 dien\u0105.<\/p>\n<p data-start=\"1380\" data-end=\"1399\"><strong data-start=\"1380\" data-end=\"1397\">T\u016bris: 200 ml<\/strong><\/p>\n","protected":false},"excerpt":{"rendered":"<p data-start=\"1530\" data-end=\"1558\">Dr\u0117kinamasis k\u016bno losjonas<\/p>\n<h2 data-start=\"1560\" data-end=\"1606\"><strong data-start=\"1560\" data-end=\"1604\">Circadia Tidal Moisture For Body savyb\u0117s<\/strong><\/h2>\n<p data-start=\"1608\" data-end=\"1814\">\u2714\ufe0f Intensyviai dr\u0117kina ir mink\u0161tina od\u0105<br data-start=\"1647\" data-end=\"1650\" \/>\u2714\ufe0f Atstato odos barjerin\u0119 funkcij\u0105<br data-start=\"1684\" data-end=\"1687\" \/>\u2714\ufe0f Suteikia komforto ir gaivumo poj\u016bt\u012f<br data-start=\"1725\" data-end=\"1728\" \/>\u2714\ufe0f Palaiko odos elastingum\u0105 ir stangrum\u0105<br data-start=\"1768\" data-end=\"1771\" \/>\u2714\ufe0f Greitai \u012fsigeria, nepalikdamas lipnumo<\/p>\n","protected":false},"featured_media":66188,"template":"","meta":[],"pwb-brand":[801],"product_brand":[],"product_cat":[758],"product_tag":[],"giftcard-category":[],"class_list":{"0":"post-44211","1":"product","2":"type-product","3":"status-publish","4":"has-post-thumbnail","6":"pwb-brand-circadia","7":"product_cat-kuno-prieziura","9":"first","10":"instock","11":"taxable","12":"shipping-taxable","13":"purchasable","14":"product-type-simple"},"acf":[],"brands":[{"id":801,"name":"Circadia","slug":"circadia"}],"_links":{"self":[{"href":"https:\/\/skinstudio.ee\/lt\/wp-json\/wp\/v2\/product\/44211","targetHints":{"allow":["GET"]}}],"collection":[{"href":"https:\/\/skinstudio.ee\/lt\/wp-json\/wp\/v2\/product"}],"about":[{"href":"https:\/\/skinstudio.ee\/lt\/wp-json\/wp\/v2\/types\/product"}],"version-history":[{"count":0,"href":"https:\/\/skinstudio.ee\/lt\/wp-json\/wp\/v2\/product\/44211\/revisions"}],"wp:featuredmedia":[{"embeddable":true,"href":"https:\/\/skinstudio.ee\/lt\/wp-json\/wp\/v2\/media\/66188"}],"wp:attachment":[{"href":"https:\/\/skinstudio.ee\/lt\/wp-json\/wp\/v2\/media?parent=44211"}],"wp:term":[{"taxonomy":"pwb-brand","embeddable":true,"href":"https:\/\/skinstudio.ee\/lt\/wp-json\/wp\/v2\/pwb-brand?post=44211"},{"taxonomy":"product_brand","embeddable":true,"href":"https:\/\/skinstudio.ee\/lt\/wp-json\/wp\/v2\/product_brand?post=44211"},{"taxonomy":"product_cat","embeddable":true,"href":"https:\/\/skinstudio.ee\/lt\/wp-json\/wp\/v2\/product_cat?post=44211"},{"taxonomy":"product_tag","embeddable":true,"href":"https:\/\/skinstudio.ee\/lt\/wp-json\/wp\/v2\/product_tag?post=44211"},{"taxonomy":"giftcard-category","embeddable":true,"href":"https:\/\/skinstudio.ee\/lt\/wp-json\/wp\/v2\/giftcard-category?post=44211"}],"curies":[{"name":"wp","href":"https:\/\/api.w.org\/{rel}","templated":true}]}}