{"id":44273,"date":"2025-08-13T15:16:24","date_gmt":"2025-08-13T15:16:24","guid":{"rendered":"https:\/\/skinstudio.ee\/?post_type=product&#038;p=44273"},"modified":"2026-01-19T15:13:24","modified_gmt":"2026-01-19T15:13:24","slug":"glow-on-the-go","status":"publish","type":"product","link":"https:\/\/skinstudio.ee\/lt\/catalog\/circadia\/glow-on-the-go\/","title":{"rendered":"Glow On The Go"},"content":{"rendered":"<p data-start=\"2002\" data-end=\"2089\"><strong>I\u0161skirtinis Glow on the Go rinkinys i\u0161 Circadia \u2013 viskas, ko reikia spindin\u010diai odai!<\/strong><\/p>\n<p data-start=\"2091\" data-end=\"2520\">Rinkin\u012f sudaro priemon\u0117s odos valymui, atk\u016brimui, maitinimui ir dr\u0117kinimui. Vos keli produktai suteiks odai nuostab\u0173 vaizd\u0105, kartu padidindami pasitik\u0117jim\u0105 savimi ir pakeldami nuotaik\u0105. Paskirkite odai visapusi\u0161k\u0105 ir efektyvi\u0105 prie\u017ei\u016br\u0105, kad svarbiausiais gyvenimo momentais atrodytum\u0117te nepriekai\u0161tingai. D\u0117l kompakti\u0161ko kosmetin\u0117s mai\u0161elio \u0161is rinkinys visada bus su jumis, u\u017etikrinant spindin\u010di\u0105 ir nepriekai\u0161ting\u0105 i\u0161vaizd\u0105.<\/p>\n","protected":false},"excerpt":{"rendered":"<p data-start=\"399\" data-end=\"430\">Rinkinys spindin\u010diai odai<\/p>\n<h2 data-start=\"432\" data-end=\"473\">\u012e Circadia Glow On The Go rinkin\u012f \u012feina<\/h2>\n<p data-start=\"475\" data-end=\"634\">\u2714\ufe0f Lipid Replacing Cleansing Gel, 59 ml<br data-start=\"514\" data-end=\"517\" \/>\u2714\ufe0f Vitamin C Reversal Serum, 15 ml<br data-start=\"551\" data-end=\"554\" \/>\u2714\ufe0f Serum 71, 15 ml<br data-start=\"572\" data-end=\"575\" \/>\u2714\ufe0f AquaPorin Hydrating Cream, 50 g<br data-start=\"609\" data-end=\"612\" \/>\u2714\ufe0f Kosmetin\u0117 mai\u0161el\u0117<\/p>\n","protected":false},"featured_media":66183,"template":"","meta":[],"pwb-brand":[801],"product_brand":[],"product_cat":[765,756],"product_tag":[],"giftcard-category":[],"class_list":{"0":"post-44273","1":"product","2":"type-product","3":"status-publish","4":"has-post-thumbnail","6":"pwb-brand-circadia","7":"product_cat-dovanu-ideja","8":"product_cat-rinkinys","10":"first","11":"instock","12":"sale","13":"taxable","14":"shipping-taxable","15":"purchasable","16":"product-type-simple"},"acf":[],"brands":[{"id":801,"name":"Circadia","slug":"circadia"}],"_links":{"self":[{"href":"https:\/\/skinstudio.ee\/lt\/wp-json\/wp\/v2\/product\/44273","targetHints":{"allow":["GET"]}}],"collection":[{"href":"https:\/\/skinstudio.ee\/lt\/wp-json\/wp\/v2\/product"}],"about":[{"href":"https:\/\/skinstudio.ee\/lt\/wp-json\/wp\/v2\/types\/product"}],"version-history":[{"count":0,"href":"https:\/\/skinstudio.ee\/lt\/wp-json\/wp\/v2\/product\/44273\/revisions"}],"wp:featuredmedia":[{"embeddable":true,"href":"https:\/\/skinstudio.ee\/lt\/wp-json\/wp\/v2\/media\/66183"}],"wp:attachment":[{"href":"https:\/\/skinstudio.ee\/lt\/wp-json\/wp\/v2\/media?parent=44273"}],"wp:term":[{"taxonomy":"pwb-brand","embeddable":true,"href":"https:\/\/skinstudio.ee\/lt\/wp-json\/wp\/v2\/pwb-brand?post=44273"},{"taxonomy":"product_brand","embeddable":true,"href":"https:\/\/skinstudio.ee\/lt\/wp-json\/wp\/v2\/product_brand?post=44273"},{"taxonomy":"product_cat","embeddable":true,"href":"https:\/\/skinstudio.ee\/lt\/wp-json\/wp\/v2\/product_cat?post=44273"},{"taxonomy":"product_tag","embeddable":true,"href":"https:\/\/skinstudio.ee\/lt\/wp-json\/wp\/v2\/product_tag?post=44273"},{"taxonomy":"giftcard-category","embeddable":true,"href":"https:\/\/skinstudio.ee\/lt\/wp-json\/wp\/v2\/giftcard-category?post=44273"}],"curies":[{"name":"wp","href":"https:\/\/api.w.org\/{rel}","templated":true}]}}