{"id":44372,"date":"2025-08-14T12:03:40","date_gmt":"2025-08-14T12:03:40","guid":{"rendered":"https:\/\/skinstudio.ee\/?post_type=product&#038;p=44372"},"modified":"2026-01-19T15:13:30","modified_gmt":"2026-01-19T15:13:30","slug":"milk-make-up","status":"publish","type":"product","link":"https:\/\/skinstudio.ee\/lt\/catalog\/natinuel\/milk-make-up\/","title":{"rendered":"Milk Make UP"},"content":{"rendered":"<p data-start=\"922\" data-end=\"1234\"><strong data-start=\"929\" data-end=\"945\">MILK MAKE UP<\/strong> \u2013 \u0161velnus valomasis pienelis, pagamintas su odai suderinamais valikliais ir praturtintas augalin\u0117s kilm\u0117s ingredientais, kurie ramina ir apsaugo nuo u\u017edegimo. Produktas u\u017etikrina optimal\u0173 makia\u017eo, \u012fskaitant aki\u0173 zon\u0105, pa\u0161alinim\u0105, nesukelia dirginimo ir tinka \u0161velniai bei jautriai odai.<\/p>\n<p data-start=\"1236\" data-end=\"1255\"><strong data-start=\"1236\" data-end=\"1246\">T\u016bris:<\/strong> 150 ml<\/p>\n","protected":false},"excerpt":{"rendered":"<p data-start=\"1391\" data-end=\"1418\">Valomasis pienelis veidui<\/p>\n<h2 data-start=\"1420\" data-end=\"1658\"><strong data-start=\"1420\" data-end=\"1453\">Natinuel Milk Make Up savyb\u0117s<\/strong><\/h2>\n<p data-start=\"1420\" data-end=\"1658\">\u2714\ufe0f \u0160velniai pa\u0161alina ne\u0161varumus ir makia\u017e\u0105<br data-start=\"1498\" data-end=\"1501\" \/>\u2714\ufe0f I\u0161laiko odos nat\u016brali\u0105 hidrolipid\u0173 barjer\u0105<br data-start=\"1546\" data-end=\"1549\" \/>\u2714\ufe0f Ramina ir mink\u0161tina od\u0105<br data-start=\"1575\" data-end=\"1578\" \/>\u2714\ufe0f Paruo\u0161ia od\u0105 tolimesnei prie\u017ei\u016brai<br data-start=\"1615\" data-end=\"1618\" \/>\u2714\ufe0f Lengva tekst\u016bra, lengvai nuplaunama<\/p>\n","protected":false},"featured_media":67691,"template":"","meta":[],"pwb-brand":[1128],"product_brand":[],"product_cat":[740,718],"product_tag":[],"giftcard-category":[],"class_list":{"0":"post-44372","1":"product","2":"type-product","3":"status-publish","4":"has-post-thumbnail","6":"pwb-brand-natinuel","7":"product_cat-sausai-odai","8":"product_cat-valymas","10":"first","11":"instock","12":"taxable","13":"shipping-taxable","14":"purchasable","15":"product-type-simple"},"acf":[],"brands":[{"id":1128,"name":"Natinuel","slug":"natinuel"}],"_links":{"self":[{"href":"https:\/\/skinstudio.ee\/lt\/wp-json\/wp\/v2\/product\/44372","targetHints":{"allow":["GET"]}}],"collection":[{"href":"https:\/\/skinstudio.ee\/lt\/wp-json\/wp\/v2\/product"}],"about":[{"href":"https:\/\/skinstudio.ee\/lt\/wp-json\/wp\/v2\/types\/product"}],"version-history":[{"count":0,"href":"https:\/\/skinstudio.ee\/lt\/wp-json\/wp\/v2\/product\/44372\/revisions"}],"wp:featuredmedia":[{"embeddable":true,"href":"https:\/\/skinstudio.ee\/lt\/wp-json\/wp\/v2\/media\/67691"}],"wp:attachment":[{"href":"https:\/\/skinstudio.ee\/lt\/wp-json\/wp\/v2\/media?parent=44372"}],"wp:term":[{"taxonomy":"pwb-brand","embeddable":true,"href":"https:\/\/skinstudio.ee\/lt\/wp-json\/wp\/v2\/pwb-brand?post=44372"},{"taxonomy":"product_brand","embeddable":true,"href":"https:\/\/skinstudio.ee\/lt\/wp-json\/wp\/v2\/product_brand?post=44372"},{"taxonomy":"product_cat","embeddable":true,"href":"https:\/\/skinstudio.ee\/lt\/wp-json\/wp\/v2\/product_cat?post=44372"},{"taxonomy":"product_tag","embeddable":true,"href":"https:\/\/skinstudio.ee\/lt\/wp-json\/wp\/v2\/product_tag?post=44372"},{"taxonomy":"giftcard-category","embeddable":true,"href":"https:\/\/skinstudio.ee\/lt\/wp-json\/wp\/v2\/giftcard-category?post=44372"}],"curies":[{"name":"wp","href":"https:\/\/api.w.org\/{rel}","templated":true}]}}