{"id":44389,"date":"2025-08-15T09:17:34","date_gmt":"2025-08-15T09:17:34","guid":{"rendered":"https:\/\/skinstudio.ee\/?post_type=product&#038;p=44389"},"modified":"2026-01-19T15:13:28","modified_gmt":"2026-01-19T15:13:28","slug":"cleanser-pha-aha-5","status":"publish","type":"product","link":"https:\/\/skinstudio.ee\/lt\/catalog\/natinuel\/cleanser-pha-aha-5\/","title":{"rendered":"Cleanser PHA-AHA 5%"},"content":{"rendered":"<p data-start=\"1071\" data-end=\"1452\">CLEANSER PHA-AHA 5% \u2013 tai valymo priemon\u0117 be SLS ir SLES, skirta normaliai ir jautriai odai. Nesukelia dirginimo. \u0160veln\u016bs pavir\u0161iaus aktyvieji ingredientai sujungti su biofunkcin\u0117mis med\u017eiagomis, kad atsargiai pa\u0161alint\u0173 l\u0105steli\u0173 liku\u010dius ir ne\u0161varumus, nepa\u017eeid\u017eiant odos hidrolipidin\u0117s apsaugin\u0117s pl\u0117vel\u0117s. \u0160ios pl\u0117vel\u0117s vientisumas yra b\u016btinas odos sveikatai ir funkcionalumui.<\/p>\n<p data-start=\"1454\" data-end=\"1626\">Po nuplovimo emulsija suteikia malon\u0173 gaivumo, \u0161velnumo ir \u0161varos poj\u016bt\u012f. I\u0161laiko trap\u0173 odos hidrolipidin\u012f balans\u0105, sukurdama idealias s\u0105lygas kitai prie\u017ei\u016bros priemonei.<\/p>\n<p data-start=\"1628\" data-end=\"1647\"><strong data-start=\"1628\" data-end=\"1638\">T\u016bris:<\/strong> 150 ml<\/p>\n","protected":false},"excerpt":{"rendered":"<p data-start=\"1768\" data-end=\"1798\">Valomasis gelis su r\u016bg\u0161timis<\/p>\n<h2 data-start=\"1800\" data-end=\"2081\"><strong data-start=\"1800\" data-end=\"1840\">Natinuel Cleanser PHA-AHA 5% savyb\u0117s<\/strong><\/h2>\n<p data-start=\"1800\" data-end=\"2081\">\u2714\ufe0f \u0160velniai valo od\u0105, nesukeldamas sausumo jausmo<br data-start=\"1892\" data-end=\"1895\" \/>\u2714\ufe0f \u0160velniai eksfolijuoja ir atnaujina odos pavir\u0161i\u0173<br data-start=\"1946\" data-end=\"1949\" \/>\u2714\ufe0f Sulygina odos atspalv\u012f ir suteikia gaivumo<br data-start=\"1994\" data-end=\"1997\" \/>\u2714\ufe0f Paruo\u0161ia od\u0105 prie\u017ei\u016bros priemon\u0117ms<br data-start=\"2034\" data-end=\"2037\" \/>\u2714\ufe0f Palaiko nat\u016bral\u0173 odos apsaugin\u012f barjer\u0105<\/p>\n","protected":false},"featured_media":67686,"template":"","meta":[],"pwb-brand":[1128],"product_brand":[],"product_cat":[746,718],"product_tag":[],"giftcard-category":[],"class_list":{"0":"post-44389","1":"product","2":"type-product","3":"status-publish","4":"has-post-thumbnail","6":"pwb-brand-natinuel","7":"product_cat-jautriai-odai","8":"product_cat-valymas","10":"first","11":"instock","12":"taxable","13":"shipping-taxable","14":"purchasable","15":"product-type-simple"},"acf":[],"brands":[{"id":1128,"name":"Natinuel","slug":"natinuel"}],"_links":{"self":[{"href":"https:\/\/skinstudio.ee\/lt\/wp-json\/wp\/v2\/product\/44389","targetHints":{"allow":["GET"]}}],"collection":[{"href":"https:\/\/skinstudio.ee\/lt\/wp-json\/wp\/v2\/product"}],"about":[{"href":"https:\/\/skinstudio.ee\/lt\/wp-json\/wp\/v2\/types\/product"}],"version-history":[{"count":0,"href":"https:\/\/skinstudio.ee\/lt\/wp-json\/wp\/v2\/product\/44389\/revisions"}],"wp:featuredmedia":[{"embeddable":true,"href":"https:\/\/skinstudio.ee\/lt\/wp-json\/wp\/v2\/media\/67686"}],"wp:attachment":[{"href":"https:\/\/skinstudio.ee\/lt\/wp-json\/wp\/v2\/media?parent=44389"}],"wp:term":[{"taxonomy":"pwb-brand","embeddable":true,"href":"https:\/\/skinstudio.ee\/lt\/wp-json\/wp\/v2\/pwb-brand?post=44389"},{"taxonomy":"product_brand","embeddable":true,"href":"https:\/\/skinstudio.ee\/lt\/wp-json\/wp\/v2\/product_brand?post=44389"},{"taxonomy":"product_cat","embeddable":true,"href":"https:\/\/skinstudio.ee\/lt\/wp-json\/wp\/v2\/product_cat?post=44389"},{"taxonomy":"product_tag","embeddable":true,"href":"https:\/\/skinstudio.ee\/lt\/wp-json\/wp\/v2\/product_tag?post=44389"},{"taxonomy":"giftcard-category","embeddable":true,"href":"https:\/\/skinstudio.ee\/lt\/wp-json\/wp\/v2\/giftcard-category?post=44389"}],"curies":[{"name":"wp","href":"https:\/\/api.w.org\/{rel}","templated":true}]}}