{"id":44405,"date":"2025-08-15T09:27:50","date_gmt":"2025-08-15T09:27:50","guid":{"rendered":"https:\/\/skinstudio.ee\/?post_type=product&#038;p=44405"},"modified":"2026-01-19T15:13:28","modified_gmt":"2026-01-19T15:13:28","slug":"cleanser-aha-8","status":"publish","type":"product","link":"https:\/\/skinstudio.ee\/lt\/catalog\/natinuel\/cleanser-aha-8\/","title":{"rendered":"Cleanser AHA 8%"},"content":{"rendered":"<p data-start=\"952\" data-end=\"1274\">Cleanser AHA 8% \u2013 auk\u0161tos kokyb\u0117s valymo priemon\u0117 be SLS ir SLES, skirta normaliai odai. Sud\u0117tyje yra verting\u0173 ir \u0161velni\u0173 pavir\u0161iaus aktyvi\u0173j\u0173 med\u017eiag\u0173 mi\u0161inys, sujungtas su tam tikromis veikliosiomis med\u017eiagomis. J\u0173 s\u0105veika u\u017etikrina gil\u0173 ir optimal\u0173 odos valym\u0105, i\u0161laikant odos homeostaz\u0119 be perteklinio nuriebalinimo.<\/p>\n<p data-start=\"1276\" data-end=\"1398\">Po valymo suteikia malon\u0173 gaivumo ir odos \u0161velnumo poj\u016bt\u012f, sukuriant idealias s\u0105lygas tinkamam NATINUEL produktui tepti.<\/p>\n<p data-start=\"1400\" data-end=\"1419\"><strong data-start=\"1400\" data-end=\"1410\">T\u016bris:<\/strong> 150 ml<\/p>\n","protected":false},"excerpt":{"rendered":"<p data-start=\"1528\" data-end=\"1562\">Valomasis gelis su AHA r\u016bg\u0161timis<\/p>\n<h2 data-start=\"1564\" data-end=\"1838\"><strong data-start=\"1564\" data-end=\"1600\">Natinuel Cleanser AHA 8% savyb\u0117s<\/strong><\/h2>\n<p data-start=\"1564\" data-end=\"1838\">\u2714\ufe0f Efektyviai pa\u0161alina ne\u0161varumus ir perteklin\u012f sebum\u0105<br data-start=\"1657\" data-end=\"1660\" \/>\u2714\ufe0f Aktyviai eksfolijuoja negyvas odos l\u0105steles<br data-start=\"1706\" data-end=\"1709\" \/>\u2714\ufe0f Sulygina odos atspalv\u012f ir pagerina tekst\u016br\u0105<br data-start=\"1755\" data-end=\"1758\" \/>\u2714\ufe0f Skatina l\u0105steli\u0173 atsinaujinim\u0105<br data-start=\"1791\" data-end=\"1794\" \/>\u2714\ufe0f Pagerina veikli\u0173j\u0173 med\u017eiag\u0173 \u012fsisavinim\u0105<\/p>\n","protected":false},"featured_media":67696,"template":"","meta":[],"pwb-brand":[1128],"product_brand":[],"product_cat":[750,718],"product_tag":[],"giftcard-category":[],"class_list":{"0":"post-44405","1":"product","2":"type-product","3":"status-publish","4":"has-post-thumbnail","6":"pwb-brand-natinuel","7":"product_cat-senstanti-oda","8":"product_cat-valymas","10":"first","11":"instock","12":"taxable","13":"shipping-taxable","14":"purchasable","15":"product-type-simple"},"acf":[],"brands":[{"id":1128,"name":"Natinuel","slug":"natinuel"}],"_links":{"self":[{"href":"https:\/\/skinstudio.ee\/lt\/wp-json\/wp\/v2\/product\/44405","targetHints":{"allow":["GET"]}}],"collection":[{"href":"https:\/\/skinstudio.ee\/lt\/wp-json\/wp\/v2\/product"}],"about":[{"href":"https:\/\/skinstudio.ee\/lt\/wp-json\/wp\/v2\/types\/product"}],"version-history":[{"count":0,"href":"https:\/\/skinstudio.ee\/lt\/wp-json\/wp\/v2\/product\/44405\/revisions"}],"wp:featuredmedia":[{"embeddable":true,"href":"https:\/\/skinstudio.ee\/lt\/wp-json\/wp\/v2\/media\/67696"}],"wp:attachment":[{"href":"https:\/\/skinstudio.ee\/lt\/wp-json\/wp\/v2\/media?parent=44405"}],"wp:term":[{"taxonomy":"pwb-brand","embeddable":true,"href":"https:\/\/skinstudio.ee\/lt\/wp-json\/wp\/v2\/pwb-brand?post=44405"},{"taxonomy":"product_brand","embeddable":true,"href":"https:\/\/skinstudio.ee\/lt\/wp-json\/wp\/v2\/product_brand?post=44405"},{"taxonomy":"product_cat","embeddable":true,"href":"https:\/\/skinstudio.ee\/lt\/wp-json\/wp\/v2\/product_cat?post=44405"},{"taxonomy":"product_tag","embeddable":true,"href":"https:\/\/skinstudio.ee\/lt\/wp-json\/wp\/v2\/product_tag?post=44405"},{"taxonomy":"giftcard-category","embeddable":true,"href":"https:\/\/skinstudio.ee\/lt\/wp-json\/wp\/v2\/giftcard-category?post=44405"}],"curies":[{"name":"wp","href":"https:\/\/api.w.org\/{rel}","templated":true}]}}