{"id":44421,"date":"2025-08-15T09:38:31","date_gmt":"2025-08-15T09:38:31","guid":{"rendered":"https:\/\/skinstudio.ee\/?post_type=product&#038;p=44421"},"modified":"2026-01-19T15:13:28","modified_gmt":"2026-01-19T15:13:28","slug":"cleanser-aha-pha-9","status":"publish","type":"product","link":"https:\/\/skinstudio.ee\/lt\/catalog\/natinuel\/cleanser-aha-pha-9\/","title":{"rendered":"Cleanser AHA-PHA 9%"},"content":{"rendered":"<p data-start=\"966\" data-end=\"1451\">Augalin\u0117s kilm\u0117s valymo priemon\u0117, praturtinta bioaktyviosiomis med\u017eiagomis ir sujungta su specifin\u0117mis AHA ir BHA r\u016bg\u0161timis, idealiai tinka riebios, problemati\u0161kos ir u\u017esikim\u0161usios odos prie\u017ei\u016brai. Ji visi\u0161kai ir \u0161velniai pa\u0161alina ne\u0161varumus bei perteklin\u012f sebum\u0105, kartu suteikia antiseptin\u012f ir valant\u012f poveik\u012f, nepa\u017eeisdama odos hidrolipidin\u0117s apsaugin\u0117s pl\u0117vel\u0117s. Po valymo oda paruo\u0161iama tinkamam NATINUEL produktui tepti. Priemon\u0117 maloni naudoti, suteikia odai gaivesn\u0119 i\u0161vaizd\u0105.<\/p>\n<p data-start=\"1453\" data-end=\"1472\"><strong data-start=\"1453\" data-end=\"1463\">T\u016bris:<\/strong> 150 ml<\/p>\n","protected":false},"excerpt":{"rendered":"<p data-start=\"1581\" data-end=\"1622\">Valomasis gelis su AHA ir PHA r\u016bg\u0161timis<\/p>\n<h2 data-start=\"1624\" data-end=\"1914\"><strong data-start=\"1624\" data-end=\"1664\">Natinuel Cleanser AHA-PHA 9% savyb\u0117s<\/strong><\/h2>\n<p data-start=\"1624\" data-end=\"1914\" data-is-last-node=\"\" data-is-only-node=\"\">\u2714\ufe0f I\u0161valo poras ir pa\u0161alina u\u017esispyrusius ne\u0161varumus<br data-start=\"1719\" data-end=\"1722\" \/>\u2714\ufe0f Kontroliuoja sebumo gamyb\u0105<br data-start=\"1751\" data-end=\"1754\" \/>\u2714\ufe0f I\u0161tirpina komedonus ir neleid\u017eia jiems atsirasti<br data-start=\"1805\" data-end=\"1808\" \/>\u2714\ufe0f Sulygina odos reljef\u0105 ir pagerina atspalv\u012f<br data-start=\"1853\" data-end=\"1856\" \/>\u2714\ufe0f Suteikia \u0161veln\u0173 prie\u0161u\u017edegimin\u012f ir raminam\u0105j\u012f poveik\u012f<\/p>\n","protected":false},"featured_media":67681,"template":"","meta":[],"pwb-brand":[1128],"product_brand":[],"product_cat":[748,718],"product_tag":[],"giftcard-category":[],"class_list":{"0":"post-44421","1":"product","2":"type-product","3":"status-publish","4":"has-post-thumbnail","6":"pwb-brand-natinuel","7":"product_cat-taukainai-adai-lt","8":"product_cat-valymas","10":"first","11":"instock","12":"taxable","13":"shipping-taxable","14":"purchasable","15":"product-type-simple"},"acf":[],"brands":[{"id":1128,"name":"Natinuel","slug":"natinuel"}],"_links":{"self":[{"href":"https:\/\/skinstudio.ee\/lt\/wp-json\/wp\/v2\/product\/44421","targetHints":{"allow":["GET"]}}],"collection":[{"href":"https:\/\/skinstudio.ee\/lt\/wp-json\/wp\/v2\/product"}],"about":[{"href":"https:\/\/skinstudio.ee\/lt\/wp-json\/wp\/v2\/types\/product"}],"version-history":[{"count":0,"href":"https:\/\/skinstudio.ee\/lt\/wp-json\/wp\/v2\/product\/44421\/revisions"}],"wp:featuredmedia":[{"embeddable":true,"href":"https:\/\/skinstudio.ee\/lt\/wp-json\/wp\/v2\/media\/67681"}],"wp:attachment":[{"href":"https:\/\/skinstudio.ee\/lt\/wp-json\/wp\/v2\/media?parent=44421"}],"wp:term":[{"taxonomy":"pwb-brand","embeddable":true,"href":"https:\/\/skinstudio.ee\/lt\/wp-json\/wp\/v2\/pwb-brand?post=44421"},{"taxonomy":"product_brand","embeddable":true,"href":"https:\/\/skinstudio.ee\/lt\/wp-json\/wp\/v2\/product_brand?post=44421"},{"taxonomy":"product_cat","embeddable":true,"href":"https:\/\/skinstudio.ee\/lt\/wp-json\/wp\/v2\/product_cat?post=44421"},{"taxonomy":"product_tag","embeddable":true,"href":"https:\/\/skinstudio.ee\/lt\/wp-json\/wp\/v2\/product_tag?post=44421"},{"taxonomy":"giftcard-category","embeddable":true,"href":"https:\/\/skinstudio.ee\/lt\/wp-json\/wp\/v2\/giftcard-category?post=44421"}],"curies":[{"name":"wp","href":"https:\/\/api.w.org\/{rel}","templated":true}]}}