{"id":44446,"date":"2025-08-15T09:47:38","date_gmt":"2025-08-15T09:47:38","guid":{"rendered":"https:\/\/skinstudio.ee\/?post_type=product&#038;p=44446"},"modified":"2026-01-19T15:13:29","modified_gmt":"2026-01-19T15:13:29","slug":"homeo-gen-face-cream","status":"publish","type":"product","link":"https:\/\/skinstudio.ee\/lt\/catalog\/natinuel\/homeo-gen-face-cream\/","title":{"rendered":"Homeo Gen Face Cream"},"content":{"rendered":"<p data-start=\"823\" data-end=\"1264\">HOME\u041e GEN \u2013 \u0161velnus kremas sausai, sutr\u016bkin\u0117jusiai ir jautriai odai su kuperoz\u0117s po\u017eymiais. Formul\u0117je yra specifin\u0117 veiklioji med\u017eiaga, kuri sinergi\u0161kai veikia su \u012fvairiais odos problem\u0173 aspektais ir padeda normalizuoti odos funkcijas. Tokios sudedamosios dalys kaip 3 tipo keramidai ir fosfatidilcholinas kartu su bioaktyviu kompleksu padeda atkurti tinkam\u0105 ir stabil\u0173 pavir\u0161in\u012f bei gilumin\u012f dr\u0117kinim\u0105, taip pat skatina odos regeneracij\u0105.<\/p>\n<p data-start=\"1266\" data-end=\"1284\"><strong data-start=\"1266\" data-end=\"1276\">T\u016bris:<\/strong> 50 ml<\/p>\n","protected":false},"excerpt":{"rendered":"<p data-start=\"1362\" data-end=\"1395\">Prabangus kremas odos atk\u016brimui<\/p>\n<h2 data-start=\"1397\" data-end=\"1638\"><strong data-start=\"1397\" data-end=\"1438\">Natinuel Homeo Gen Face Cream savyb\u0117s<\/strong><\/h2>\n<p data-start=\"1397\" data-end=\"1638\" data-is-last-node=\"\" data-is-only-node=\"\">\u2714\ufe0f Atkuria ir stiprina odos strukt\u016br\u0105<br data-start=\"1478\" data-end=\"1481\" \/>\u2714\ufe0f Gerina elastingum\u0105 ir stangrum\u0105<br data-start=\"1515\" data-end=\"1518\" \/>\u2714\ufe0f Ma\u017eina rauk\u0161les ir i\u0161lygina atspalv\u012f<br data-start=\"1557\" data-end=\"1560\" \/>\u2714\ufe0f Dr\u0117kina ir suteikia komfort\u0105<br data-start=\"1591\" data-end=\"1594\" \/>\u2714\ufe0f Apsaugo nuo streso ir aplinkos poveikio<\/p>\n","protected":false},"featured_media":67676,"template":"","meta":[],"pwb-brand":[1128],"product_brand":[],"product_cat":[738,746],"product_tag":[],"giftcard-category":[],"class_list":{"0":"post-44446","1":"product","2":"type-product","3":"status-publish","4":"has-post-thumbnail","6":"pwb-brand-natinuel","7":"product_cat-drekinimas","8":"product_cat-jautriai-odai","10":"first","11":"instock","12":"taxable","13":"shipping-taxable","14":"purchasable","15":"product-type-simple"},"acf":[],"brands":[{"id":1128,"name":"Natinuel","slug":"natinuel"}],"_links":{"self":[{"href":"https:\/\/skinstudio.ee\/lt\/wp-json\/wp\/v2\/product\/44446","targetHints":{"allow":["GET"]}}],"collection":[{"href":"https:\/\/skinstudio.ee\/lt\/wp-json\/wp\/v2\/product"}],"about":[{"href":"https:\/\/skinstudio.ee\/lt\/wp-json\/wp\/v2\/types\/product"}],"version-history":[{"count":0,"href":"https:\/\/skinstudio.ee\/lt\/wp-json\/wp\/v2\/product\/44446\/revisions"}],"wp:featuredmedia":[{"embeddable":true,"href":"https:\/\/skinstudio.ee\/lt\/wp-json\/wp\/v2\/media\/67676"}],"wp:attachment":[{"href":"https:\/\/skinstudio.ee\/lt\/wp-json\/wp\/v2\/media?parent=44446"}],"wp:term":[{"taxonomy":"pwb-brand","embeddable":true,"href":"https:\/\/skinstudio.ee\/lt\/wp-json\/wp\/v2\/pwb-brand?post=44446"},{"taxonomy":"product_brand","embeddable":true,"href":"https:\/\/skinstudio.ee\/lt\/wp-json\/wp\/v2\/product_brand?post=44446"},{"taxonomy":"product_cat","embeddable":true,"href":"https:\/\/skinstudio.ee\/lt\/wp-json\/wp\/v2\/product_cat?post=44446"},{"taxonomy":"product_tag","embeddable":true,"href":"https:\/\/skinstudio.ee\/lt\/wp-json\/wp\/v2\/product_tag?post=44446"},{"taxonomy":"giftcard-category","embeddable":true,"href":"https:\/\/skinstudio.ee\/lt\/wp-json\/wp\/v2\/giftcard-category?post=44446"}],"curies":[{"name":"wp","href":"https:\/\/api.w.org\/{rel}","templated":true}]}}