{"id":44462,"date":"2025-08-15T09:54:11","date_gmt":"2025-08-15T09:54:11","guid":{"rendered":"https:\/\/skinstudio.ee\/?post_type=product&#038;p=44462"},"modified":"2026-01-19T15:13:30","modified_gmt":"2026-01-19T15:13:30","slug":"hydra-gen-face-cream","status":"publish","type":"product","link":"https:\/\/skinstudio.ee\/lt\/catalog\/natinuel\/hydra-gen-face-cream\/","title":{"rendered":"Hydra Gen Face Cream"},"content":{"rendered":"<p data-start=\"983\" data-end=\"1327\">Kremas, pasi\u017eymintis didele biochemine veikla. Jo turtinga formul\u0117 u\u017etikrina optimal\u0173 odos dr\u0117gm\u0117s atk\u016brim\u0105, si\u0173sdamas tinkamus biologinius signalus, kurie skatina dr\u0117kinim\u0105. D\u0117l specifini\u0173 veikli\u0173j\u0173 med\u017eiag\u0173 sustiprinamos odos funkcijos, b\u016btinos apsaugoti j\u0105 nuo neigiamo aplinkos poveikio, ultravioletin\u0117s spinduliuot\u0117s ir chemini\u0173 ter\u0161al\u0173.<\/p>\n<p data-start=\"1329\" data-end=\"1495\">Idealus kremas sausos ir suskeld\u0117jusios odos prie\u017ei\u016brai. Kremas suteikia odai \u0161velnumo, dr\u0117gm\u0117s ir komforto; oda tinkamai sudr\u0117kinta, atsipalaidavusi ir pri\u017ei\u016br\u0117ta.<\/p>\n<p data-start=\"1497\" data-end=\"1515\"><strong data-start=\"1497\" data-end=\"1507\">T\u016bris:<\/strong> 50 ml<\/p>\n","protected":false},"excerpt":{"rendered":"<p data-start=\"1593\" data-end=\"1631\">Intensyviai dr\u0117kinantis veido kremas<\/p>\n<h2 data-start=\"1633\" data-end=\"1878\"><strong data-start=\"1633\" data-end=\"1674\">Natinuel Hydra Gen Face Cream savyb\u0117s<\/strong><\/h2>\n<p data-start=\"1633\" data-end=\"1878\" data-is-last-node=\"\" data-is-only-node=\"\">\u2714\ufe0f Akimirksniu prisotina od\u0105 dr\u0117gm\u0117s<br data-start=\"1713\" data-end=\"1716\" \/>\u2714\ufe0f Atkuria optimal\u0173 dr\u0117kinimo lyg\u012f<br data-start=\"1750\" data-end=\"1753\" \/>\u2714\ufe0f Pagerina elastingum\u0105 ir \u0161velnum\u0105<br data-start=\"1788\" data-end=\"1791\" \/>\u2714\ufe0f I\u0161lygina smulkias sausumo rauk\u0161leles<br data-start=\"1830\" data-end=\"1833\" \/>\u2714\ufe0f Apsaugo nuo dr\u0117gm\u0117s praradimo vis\u0105 dien\u0105<\/p>\n","protected":false},"featured_media":67671,"template":"","meta":[],"pwb-brand":[1128],"product_brand":[],"product_cat":[738,740],"product_tag":[],"giftcard-category":[],"class_list":{"0":"post-44462","1":"product","2":"type-product","3":"status-publish","4":"has-post-thumbnail","6":"pwb-brand-natinuel","7":"product_cat-drekinimas","8":"product_cat-sausai-odai","10":"first","11":"instock","12":"taxable","13":"shipping-taxable","14":"purchasable","15":"product-type-simple"},"acf":[],"brands":[{"id":1128,"name":"Natinuel","slug":"natinuel"}],"_links":{"self":[{"href":"https:\/\/skinstudio.ee\/lt\/wp-json\/wp\/v2\/product\/44462","targetHints":{"allow":["GET"]}}],"collection":[{"href":"https:\/\/skinstudio.ee\/lt\/wp-json\/wp\/v2\/product"}],"about":[{"href":"https:\/\/skinstudio.ee\/lt\/wp-json\/wp\/v2\/types\/product"}],"version-history":[{"count":0,"href":"https:\/\/skinstudio.ee\/lt\/wp-json\/wp\/v2\/product\/44462\/revisions"}],"wp:featuredmedia":[{"embeddable":true,"href":"https:\/\/skinstudio.ee\/lt\/wp-json\/wp\/v2\/media\/67671"}],"wp:attachment":[{"href":"https:\/\/skinstudio.ee\/lt\/wp-json\/wp\/v2\/media?parent=44462"}],"wp:term":[{"taxonomy":"pwb-brand","embeddable":true,"href":"https:\/\/skinstudio.ee\/lt\/wp-json\/wp\/v2\/pwb-brand?post=44462"},{"taxonomy":"product_brand","embeddable":true,"href":"https:\/\/skinstudio.ee\/lt\/wp-json\/wp\/v2\/product_brand?post=44462"},{"taxonomy":"product_cat","embeddable":true,"href":"https:\/\/skinstudio.ee\/lt\/wp-json\/wp\/v2\/product_cat?post=44462"},{"taxonomy":"product_tag","embeddable":true,"href":"https:\/\/skinstudio.ee\/lt\/wp-json\/wp\/v2\/product_tag?post=44462"},{"taxonomy":"giftcard-category","embeddable":true,"href":"https:\/\/skinstudio.ee\/lt\/wp-json\/wp\/v2\/giftcard-category?post=44462"}],"curies":[{"name":"wp","href":"https:\/\/api.w.org\/{rel}","templated":true}]}}