{"id":44477,"date":"2025-08-15T10:10:35","date_gmt":"2025-08-15T10:10:35","guid":{"rendered":"https:\/\/skinstudio.ee\/?post_type=product&#038;p=44477"},"modified":"2026-01-19T15:13:28","modified_gmt":"2026-01-19T15:13:28","slug":"bio-soft-phas-8-face-cream","status":"publish","type":"product","link":"https:\/\/skinstudio.ee\/lt\/catalog\/natinuel\/bio-soft-phas-8-face-cream\/","title":{"rendered":"Bio Soft PHAs 8% Face Cream"},"content":{"rendered":"<p data-start=\"934\" data-end=\"1476\">Specifin\u0117s PHA r\u016bg\u0161tys, tokios kaip glukonolaktonas ir laktobiono r\u016bg\u0161tis, kartu su specialiu peptidu ir lipoine r\u016bg\u0161timi, sukuria ideal\u0173 mi\u0161in\u012f, kuris atnaujina ir regeneruoja od\u0105. Veikdamos sinergi\u0161kai su kitomis veikliosiomis med\u017eiagomis, jos stabilizuoja optimal\u0173 gilumin\u012f ir pavir\u0161in\u012f dr\u0117kinim\u0105 bei stiprina odos barjer\u0105. Ilgalaikis kremo naudojimas veikia kaip atjauninanti proced\u016bra. Padidina odos elastingum\u0105 ir stangrum\u0105, i\u0161lygina atspalv\u012f. Rezultatas \u2013 biologinis odos atjauninimas: oda tampa elastingesn\u0117, glotnesn\u0117 ir dr\u0117kinama.<\/p>\n<p data-start=\"1478\" data-end=\"1496\"><strong data-start=\"1478\" data-end=\"1488\">T\u016bris:<\/strong> 50 ml<\/p>\n","protected":false},"excerpt":{"rendered":"<p data-start=\"1574\" data-end=\"1607\">Kremas su PHA odos atnaujinimui<\/p>\n<h2 data-start=\"1609\" data-end=\"1885\"><strong data-start=\"1609\" data-end=\"1657\">Natinuel Bio Soft PHAs 8% Face Cream savyb\u0117s<\/strong><\/h2>\n<p data-start=\"1609\" data-end=\"1885\" data-is-last-node=\"\" data-is-only-node=\"\">\u2714\ufe0f \u0160velniai eksfolijuoja ir skatina odos atsinaujinim\u0105<br data-start=\"1714\" data-end=\"1717\" \/>\u2714\ufe0f Giliai dr\u0117kina ir palaiko vandens balans\u0105<br data-start=\"1761\" data-end=\"1764\" \/>\u2714\ufe0f Ma\u017eina jautrum\u0105 ir sudirginim\u0105<br data-start=\"1797\" data-end=\"1800\" \/>\u2714\ufe0f Sulygina odos atspalv\u012f ir pagerina tekst\u016br\u0105<br data-start=\"1846\" data-end=\"1849\" \/>\u2714\ufe0f Stiprina odos apsaugin\u012f barjer\u0105<\/p>\n","protected":false},"featured_media":67666,"template":"","meta":[],"pwb-brand":[1128],"product_brand":[],"product_cat":[738,746],"product_tag":[],"giftcard-category":[],"class_list":{"0":"post-44477","1":"product","2":"type-product","3":"status-publish","4":"has-post-thumbnail","6":"pwb-brand-natinuel","7":"product_cat-drekinimas","8":"product_cat-jautriai-odai","10":"first","11":"instock","12":"taxable","13":"shipping-taxable","14":"purchasable","15":"product-type-simple"},"acf":[],"brands":[{"id":1128,"name":"Natinuel","slug":"natinuel"}],"_links":{"self":[{"href":"https:\/\/skinstudio.ee\/lt\/wp-json\/wp\/v2\/product\/44477","targetHints":{"allow":["GET"]}}],"collection":[{"href":"https:\/\/skinstudio.ee\/lt\/wp-json\/wp\/v2\/product"}],"about":[{"href":"https:\/\/skinstudio.ee\/lt\/wp-json\/wp\/v2\/types\/product"}],"version-history":[{"count":0,"href":"https:\/\/skinstudio.ee\/lt\/wp-json\/wp\/v2\/product\/44477\/revisions"}],"wp:featuredmedia":[{"embeddable":true,"href":"https:\/\/skinstudio.ee\/lt\/wp-json\/wp\/v2\/media\/67666"}],"wp:attachment":[{"href":"https:\/\/skinstudio.ee\/lt\/wp-json\/wp\/v2\/media?parent=44477"}],"wp:term":[{"taxonomy":"pwb-brand","embeddable":true,"href":"https:\/\/skinstudio.ee\/lt\/wp-json\/wp\/v2\/pwb-brand?post=44477"},{"taxonomy":"product_brand","embeddable":true,"href":"https:\/\/skinstudio.ee\/lt\/wp-json\/wp\/v2\/product_brand?post=44477"},{"taxonomy":"product_cat","embeddable":true,"href":"https:\/\/skinstudio.ee\/lt\/wp-json\/wp\/v2\/product_cat?post=44477"},{"taxonomy":"product_tag","embeddable":true,"href":"https:\/\/skinstudio.ee\/lt\/wp-json\/wp\/v2\/product_tag?post=44477"},{"taxonomy":"giftcard-category","embeddable":true,"href":"https:\/\/skinstudio.ee\/lt\/wp-json\/wp\/v2\/giftcard-category?post=44477"}],"curies":[{"name":"wp","href":"https:\/\/api.w.org\/{rel}","templated":true}]}}