{"id":44494,"date":"2025-08-15T10:20:01","date_gmt":"2025-08-15T10:20:01","guid":{"rendered":"https:\/\/skinstudio.ee\/?post_type=product&#038;p=44494"},"modified":"2026-01-19T15:13:28","modified_gmt":"2026-01-19T15:13:28","slug":"bio-delis-pha-aha-10-face-cream","status":"publish","type":"product","link":"https:\/\/skinstudio.ee\/lt\/catalog\/natinuel\/bio-delis-pha-aha-10-face-cream\/","title":{"rendered":"Bio Delis PHA-AHA 10% Face Cream"},"content":{"rendered":"<p data-start=\"1079\" data-end=\"1717\">Atjauninantis kremas odos sen\u0117jimo vidurin\u0117je stadijoje. Pritaikytas mi\u0161riai ir riebiai odai. Unikalus migdol\u0173 r\u016bg\u0161ties ir reguliuojan\u010di\u0173 peptid\u0173 derinys suteikia daugialyp\u012f poveik\u012f. Migdol\u0173 r\u016bg\u0161tis pasi\u017eymi keratoplastin\u0117mis ir antiseptin\u0117mis savyb\u0117mis, padeda i\u0161valyti poras ir suma\u017einti mikro u\u017edegimus. Peptid\u0173 sinergija padeda u\u017ekirsti keli\u0105 rauk\u0161li\u0173 atsiradimui, aktyvuojant fibroblastus, skatinant kolageno ir elastino sintez\u0119, o tai lemia pastebim\u0105 odos b\u016bkl\u0117s pager\u0117jim\u0105. Ilgalaikis naudojimas suteikia atjauninimo proced\u016br\u0173 kurso efekt\u0105. Rezultatas \u2013 biologinis odos atjauninimas: oda tampa elastingesn\u0117, lygesn\u0117 ir dr\u0117kinama.<\/p>\n<p data-start=\"1719\" data-end=\"1737\"><strong data-start=\"1719\" data-end=\"1729\">T\u016bris:<\/strong> 50 ml<\/p>\n","protected":false},"excerpt":{"rendered":"<p data-start=\"1815\" data-end=\"1854\">Kremas su r\u016bg\u0161timis odos atnaujinimui<\/p>\n<h2 data-start=\"1856\" data-end=\"2144\"><strong data-start=\"1856\" data-end=\"1909\">Natinuel Bio Delis PHA-AHA 10% Face Cream savyb\u0117s<\/strong><\/h2>\n<p data-start=\"1856\" data-end=\"2144\" data-is-last-node=\"\" data-is-only-node=\"\">\u2714\ufe0f Skatina l\u0105steli\u0173 atsinaujinim\u0105 ir pa\u0161alina negyv\u0105 odos sluoksn\u012f<br data-start=\"1978\" data-end=\"1981\" \/>\u2714\ufe0f Sulygina atspalv\u012f ir pagerina tekst\u016br\u0105<br data-start=\"2022\" data-end=\"2025\" \/>\u2714\ufe0f Suteikia odai gaivi\u0105 ir sveik\u0105 i\u0161vaizd\u0105<br data-start=\"2067\" data-end=\"2070\" \/>\u2714\ufe0f Giliai dr\u0117kina ir mink\u0161tina<br data-start=\"2100\" data-end=\"2103\" \/>\u2714\ufe0f Didina odos elastingum\u0105 ir stangrum\u0105<\/p>\n","protected":false},"featured_media":67661,"template":"","meta":[],"pwb-brand":[1128],"product_brand":[],"product_cat":[738,748],"product_tag":[],"giftcard-category":[],"class_list":{"0":"post-44494","1":"product","2":"type-product","3":"status-publish","4":"has-post-thumbnail","6":"pwb-brand-natinuel","7":"product_cat-drekinimas","8":"product_cat-taukainai-adai-lt","10":"first","11":"instock","12":"taxable","13":"shipping-taxable","14":"purchasable","15":"product-type-simple"},"acf":[],"brands":[{"id":1128,"name":"Natinuel","slug":"natinuel"}],"_links":{"self":[{"href":"https:\/\/skinstudio.ee\/lt\/wp-json\/wp\/v2\/product\/44494","targetHints":{"allow":["GET"]}}],"collection":[{"href":"https:\/\/skinstudio.ee\/lt\/wp-json\/wp\/v2\/product"}],"about":[{"href":"https:\/\/skinstudio.ee\/lt\/wp-json\/wp\/v2\/types\/product"}],"version-history":[{"count":0,"href":"https:\/\/skinstudio.ee\/lt\/wp-json\/wp\/v2\/product\/44494\/revisions"}],"wp:featuredmedia":[{"embeddable":true,"href":"https:\/\/skinstudio.ee\/lt\/wp-json\/wp\/v2\/media\/67661"}],"wp:attachment":[{"href":"https:\/\/skinstudio.ee\/lt\/wp-json\/wp\/v2\/media?parent=44494"}],"wp:term":[{"taxonomy":"pwb-brand","embeddable":true,"href":"https:\/\/skinstudio.ee\/lt\/wp-json\/wp\/v2\/pwb-brand?post=44494"},{"taxonomy":"product_brand","embeddable":true,"href":"https:\/\/skinstudio.ee\/lt\/wp-json\/wp\/v2\/product_brand?post=44494"},{"taxonomy":"product_cat","embeddable":true,"href":"https:\/\/skinstudio.ee\/lt\/wp-json\/wp\/v2\/product_cat?post=44494"},{"taxonomy":"product_tag","embeddable":true,"href":"https:\/\/skinstudio.ee\/lt\/wp-json\/wp\/v2\/product_tag?post=44494"},{"taxonomy":"giftcard-category","embeddable":true,"href":"https:\/\/skinstudio.ee\/lt\/wp-json\/wp\/v2\/giftcard-category?post=44494"}],"curies":[{"name":"wp","href":"https:\/\/api.w.org\/{rel}","templated":true}]}}