{"id":44510,"date":"2025-08-15T10:30:27","date_gmt":"2025-08-15T10:30:27","guid":{"rendered":"https:\/\/skinstudio.ee\/?post_type=product&#038;p=44510"},"modified":"2026-01-19T15:13:28","modified_gmt":"2026-01-19T15:13:28","slug":"bio-derm-amphoteric-system-face-cream","status":"publish","type":"product","link":"https:\/\/skinstudio.ee\/lt\/catalog\/natinuel\/bio-derm-amphoteric-system-face-cream\/","title":{"rendered":"Bio Derm Amphoteric System Face Cream"},"content":{"rendered":"<p data-start=\"1225\" data-end=\"1656\">Bio Derm \u2013 tai mokslinis atsakas \u012f nor\u0105 tur\u0117ti biologi\u0161kai jaunesn\u0119 od\u0105, nei rodo paso am\u017eius. Jo ypatinga formul\u0117 turi itin aktyvi\u0173 ingredient\u0173. Kremo sud\u0117tis naudoja stipri\u0105 komponent\u0173 biochemin\u0119 sinergij\u0105, kuri skatina odos audini\u0173 atsinaujinim\u0105 ir regeneracij\u0105 keliais lygmenimis bei yra matomo atjauninimo pagrindas. Produktas pagerina brand\u017eios odos stangrum\u0105 ir elastingum\u0105, palaipsniui i\u0161lygindamas \u012fvairi\u0173 tip\u0173 rauk\u0161les.<\/p>\n<p data-start=\"1658\" data-end=\"2001\">Kremas skatina naujo kolageno, elastino, glikozaminoglikan\u0173 (GAG) ir proteoglikan\u0173 gamyb\u0105, pagreitina l\u0105steli\u0173 regeneracij\u0105, aktyvina energinius mechanizmus, reguliuojan\u010dius med\u017eiag\u0173 apykaitos procesus, apsaugo odos strukt\u016br\u0105 nuo laisv\u0173j\u0173 radikal\u0173 \u017ealingo poveikio, turi antiglikacijos savybi\u0173 ir padeda palaikyti optimal\u0173 odos dr\u0117gm\u0117s lyg\u012f.<\/p>\n<p data-start=\"2003\" data-end=\"2021\"><strong data-start=\"2003\" data-end=\"2013\">T\u016bris:<\/strong> 50 ml<\/p>\n","protected":false},"excerpt":{"rendered":"<p data-start=\"2099\" data-end=\"2142\">Atkuriamasis kremas su amfoterine sistema<\/p>\n<h2 data-start=\"2144\" data-end=\"2426\"><strong data-start=\"2144\" data-end=\"2202\">Natinuel Bio Derm Amphoteric System Face Cream savyb\u0117s<\/strong><\/h2>\n<p data-start=\"2144\" data-end=\"2426\" data-is-last-node=\"\" data-is-only-node=\"\">\u2714\ufe0f Giliai atkuria od\u0105 l\u0105steli\u0173 lygiu<br data-start=\"2241\" data-end=\"2244\" \/>\u2714\ufe0f Pagerina stangrum\u0105 ir suteikia tankumo<br data-start=\"2285\" data-end=\"2288\" \/>\u2714\ufe0f I\u0161lygina rauk\u0161les ir pagerina tekst\u016br\u0105<br data-start=\"2329\" data-end=\"2332\" \/>\u2714\ufe0f Apsaugo nuo oksidacinio streso ir glikacijos<br data-start=\"2379\" data-end=\"2382\" \/>\u2714\ufe0f Palaiko ilgalaik\u012f dr\u0117kinim\u0105 ir komfort\u0105<\/p>\n","protected":false},"featured_media":67656,"template":"","meta":[],"pwb-brand":[1128],"product_brand":[],"product_cat":[738,750],"product_tag":[],"giftcard-category":[],"class_list":{"0":"post-44510","1":"product","2":"type-product","3":"status-publish","4":"has-post-thumbnail","6":"pwb-brand-natinuel","7":"product_cat-drekinimas","8":"product_cat-senstanti-oda","10":"first","11":"instock","12":"taxable","13":"shipping-taxable","14":"purchasable","15":"product-type-simple"},"acf":[],"brands":[{"id":1128,"name":"Natinuel","slug":"natinuel"}],"_links":{"self":[{"href":"https:\/\/skinstudio.ee\/lt\/wp-json\/wp\/v2\/product\/44510","targetHints":{"allow":["GET"]}}],"collection":[{"href":"https:\/\/skinstudio.ee\/lt\/wp-json\/wp\/v2\/product"}],"about":[{"href":"https:\/\/skinstudio.ee\/lt\/wp-json\/wp\/v2\/types\/product"}],"version-history":[{"count":0,"href":"https:\/\/skinstudio.ee\/lt\/wp-json\/wp\/v2\/product\/44510\/revisions"}],"wp:featuredmedia":[{"embeddable":true,"href":"https:\/\/skinstudio.ee\/lt\/wp-json\/wp\/v2\/media\/67656"}],"wp:attachment":[{"href":"https:\/\/skinstudio.ee\/lt\/wp-json\/wp\/v2\/media?parent=44510"}],"wp:term":[{"taxonomy":"pwb-brand","embeddable":true,"href":"https:\/\/skinstudio.ee\/lt\/wp-json\/wp\/v2\/pwb-brand?post=44510"},{"taxonomy":"product_brand","embeddable":true,"href":"https:\/\/skinstudio.ee\/lt\/wp-json\/wp\/v2\/product_brand?post=44510"},{"taxonomy":"product_cat","embeddable":true,"href":"https:\/\/skinstudio.ee\/lt\/wp-json\/wp\/v2\/product_cat?post=44510"},{"taxonomy":"product_tag","embeddable":true,"href":"https:\/\/skinstudio.ee\/lt\/wp-json\/wp\/v2\/product_tag?post=44510"},{"taxonomy":"giftcard-category","embeddable":true,"href":"https:\/\/skinstudio.ee\/lt\/wp-json\/wp\/v2\/giftcard-category?post=44510"}],"curies":[{"name":"wp","href":"https:\/\/api.w.org\/{rel}","templated":true}]}}