{"id":44530,"date":"2025-08-15T10:50:40","date_gmt":"2025-08-15T10:50:40","guid":{"rendered":"https:\/\/skinstudio.ee\/?post_type=product&#038;p=44530"},"modified":"2026-01-19T15:13:29","modified_gmt":"2026-01-19T15:13:29","slug":"firmin-30-face-cream","status":"publish","type":"product","link":"https:\/\/skinstudio.ee\/lt\/catalog\/natinuel\/firmin-30-face-cream\/","title":{"rendered":"Firmin 30 Face Cream"},"content":{"rendered":"<p data-start=\"833\" data-end=\"1215\">FIRMIN 30 \u2013 daugiafunkcis kremas su giliu dermatologiniu poveikiu. Sukurtas odos su pirmais sen\u0117jimo po\u017eymiais prie\u017ei\u016brai. Sud\u0117tyje yra unikali\u0173 veikli\u0173j\u0173 med\u017eiag\u0173, gaut\u0173 i\u0161 naujausi\u0173 biotechnologij\u0173 ir pa\u017eangi\u0173 odos sen\u0117jimo tyrim\u0173. J\u0173 sinerginis poveikis suteikia odai komponentus, reikalingus visi\u0161kam regeneracijos ir rekonstrukcijos procesui odos ECM (l\u0105stelin\u0117je matricoje).<\/p>\n<p data-start=\"1217\" data-end=\"1235\"><strong data-start=\"1217\" data-end=\"1227\">T\u016bris:<\/strong> 50 ml<\/p>\n","protected":false},"excerpt":{"rendered":"<p data-start=\"1313\" data-end=\"1354\">Liftingo kremas odos stangrumui gerinti<\/p>\n<h2 data-start=\"1356\" data-end=\"1603\"><strong data-start=\"1356\" data-end=\"1397\">Natinuel Firmin 30 Face Cream savyb\u0117s<\/strong><\/h2>\n<p data-start=\"1356\" data-end=\"1603\" data-is-last-node=\"\" data-is-only-node=\"\">\u2714\ufe0f Stiprina odos strukt\u016br\u0105 ir didina tank\u012f<br data-start=\"1442\" data-end=\"1445\" \/>\u2714\ufe0f Pakelia ir pagerina veido kont\u016brus<br data-start=\"1482\" data-end=\"1485\" \/>\u2714\ufe0f I\u0161lygina smulkias ir vidutines rauk\u0161les<br data-start=\"1527\" data-end=\"1530\" \/>\u2714\ufe0f Pagerina odos ton\u0105 ir elastingum\u0105<br data-start=\"1566\" data-end=\"1569\" \/>\u2714\ufe0f Palaiko optimal\u0173 dr\u0117gm\u0117s lyg\u012f<\/p>\n","protected":false},"featured_media":67651,"template":"","meta":[],"pwb-brand":[1128],"product_brand":[],"product_cat":[738,750],"product_tag":[],"giftcard-category":[],"class_list":{"0":"post-44530","1":"product","2":"type-product","3":"status-publish","4":"has-post-thumbnail","6":"pwb-brand-natinuel","7":"product_cat-drekinimas","8":"product_cat-senstanti-oda","10":"first","11":"instock","12":"taxable","13":"shipping-taxable","14":"purchasable","15":"product-type-simple"},"acf":[],"brands":[{"id":1128,"name":"Natinuel","slug":"natinuel"}],"_links":{"self":[{"href":"https:\/\/skinstudio.ee\/lt\/wp-json\/wp\/v2\/product\/44530","targetHints":{"allow":["GET"]}}],"collection":[{"href":"https:\/\/skinstudio.ee\/lt\/wp-json\/wp\/v2\/product"}],"about":[{"href":"https:\/\/skinstudio.ee\/lt\/wp-json\/wp\/v2\/types\/product"}],"version-history":[{"count":0,"href":"https:\/\/skinstudio.ee\/lt\/wp-json\/wp\/v2\/product\/44530\/revisions"}],"wp:featuredmedia":[{"embeddable":true,"href":"https:\/\/skinstudio.ee\/lt\/wp-json\/wp\/v2\/media\/67651"}],"wp:attachment":[{"href":"https:\/\/skinstudio.ee\/lt\/wp-json\/wp\/v2\/media?parent=44530"}],"wp:term":[{"taxonomy":"pwb-brand","embeddable":true,"href":"https:\/\/skinstudio.ee\/lt\/wp-json\/wp\/v2\/pwb-brand?post=44530"},{"taxonomy":"product_brand","embeddable":true,"href":"https:\/\/skinstudio.ee\/lt\/wp-json\/wp\/v2\/product_brand?post=44530"},{"taxonomy":"product_cat","embeddable":true,"href":"https:\/\/skinstudio.ee\/lt\/wp-json\/wp\/v2\/product_cat?post=44530"},{"taxonomy":"product_tag","embeddable":true,"href":"https:\/\/skinstudio.ee\/lt\/wp-json\/wp\/v2\/product_tag?post=44530"},{"taxonomy":"giftcard-category","embeddable":true,"href":"https:\/\/skinstudio.ee\/lt\/wp-json\/wp\/v2\/giftcard-category?post=44530"}],"curies":[{"name":"wp","href":"https:\/\/api.w.org\/{rel}","templated":true}]}}