{"id":44546,"date":"2025-08-15T11:01:41","date_gmt":"2025-08-15T11:01:41","guid":{"rendered":"https:\/\/skinstudio.ee\/?post_type=product&#038;p=44546"},"modified":"2026-01-19T15:13:29","modified_gmt":"2026-01-19T15:13:29","slug":"firmin-up-40-face-cream","status":"publish","type":"product","link":"https:\/\/skinstudio.ee\/lt\/catalog\/natinuel\/firmin-up-40-face-cream\/","title":{"rendered":"Firmin Up 40+ Face Cream"},"content":{"rendered":"<p data-start=\"974\" data-end=\"1527\">FIRMIN UP 40 \u2013 ypatingas bioceutinis kremas su ry\u0161kiu dermatologiniu poveikiu. Kruop\u0161\u010diai atrinkti auk\u0161t\u0173j\u0173 technologij\u0173 ingredientai kompensuoja funkcin\u012f deficit\u0105, kur\u012f sukelia hormoniniai poky\u010diai senstan\u010dioje odoje. Kremo formul\u0117 skatina kolageno ir elastino sintez\u0119, stiprina tarpl\u0105stelin\u0119 matric\u0105, gerina mikrocirkuliacij\u0105 ir l\u0105steli\u0173 med\u017eiag\u0173 apykait\u0105. Produktas pastebimai padidina odos tank\u012f ir elastingum\u0105, pakelia veido kont\u016brus, suma\u017eina rauk\u0161li\u0173 gyl\u012f ir atstato komfort\u0105. Reguliariai naudojant, oda tampa lygesn\u0117, elastingesn\u0117 ir gaivesn\u0117.<\/p>\n<p data-start=\"1529\" data-end=\"1547\"><strong data-start=\"1529\" data-end=\"1539\">T\u016bris:<\/strong> 50 ml<\/p>\n","protected":false},"excerpt":{"rendered":"<p data-start=\"1625\" data-end=\"1674\">Liftingo kremas odos stangrumui ir atjauninimui<\/p>\n<h2 data-start=\"1676\" data-end=\"1929\"><strong data-start=\"1676\" data-end=\"1721\">Natinuel Firmin Up 40+ Face Cream savyb\u0117s<\/strong><\/h2>\n<p data-start=\"1676\" data-end=\"1929\" data-is-last-node=\"\" data-is-only-node=\"\">\u2714\ufe0f Stiprina odos strukt\u016br\u0105 ir didina tank\u012f<br data-start=\"1766\" data-end=\"1769\" \/>\u2714\ufe0f Pakelia veido ir kaklo kont\u016brus<br data-start=\"1803\" data-end=\"1806\" \/>\u2714\ufe0f Ma\u017eina rauk\u0161li\u0173 gyl\u012f ir matomum\u0105<br data-start=\"1841\" data-end=\"1844\" \/>\u2714\ufe0f Pagerina odos ton\u0105 ir elastingum\u0105<br data-start=\"1880\" data-end=\"1883\" \/>\u2714\ufe0f U\u017etikrina ilgalaik\u012f dr\u0117kinim\u0105 ir komfort\u0105<\/p>\n","protected":false},"featured_media":67646,"template":"","meta":[],"pwb-brand":[1128],"product_brand":[],"product_cat":[738,750],"product_tag":[],"giftcard-category":[],"class_list":{"0":"post-44546","1":"product","2":"type-product","3":"status-publish","4":"has-post-thumbnail","6":"pwb-brand-natinuel","7":"product_cat-drekinimas","8":"product_cat-senstanti-oda","10":"first","11":"instock","12":"taxable","13":"shipping-taxable","14":"purchasable","15":"product-type-simple"},"acf":[],"brands":[{"id":1128,"name":"Natinuel","slug":"natinuel"}],"_links":{"self":[{"href":"https:\/\/skinstudio.ee\/lt\/wp-json\/wp\/v2\/product\/44546","targetHints":{"allow":["GET"]}}],"collection":[{"href":"https:\/\/skinstudio.ee\/lt\/wp-json\/wp\/v2\/product"}],"about":[{"href":"https:\/\/skinstudio.ee\/lt\/wp-json\/wp\/v2\/types\/product"}],"version-history":[{"count":0,"href":"https:\/\/skinstudio.ee\/lt\/wp-json\/wp\/v2\/product\/44546\/revisions"}],"wp:featuredmedia":[{"embeddable":true,"href":"https:\/\/skinstudio.ee\/lt\/wp-json\/wp\/v2\/media\/67646"}],"wp:attachment":[{"href":"https:\/\/skinstudio.ee\/lt\/wp-json\/wp\/v2\/media?parent=44546"}],"wp:term":[{"taxonomy":"pwb-brand","embeddable":true,"href":"https:\/\/skinstudio.ee\/lt\/wp-json\/wp\/v2\/pwb-brand?post=44546"},{"taxonomy":"product_brand","embeddable":true,"href":"https:\/\/skinstudio.ee\/lt\/wp-json\/wp\/v2\/product_brand?post=44546"},{"taxonomy":"product_cat","embeddable":true,"href":"https:\/\/skinstudio.ee\/lt\/wp-json\/wp\/v2\/product_cat?post=44546"},{"taxonomy":"product_tag","embeddable":true,"href":"https:\/\/skinstudio.ee\/lt\/wp-json\/wp\/v2\/product_tag?post=44546"},{"taxonomy":"giftcard-category","embeddable":true,"href":"https:\/\/skinstudio.ee\/lt\/wp-json\/wp\/v2\/giftcard-category?post=44546"}],"curies":[{"name":"wp","href":"https:\/\/api.w.org\/{rel}","templated":true}]}}