{"id":44562,"date":"2025-08-15T11:09:50","date_gmt":"2025-08-15T11:09:50","guid":{"rendered":"https:\/\/skinstudio.ee\/?post_type=product&#038;p=44562"},"modified":"2026-01-19T15:13:30","modified_gmt":"2026-01-19T15:13:30","slug":"the-look-eyes-contour-cream","status":"publish","type":"product","link":"https:\/\/skinstudio.ee\/lt\/catalog\/natinuel\/the-look-eyes-contour-cream\/","title":{"rendered":"The Look Eyes Contour Cream"},"content":{"rendered":"<p data-start=\"886\" data-end=\"951\">Liftingo ir jauninamasis aki\u0173 kont\u016bro kremas su botokso efektu.<\/p>\n<p data-start=\"953\" data-end=\"1312\">Naujos kartos bioceutinis produktas, turintis plat\u0173 poveik\u012f. D\u0117l didel\u0117s koncentracijos veikli\u0173j\u0173 med\u017eiag\u0173 jis veiksmingai sprend\u017eia daugel\u012f odos tr\u016bkum\u0173 aplink akis: elastingumo praradim\u0105, dehidratacij\u0105, mimikos rauk\u0161les, tamsius ratilus ir paburkim\u0105 po akimis. B\u016btent tod\u0117l THE LOOK yra idealus kremas visapusi\u0161kam aki\u0173 srities atnaujinimui ir jauninimui.<\/p>\n<p data-start=\"1314\" data-end=\"1332\"><strong data-start=\"1314\" data-end=\"1324\">T\u016bris:<\/strong> 15 ml<\/p>\n","protected":false},"excerpt":{"rendered":"<p data-start=\"1410\" data-end=\"1443\">Jauninantis aki\u0173 kont\u016bro kremas<\/p>\n<h2 data-start=\"1445\" data-end=\"1725\"><strong data-start=\"1445\" data-end=\"1493\">Natinuel The Look Eyes Contour Cream savyb\u0117s<\/strong><\/h2>\n<p data-start=\"1445\" data-end=\"1725\" data-is-last-node=\"\" data-is-only-node=\"\">\u2714\ufe0f Ma\u017eina paburkim\u0105 ir tamsius ratilus po akimis<br data-start=\"1544\" data-end=\"1547\" \/>\u2714\ufe0f Lygina smulkias rauk\u0161leles ir \u201evarnos kojeles\u201d<br data-start=\"1596\" data-end=\"1599\" \/>\u2714\ufe0f Gerina vok\u0173 odos elastingum\u0105 ir tank\u012f<br data-start=\"1639\" data-end=\"1642\" \/>\u2714\ufe0f Dr\u0117kina ir mink\u0161tina \u0161velni\u0105 od\u0105<br data-start=\"1677\" data-end=\"1680\" \/>\u2714\ufe0f Atgaivina \u017evilgsn\u012f ir suteikia spindesio<\/p>\n","protected":false},"featured_media":67641,"template":"","meta":[],"pwb-brand":[1128],"product_brand":[],"product_cat":[734,750],"product_tag":[],"giftcard-category":[],"class_list":{"0":"post-44562","1":"product","2":"type-product","3":"status-publish","4":"has-post-thumbnail","6":"pwb-brand-natinuel","7":"product_cat-oda-aplink-akis","8":"product_cat-senstanti-oda","10":"first","11":"instock","12":"taxable","13":"shipping-taxable","14":"purchasable","15":"product-type-simple"},"acf":[],"brands":[{"id":1128,"name":"Natinuel","slug":"natinuel"}],"_links":{"self":[{"href":"https:\/\/skinstudio.ee\/lt\/wp-json\/wp\/v2\/product\/44562","targetHints":{"allow":["GET"]}}],"collection":[{"href":"https:\/\/skinstudio.ee\/lt\/wp-json\/wp\/v2\/product"}],"about":[{"href":"https:\/\/skinstudio.ee\/lt\/wp-json\/wp\/v2\/types\/product"}],"version-history":[{"count":0,"href":"https:\/\/skinstudio.ee\/lt\/wp-json\/wp\/v2\/product\/44562\/revisions"}],"wp:featuredmedia":[{"embeddable":true,"href":"https:\/\/skinstudio.ee\/lt\/wp-json\/wp\/v2\/media\/67641"}],"wp:attachment":[{"href":"https:\/\/skinstudio.ee\/lt\/wp-json\/wp\/v2\/media?parent=44562"}],"wp:term":[{"taxonomy":"pwb-brand","embeddable":true,"href":"https:\/\/skinstudio.ee\/lt\/wp-json\/wp\/v2\/pwb-brand?post=44562"},{"taxonomy":"product_brand","embeddable":true,"href":"https:\/\/skinstudio.ee\/lt\/wp-json\/wp\/v2\/product_brand?post=44562"},{"taxonomy":"product_cat","embeddable":true,"href":"https:\/\/skinstudio.ee\/lt\/wp-json\/wp\/v2\/product_cat?post=44562"},{"taxonomy":"product_tag","embeddable":true,"href":"https:\/\/skinstudio.ee\/lt\/wp-json\/wp\/v2\/product_tag?post=44562"},{"taxonomy":"giftcard-category","embeddable":true,"href":"https:\/\/skinstudio.ee\/lt\/wp-json\/wp\/v2\/giftcard-category?post=44562"}],"curies":[{"name":"wp","href":"https:\/\/api.w.org\/{rel}","templated":true}]}}