{"id":44579,"date":"2025-08-15T12:03:06","date_gmt":"2025-08-15T12:03:06","guid":{"rendered":"https:\/\/skinstudio.ee\/?post_type=product&#038;p=44579"},"modified":"2026-01-19T15:13:28","modified_gmt":"2026-01-19T15:13:28","slug":"bio-eyes-aha-phas-6-contour-cream","status":"publish","type":"product","link":"https:\/\/skinstudio.ee\/lt\/catalog\/natinuel\/bio-eyes-aha-phas-6-contour-cream\/","title":{"rendered":"Bio Eyes AHA-PHAs 6% Contour Cream"},"content":{"rendered":"<p data-start=\"852\" data-end=\"899\">Biostimuliuojantis ir dr\u0117kinantis aki\u0173 kremas<\/p>\n<p data-start=\"901\" data-end=\"1285\">Sukurtas specialiai aki\u0173 srities odos regeneracijai ir biostimuliacijai. Unikali formul\u0117 sudaryta i\u0161 dviej\u0173 specifini\u0173 polihidroksi r\u016bg\u0161\u010di\u0173 (PHA), kurios kartu su unikalia alfa-hidroksi r\u016bg\u0161timi (AHA) bei lipoine ir obuoli\u0173 r\u016bg\u0161timis padeda restrukt\u016brizuoti ir atjauninti tiek epiderm\u012f, tiek derm\u0105. Nat\u016bralios kilm\u0117s med\u017eiagos ir hialurono r\u016bg\u0161tis atkuria tinkam\u0105 odos dr\u0117gm\u0117s lyg\u012f.<\/p>\n<p data-start=\"1287\" data-end=\"1305\"><strong data-start=\"1287\" data-end=\"1297\">T\u016bris:<\/strong> 30 ml<\/p>\n","protected":false},"excerpt":{"rendered":"<p data-start=\"1383\" data-end=\"1409\">Aki\u0173 kremas su r\u016bg\u0161timis<\/p>\n<h2 data-start=\"1411\" data-end=\"1725\"><strong data-start=\"1411\" data-end=\"1466\">Natinuel Bio Eyes AHA-PHAs 6% Contour Cream savyb\u0117s<\/strong><\/h2>\n<p data-start=\"1411\" data-end=\"1725\" data-is-last-node=\"\" data-is-only-node=\"\">\u2714\ufe0f \u0160velniai eksfolijuoja ir skatina odos atsinaujinim\u0105<br data-start=\"1523\" data-end=\"1526\" \/>\u2714\ufe0f Pa\u0161viesina ir sulygina odos atspalv\u012f aplink akis<br data-start=\"1577\" data-end=\"1580\" \/>\u2714\ufe0f Ma\u017eina tamsius ratilus ir nuovargio po\u017eymius<br data-start=\"1627\" data-end=\"1630\" \/>\u2714\ufe0f Pagerina elastingum\u0105 ir i\u0161lygina smulkias rauk\u0161leles<br data-start=\"1685\" data-end=\"1688\" \/>\u2714\ufe0f Dr\u0117kina ir mink\u0161tina \u0161velni\u0105 od\u0105<\/p>\n","protected":false},"featured_media":67636,"template":"","meta":[],"pwb-brand":[1128],"product_brand":[],"product_cat":[734,750],"product_tag":[],"giftcard-category":[],"class_list":{"0":"post-44579","1":"product","2":"type-product","3":"status-publish","4":"has-post-thumbnail","6":"pwb-brand-natinuel","7":"product_cat-oda-aplink-akis","8":"product_cat-senstanti-oda","10":"first","11":"instock","12":"taxable","13":"shipping-taxable","14":"purchasable","15":"product-type-simple"},"acf":[],"brands":[{"id":1128,"name":"Natinuel","slug":"natinuel"}],"_links":{"self":[{"href":"https:\/\/skinstudio.ee\/lt\/wp-json\/wp\/v2\/product\/44579","targetHints":{"allow":["GET"]}}],"collection":[{"href":"https:\/\/skinstudio.ee\/lt\/wp-json\/wp\/v2\/product"}],"about":[{"href":"https:\/\/skinstudio.ee\/lt\/wp-json\/wp\/v2\/types\/product"}],"version-history":[{"count":0,"href":"https:\/\/skinstudio.ee\/lt\/wp-json\/wp\/v2\/product\/44579\/revisions"}],"wp:featuredmedia":[{"embeddable":true,"href":"https:\/\/skinstudio.ee\/lt\/wp-json\/wp\/v2\/media\/67636"}],"wp:attachment":[{"href":"https:\/\/skinstudio.ee\/lt\/wp-json\/wp\/v2\/media?parent=44579"}],"wp:term":[{"taxonomy":"pwb-brand","embeddable":true,"href":"https:\/\/skinstudio.ee\/lt\/wp-json\/wp\/v2\/pwb-brand?post=44579"},{"taxonomy":"product_brand","embeddable":true,"href":"https:\/\/skinstudio.ee\/lt\/wp-json\/wp\/v2\/product_brand?post=44579"},{"taxonomy":"product_cat","embeddable":true,"href":"https:\/\/skinstudio.ee\/lt\/wp-json\/wp\/v2\/product_cat?post=44579"},{"taxonomy":"product_tag","embeddable":true,"href":"https:\/\/skinstudio.ee\/lt\/wp-json\/wp\/v2\/product_tag?post=44579"},{"taxonomy":"giftcard-category","embeddable":true,"href":"https:\/\/skinstudio.ee\/lt\/wp-json\/wp\/v2\/giftcard-category?post=44579"}],"curies":[{"name":"wp","href":"https:\/\/api.w.org\/{rel}","templated":true}]}}