{"id":44595,"date":"2025-08-15T12:11:20","date_gmt":"2025-08-15T12:11:20","guid":{"rendered":"https:\/\/skinstudio.ee\/?post_type=product&#038;p=44595"},"modified":"2026-01-19T15:13:29","modified_gmt":"2026-01-19T15:13:29","slug":"defend-c-25-face-powder-fluid","status":"publish","type":"product","link":"https:\/\/skinstudio.ee\/lt\/catalog\/natinuel\/defend-c-25-face-powder-fluid\/","title":{"rendered":"Defend C 25 Face Powder\/Fluid"},"content":{"rendered":"<p data-start=\"1287\" data-end=\"1325\">Biogynantis skystis \u2013 antioksidantas<\/p>\n<p data-start=\"1327\" data-end=\"1950\">Unikalus produktas, sudarytas i\u0161 dviej\u0173 komponent\u0173. <strong data-start=\"1379\" data-end=\"1394\">Defend C 25<\/strong> reikia paruo\u0161ti likus 30 minu\u010di\u0173 iki naudojimo, kad b\u016bt\u0173 pasiektas optimalus vitamino C lygis su did\u017eiausiu biologiniu prieinamumu. Nepaneigiam\u0105 25 % vitamino C vert\u0119 sustiprina vitaminas E, melatoninas, karnozinas ir hialurono r\u016bg\u0161tis, kurie padeda neutralizuoti laisvuosius radikalus, kovoti su kolageno glikacija ir skatinti regeneracinius procesus. D\u0117l \u0161i\u0173 savybi\u0173 <strong data-start=\"1764\" data-end=\"1779\">Defend C 25<\/strong> pirmiausia rekomenduojamas odai, kuriai reikia visi\u0161ko strukt\u016bros atnaujinimo. Taip pat tinka pri\u017ei\u016br\u0117ti u\u017edegimin\u0119, sudirgusi\u0105, nusilpusi\u0105 od\u0105 bei od\u0105 su pigmentacija.<\/p>\n<p data-start=\"1952\" data-end=\"1974\"><strong data-start=\"1952\" data-end=\"1962\">T\u016bris:<\/strong> 2 x 10 ml<\/p>\n","protected":false},"excerpt":{"rendered":"<p data-start=\"2081\" data-end=\"2115\">Atjauninantis C vitamino skystis<\/p>\n<h2 data-start=\"2117\" data-end=\"2367\"><strong data-start=\"2117\" data-end=\"2167\">Natinuel Defend C 25 Face Powder\/Fluid savyb\u0117s<\/strong><\/h2>\n<p data-start=\"2117\" data-end=\"2367\">\u2714\ufe0f Apsaugo od\u0105 nuo oksidacinio streso<br data-start=\"2207\" data-end=\"2210\" \/>\u2714\ufe0f Skatina kolageno sintez\u0119<br data-start=\"2237\" data-end=\"2240\" \/>\u2714\ufe0f Pa\u0161viesina ir i\u0161lygina odos atspalv\u012f<br data-start=\"2279\" data-end=\"2282\" \/>\u2714\ufe0f Stiprina kapiliarus ir ma\u017eina paraudim\u0105<br data-start=\"2324\" data-end=\"2327\" \/>\u2714\ufe0f Pagerina odos stangrum\u0105 ir spindes\u012f<\/p>\n","protected":false},"featured_media":67631,"template":"","meta":[],"pwb-brand":[1128],"product_brand":[],"product_cat":[724,730],"product_tag":[],"giftcard-category":[],"class_list":{"0":"post-44595","1":"product","2":"type-product","3":"status-publish","4":"has-post-thumbnail","6":"pwb-brand-natinuel","7":"product_cat-serumai","8":"product_cat-vitaminas-c","10":"first","11":"instock","12":"taxable","13":"shipping-taxable","14":"purchasable","15":"product-type-simple"},"acf":[],"brands":[{"id":1128,"name":"Natinuel","slug":"natinuel"}],"_links":{"self":[{"href":"https:\/\/skinstudio.ee\/lt\/wp-json\/wp\/v2\/product\/44595","targetHints":{"allow":["GET"]}}],"collection":[{"href":"https:\/\/skinstudio.ee\/lt\/wp-json\/wp\/v2\/product"}],"about":[{"href":"https:\/\/skinstudio.ee\/lt\/wp-json\/wp\/v2\/types\/product"}],"version-history":[{"count":0,"href":"https:\/\/skinstudio.ee\/lt\/wp-json\/wp\/v2\/product\/44595\/revisions"}],"wp:featuredmedia":[{"embeddable":true,"href":"https:\/\/skinstudio.ee\/lt\/wp-json\/wp\/v2\/media\/67631"}],"wp:attachment":[{"href":"https:\/\/skinstudio.ee\/lt\/wp-json\/wp\/v2\/media?parent=44595"}],"wp:term":[{"taxonomy":"pwb-brand","embeddable":true,"href":"https:\/\/skinstudio.ee\/lt\/wp-json\/wp\/v2\/pwb-brand?post=44595"},{"taxonomy":"product_brand","embeddable":true,"href":"https:\/\/skinstudio.ee\/lt\/wp-json\/wp\/v2\/product_brand?post=44595"},{"taxonomy":"product_cat","embeddable":true,"href":"https:\/\/skinstudio.ee\/lt\/wp-json\/wp\/v2\/product_cat?post=44595"},{"taxonomy":"product_tag","embeddable":true,"href":"https:\/\/skinstudio.ee\/lt\/wp-json\/wp\/v2\/product_tag?post=44595"},{"taxonomy":"giftcard-category","embeddable":true,"href":"https:\/\/skinstudio.ee\/lt\/wp-json\/wp\/v2\/giftcard-category?post=44595"}],"curies":[{"name":"wp","href":"https:\/\/api.w.org\/{rel}","templated":true}]}}