{"id":44611,"date":"2025-08-15T12:21:54","date_gmt":"2025-08-15T12:21:54","guid":{"rendered":"https:\/\/skinstudio.ee\/?post_type=product&#038;p=44611"},"modified":"2026-01-19T15:13:30","modified_gmt":"2026-01-19T15:13:30","slug":"seba-fluid-12-ahas-bha-face-fluid","status":"publish","type":"product","link":"https:\/\/skinstudio.ee\/lt\/catalog\/natinuel\/seba-fluid-12-ahas-bha-face-fluid\/","title":{"rendered":"Seba Fluid 12% AHAs-BHA Face Fluid"},"content":{"rendered":"<p data-start=\"977\" data-end=\"1426\">AHAs-BHA 12% skystis \u2013 tai produktas, skirtas normalizuoti problemin\u0117s odos poky\u010dius, specialiai sukurtas riebiai ir spuoguotai odai. Kruop\u0161\u010diai atrinktos veikliosios med\u017eiagos suteikia papildom\u0173 biochemini\u0173 savybi\u0173, u\u017etikrina riebal\u0173 sekrecijos reguliavim\u0105, antibakterin\u012f, keratolitin\u012f, dezinfekuojant\u012f ir raminant\u012f poveik\u012f. \u0160ios savyb\u0117s sukuria optimali\u0105 higienin\u0119 ir funkcin\u0119 aplink\u0105, idealiai tinkan\u010di\u0105 riebios ir spuoguotos odos balansavimui.<\/p>\n<p data-start=\"1428\" data-end=\"1446\"><strong data-start=\"1428\" data-end=\"1438\">T\u016bris:<\/strong> 50 ml<\/p>\n","protected":false},"excerpt":{"rendered":"<p data-start=\"1524\" data-end=\"1565\">Sebumo reguliuojantis r\u016bg\u0161tinis skystis<\/p>\n<h2 data-start=\"1567\" data-end=\"1793\"><strong data-start=\"1567\" data-end=\"1622\">Natinuel Seba Fluid 12% AHAs-BHA Face Fluid savyb\u0117s<\/strong><\/h2>\n<p data-start=\"1567\" data-end=\"1793\">\u2714\ufe0f Pa\u0161alina spuogus<br data-start=\"1644\" data-end=\"1647\" \/>\u2714\ufe0f Normalizuoja riebal\u0173 sekrecij\u0105<br data-start=\"1680\" data-end=\"1683\" \/>\u2714\ufe0f Ma\u017eina u\u017edegiminius procesus<br data-start=\"1714\" data-end=\"1717\" \/>\u2714\ufe0f U\u017etikrina efektyv\u0173 valym\u0105<br data-start=\"1745\" data-end=\"1748\" \/>\u2714\ufe0f Atkuria odos vientisum\u0105 ir funkcionalum\u0105<\/p>\n","protected":false},"featured_media":67626,"template":"","meta":[],"pwb-brand":[1128],"product_brand":[],"product_cat":[724,748],"product_tag":[],"giftcard-category":[],"class_list":{"0":"post-44611","1":"product","2":"type-product","3":"status-publish","4":"has-post-thumbnail","6":"pwb-brand-natinuel","7":"product_cat-serumai","8":"product_cat-taukainai-adai-lt","10":"first","11":"instock","12":"taxable","13":"shipping-taxable","14":"purchasable","15":"product-type-simple"},"acf":[],"brands":[{"id":1128,"name":"Natinuel","slug":"natinuel"}],"_links":{"self":[{"href":"https:\/\/skinstudio.ee\/lt\/wp-json\/wp\/v2\/product\/44611","targetHints":{"allow":["GET"]}}],"collection":[{"href":"https:\/\/skinstudio.ee\/lt\/wp-json\/wp\/v2\/product"}],"about":[{"href":"https:\/\/skinstudio.ee\/lt\/wp-json\/wp\/v2\/types\/product"}],"version-history":[{"count":0,"href":"https:\/\/skinstudio.ee\/lt\/wp-json\/wp\/v2\/product\/44611\/revisions"}],"wp:featuredmedia":[{"embeddable":true,"href":"https:\/\/skinstudio.ee\/lt\/wp-json\/wp\/v2\/media\/67626"}],"wp:attachment":[{"href":"https:\/\/skinstudio.ee\/lt\/wp-json\/wp\/v2\/media?parent=44611"}],"wp:term":[{"taxonomy":"pwb-brand","embeddable":true,"href":"https:\/\/skinstudio.ee\/lt\/wp-json\/wp\/v2\/pwb-brand?post=44611"},{"taxonomy":"product_brand","embeddable":true,"href":"https:\/\/skinstudio.ee\/lt\/wp-json\/wp\/v2\/product_brand?post=44611"},{"taxonomy":"product_cat","embeddable":true,"href":"https:\/\/skinstudio.ee\/lt\/wp-json\/wp\/v2\/product_cat?post=44611"},{"taxonomy":"product_tag","embeddable":true,"href":"https:\/\/skinstudio.ee\/lt\/wp-json\/wp\/v2\/product_tag?post=44611"},{"taxonomy":"giftcard-category","embeddable":true,"href":"https:\/\/skinstudio.ee\/lt\/wp-json\/wp\/v2\/giftcard-category?post=44611"}],"curies":[{"name":"wp","href":"https:\/\/api.w.org\/{rel}","templated":true}]}}