{"id":44628,"date":"2025-08-15T12:31:09","date_gmt":"2025-08-15T12:31:09","guid":{"rendered":"https:\/\/skinstudio.ee\/?post_type=product&#038;p=44628"},"modified":"2026-01-19T15:13:30","modified_gmt":"2026-01-19T15:13:30","slug":"spot-trx-lightening-strong-cream","status":"publish","type":"product","link":"https:\/\/skinstudio.ee\/lt\/catalog\/natinuel\/spot-trx-lightening-strong-cream\/","title":{"rendered":"Spot TRX Lightening Strong Cream"},"content":{"rendered":"<p data-start=\"1000\" data-end=\"1610\">\u0160is produktas skirtas melanino gamybos proceso reguliavimui ir greitam hiperpigmentacijos suma\u017einimui. Jo formul\u0117je, pasi\u017eymin\u010dioje ry\u0161kiu biocheminiu aktyvumu, yra naujos kartos biomimetini\u0173 peptid\u0173, integruot\u0173 \u012f tokius kompleksus ir veikli\u0105sias med\u017eiagas kaip Etioline ir Peel Moist. U\u017etikrina plat\u0173 panaudojim\u0105, vidutinio lygio fotoprotekcij\u0105, intensyv\u0173 odos \u0161viesinim\u0105, gil\u0173 ir ilgalaik\u012f dr\u0117kinim\u0105, raginio sluoksnio storio moduliacij\u0105 ir tonizuojant\u012f poveik\u012f. Kremas padeda i\u0161lyginti odos atspalv\u012f, kovoja su u\u017edegiminiais procesais, ma\u017eina hiperpigmentacijos rizik\u0105 ir suteikia plataus spektro apsaug\u0105.<\/p>\n<p data-start=\"1612\" data-end=\"1634\"><strong data-start=\"1612\" data-end=\"1622\">T\u016bris:<\/strong> <strong data-start=\"1623\" data-end=\"1632\">15 ml<\/strong><\/p>\n","protected":false},"excerpt":{"rendered":"<p data-start=\"1732\" data-end=\"1758\">Balinamasis veido kremas<\/p>\n<h2 data-start=\"1760\" data-end=\"1981\"><strong data-start=\"1760\" data-end=\"1813\">Natinuel Spot TRX Lightening Strong Cream savyb\u0117s<\/strong><\/h2>\n<p data-start=\"1760\" data-end=\"1981\">\u2714\ufe0f \u0160viesina pigmentines d\u0117mes<br data-start=\"1845\" data-end=\"1848\" \/>\u2714\ufe0f I\u0161lygina odos atspalv\u012f<br data-start=\"1873\" data-end=\"1876\" \/>\u2714\ufe0f Neleid\u017eia atsirasti naujai pigmentacijai<br data-start=\"1919\" data-end=\"1922\" \/>\u2714\ufe0f Pagerina odos tekst\u016br\u0105<br data-start=\"1947\" data-end=\"1950\" \/>\u2714\ufe0f I\u0161laiko dr\u0117gm\u0119 ir \u0161velnum\u0105<\/p>\n","protected":false},"featured_media":67621,"template":"","meta":[],"pwb-brand":[1128],"product_brand":[],"product_cat":[738,771,752],"product_tag":[],"giftcard-category":[],"class_list":{"0":"post-44628","1":"product","2":"type-product","3":"status-publish","4":"has-post-thumbnail","6":"pwb-brand-natinuel","7":"product_cat-drekinimas","8":"product_cat-makiazas","9":"product_cat-pigmentacija-lt","11":"first","12":"instock","13":"taxable","14":"shipping-taxable","15":"purchasable","16":"product-type-simple"},"acf":[],"brands":[{"id":1128,"name":"Natinuel","slug":"natinuel"}],"_links":{"self":[{"href":"https:\/\/skinstudio.ee\/lt\/wp-json\/wp\/v2\/product\/44628","targetHints":{"allow":["GET"]}}],"collection":[{"href":"https:\/\/skinstudio.ee\/lt\/wp-json\/wp\/v2\/product"}],"about":[{"href":"https:\/\/skinstudio.ee\/lt\/wp-json\/wp\/v2\/types\/product"}],"version-history":[{"count":0,"href":"https:\/\/skinstudio.ee\/lt\/wp-json\/wp\/v2\/product\/44628\/revisions"}],"wp:featuredmedia":[{"embeddable":true,"href":"https:\/\/skinstudio.ee\/lt\/wp-json\/wp\/v2\/media\/67621"}],"wp:attachment":[{"href":"https:\/\/skinstudio.ee\/lt\/wp-json\/wp\/v2\/media?parent=44628"}],"wp:term":[{"taxonomy":"pwb-brand","embeddable":true,"href":"https:\/\/skinstudio.ee\/lt\/wp-json\/wp\/v2\/pwb-brand?post=44628"},{"taxonomy":"product_brand","embeddable":true,"href":"https:\/\/skinstudio.ee\/lt\/wp-json\/wp\/v2\/product_brand?post=44628"},{"taxonomy":"product_cat","embeddable":true,"href":"https:\/\/skinstudio.ee\/lt\/wp-json\/wp\/v2\/product_cat?post=44628"},{"taxonomy":"product_tag","embeddable":true,"href":"https:\/\/skinstudio.ee\/lt\/wp-json\/wp\/v2\/product_tag?post=44628"},{"taxonomy":"giftcard-category","embeddable":true,"href":"https:\/\/skinstudio.ee\/lt\/wp-json\/wp\/v2\/giftcard-category?post=44628"}],"curies":[{"name":"wp","href":"https:\/\/api.w.org\/{rel}","templated":true}]}}