{"id":44649,"date":"2025-08-15T12:42:01","date_gmt":"2025-08-15T12:42:01","guid":{"rendered":"https:\/\/skinstudio.ee\/?post_type=product&#038;p=44649"},"modified":"2026-01-19T15:13:29","modified_gmt":"2026-01-19T15:13:29","slug":"genage-face-cream","status":"publish","type":"product","link":"https:\/\/skinstudio.ee\/lt\/catalog\/natinuel\/genage-face-cream\/","title":{"rendered":"Genage Face Cream"},"content":{"rendered":"<p data-start=\"1095\" data-end=\"1700\">Unikalus plataus poveikio prie\u0161rauk\u0161linis kremas. Jis veikia prie\u0161 visus sen\u0117jimo po\u017eymius, \u012fskaitant funkcinius, tokius kaip dehidratacija, odos spalvos poky\u010diai, neveiksminga odos apsaugin\u0117 barjerin\u0117 funkcija, ir strukt\u016brinius po\u017eymius, tokius kaip odos suglebimas, rauk\u0161l\u0117s, i\u0161sipl\u0117tusios poros ir paraudimas. Prie\u0161rauk\u0161linis, nuo streso saugantis ir apsauginis poveikis pasiekiamas stabilizuojant telomerus ir i\u0161saugant DNR vientisum\u0105. Reik\u0161mingas odos audini\u0173 kokyb\u0117s pager\u0117jimas pasiekiamas d\u0117l optimalaus l\u0105steli\u0173 tarpusavio veikimo ir jos anabolini\u0173 bei katabolini\u0173 funkcij\u0173 atk\u016brimo.<\/p>\n<p data-start=\"1702\" data-end=\"1724\"><strong data-start=\"1702\" data-end=\"1712\">T\u016bris:<\/strong> <strong data-start=\"1713\" data-end=\"1722\">50 ml<\/strong><\/p>\n","protected":false},"excerpt":{"rendered":"<p data-start=\"1816\" data-end=\"1846\">Prie\u0161rauk\u0161linis veido kremas<\/p>\n<h2 data-start=\"1848\" data-end=\"2103\"><strong data-start=\"1848\" data-end=\"1886\">Natinuel Genage Face Cream savyb\u0117s<\/strong><\/h2>\n<p data-start=\"1848\" data-end=\"2103\">\u2714\ufe0f Sul\u0117tina odos sen\u0117jimo proces\u0105<br data-start=\"1922\" data-end=\"1925\" \/>\u2714\ufe0f Skatina l\u0105steli\u0173 regeneracij\u0105<br data-start=\"1957\" data-end=\"1960\" \/>\u2714\ufe0f Stiprina odos strukt\u016br\u0105 ir pagerina stangrum\u0105<br data-start=\"2008\" data-end=\"2011\" \/>\u2714\ufe0f I\u0161lygina rauk\u0161les ir pagerina tekst\u016br\u0105<br data-start=\"2052\" data-end=\"2055\" \/>\u2714\ufe0f Apsaugo nuo oksidacinio streso ir pa\u017eeidim\u0173<\/p>\n","protected":false},"featured_media":67613,"template":"","meta":[],"pwb-brand":[1128],"product_brand":[],"product_cat":[738,750],"product_tag":[],"giftcard-category":[],"class_list":{"0":"post-44649","1":"product","2":"type-product","3":"status-publish","4":"has-post-thumbnail","6":"pwb-brand-natinuel","7":"product_cat-drekinimas","8":"product_cat-senstanti-oda","10":"first","11":"instock","12":"taxable","13":"shipping-taxable","14":"purchasable","15":"product-type-simple"},"acf":[],"brands":[{"id":1128,"name":"Natinuel","slug":"natinuel"}],"_links":{"self":[{"href":"https:\/\/skinstudio.ee\/lt\/wp-json\/wp\/v2\/product\/44649","targetHints":{"allow":["GET"]}}],"collection":[{"href":"https:\/\/skinstudio.ee\/lt\/wp-json\/wp\/v2\/product"}],"about":[{"href":"https:\/\/skinstudio.ee\/lt\/wp-json\/wp\/v2\/types\/product"}],"version-history":[{"count":0,"href":"https:\/\/skinstudio.ee\/lt\/wp-json\/wp\/v2\/product\/44649\/revisions"}],"wp:featuredmedia":[{"embeddable":true,"href":"https:\/\/skinstudio.ee\/lt\/wp-json\/wp\/v2\/media\/67613"}],"wp:attachment":[{"href":"https:\/\/skinstudio.ee\/lt\/wp-json\/wp\/v2\/media?parent=44649"}],"wp:term":[{"taxonomy":"pwb-brand","embeddable":true,"href":"https:\/\/skinstudio.ee\/lt\/wp-json\/wp\/v2\/pwb-brand?post=44649"},{"taxonomy":"product_brand","embeddable":true,"href":"https:\/\/skinstudio.ee\/lt\/wp-json\/wp\/v2\/product_brand?post=44649"},{"taxonomy":"product_cat","embeddable":true,"href":"https:\/\/skinstudio.ee\/lt\/wp-json\/wp\/v2\/product_cat?post=44649"},{"taxonomy":"product_tag","embeddable":true,"href":"https:\/\/skinstudio.ee\/lt\/wp-json\/wp\/v2\/product_tag?post=44649"},{"taxonomy":"giftcard-category","embeddable":true,"href":"https:\/\/skinstudio.ee\/lt\/wp-json\/wp\/v2\/giftcard-category?post=44649"}],"curies":[{"name":"wp","href":"https:\/\/api.w.org\/{rel}","templated":true}]}}