{"id":44666,"date":"2025-08-15T12:55:23","date_gmt":"2025-08-15T12:55:23","guid":{"rendered":"https:\/\/skinstudio.ee\/?post_type=product&#038;p=44666"},"modified":"2026-01-19T15:13:29","modified_gmt":"2026-01-19T15:13:29","slug":"defend-plus-face-cream","status":"publish","type":"product","link":"https:\/\/skinstudio.ee\/lt\/catalog\/natinuel\/defend-plus-face-cream\/","title":{"rendered":"Defend Plus Face Cream"},"content":{"rendered":"<p data-start=\"845\" data-end=\"1268\"><strong data-start=\"850\" data-end=\"865\">DEFEND PLUS<\/strong> \u2013 kremas, sukurtas kovoti su prie\u0161laikiniu odos sen\u0117jimu. Padeda normalizuoti jautri\u0105 od\u0105, susilpn\u0117jusi\u0105 d\u0117l dermatito, stiprina odos barjer\u0105 ir saugo j\u0105 nuo UV spinduli\u0173, laisv\u0173j\u0173 radikal\u0173 bei u\u017edegim\u0173 poveikio. Suteikia visapusi\u0161k\u0105 antioksidacin\u012f poveik\u012f trims laisv\u0173j\u0173 radikal\u0173 grup\u0117ms: ROS, RNS ir RCS, taip pat padidina odos geb\u0117jim\u0105 atsinaujinti. Padeda palaikyti nat\u016bral\u0173 odos dr\u0117gm\u0117s balans\u0105.<\/p>\n<p data-start=\"1270\" data-end=\"1288\"><strong data-start=\"1270\" data-end=\"1280\">T\u016bris:<\/strong> 50 ml<\/p>\n","protected":false},"excerpt":{"rendered":"<p data-start=\"1359\" data-end=\"1383\">Odos apsauginis kremas<\/p>\n<h2 data-start=\"1385\" data-end=\"1674\"><strong data-start=\"1385\" data-end=\"1428\">Natinuel Defend Plus Face Cream savyb\u0117s<\/strong><\/h2>\n<p data-start=\"1385\" data-end=\"1674\">\u2714\ufe0f Padeda i\u0161laikyti odos vientisum\u0105 ir sveikat\u0105<br data-start=\"1478\" data-end=\"1481\" \/>\u2714\ufe0f Gerina med\u017eiag\u0173 apykaitos mechanizmus<br data-start=\"1521\" data-end=\"1524\" \/>\u2714\ufe0f Kovoja su prie\u0161laikiniu l\u0105steli\u0173 sen\u0117jimu<br data-start=\"1568\" data-end=\"1571\" \/>\u2714\ufe0f Stiprina odos apsaug\u0105 nuo aplinkos dirgikli\u0173<br data-start=\"1618\" data-end=\"1621\" \/>\u2714\ufe0f Padidina odos biologin\u0119 apsaug\u0105 nuo UV pa\u017eeidim\u0173<\/p>\n","protected":false},"featured_media":44656,"template":"","meta":[],"pwb-brand":[1128],"product_brand":[],"product_cat":[738,750],"product_tag":[],"giftcard-category":[],"class_list":{"0":"post-44666","1":"product","2":"type-product","3":"status-publish","4":"has-post-thumbnail","6":"pwb-brand-natinuel","7":"product_cat-drekinimas","8":"product_cat-senstanti-oda","10":"first","11":"instock","12":"taxable","13":"shipping-taxable","14":"purchasable","15":"product-type-simple"},"acf":[],"brands":[{"id":1128,"name":"Natinuel","slug":"natinuel"}],"_links":{"self":[{"href":"https:\/\/skinstudio.ee\/lt\/wp-json\/wp\/v2\/product\/44666","targetHints":{"allow":["GET"]}}],"collection":[{"href":"https:\/\/skinstudio.ee\/lt\/wp-json\/wp\/v2\/product"}],"about":[{"href":"https:\/\/skinstudio.ee\/lt\/wp-json\/wp\/v2\/types\/product"}],"version-history":[{"count":0,"href":"https:\/\/skinstudio.ee\/lt\/wp-json\/wp\/v2\/product\/44666\/revisions"}],"wp:featuredmedia":[{"embeddable":true,"href":"https:\/\/skinstudio.ee\/lt\/wp-json\/wp\/v2\/media\/44656"}],"wp:attachment":[{"href":"https:\/\/skinstudio.ee\/lt\/wp-json\/wp\/v2\/media?parent=44666"}],"wp:term":[{"taxonomy":"pwb-brand","embeddable":true,"href":"https:\/\/skinstudio.ee\/lt\/wp-json\/wp\/v2\/pwb-brand?post=44666"},{"taxonomy":"product_brand","embeddable":true,"href":"https:\/\/skinstudio.ee\/lt\/wp-json\/wp\/v2\/product_brand?post=44666"},{"taxonomy":"product_cat","embeddable":true,"href":"https:\/\/skinstudio.ee\/lt\/wp-json\/wp\/v2\/product_cat?post=44666"},{"taxonomy":"product_tag","embeddable":true,"href":"https:\/\/skinstudio.ee\/lt\/wp-json\/wp\/v2\/product_tag?post=44666"},{"taxonomy":"giftcard-category","embeddable":true,"href":"https:\/\/skinstudio.ee\/lt\/wp-json\/wp\/v2\/giftcard-category?post=44666"}],"curies":[{"name":"wp","href":"https:\/\/api.w.org\/{rel}","templated":true}]}}