{"id":44682,"date":"2025-08-15T13:05:18","date_gmt":"2025-08-15T13:05:18","guid":{"rendered":"https:\/\/skinstudio.ee\/?post_type=product&#038;p=44682"},"modified":"2026-01-19T15:13:29","modified_gmt":"2026-01-19T15:13:29","slug":"elisir-face-cream","status":"publish","type":"product","link":"https:\/\/skinstudio.ee\/lt\/catalog\/natinuel\/elisir-face-cream\/","title":{"rendered":"Elisir Face Cream"},"content":{"rendered":"<p data-start=\"1144\" data-end=\"1804\"><strong data-start=\"1149\" data-end=\"1242\">ELISIR \u2013 Intensyvus trigubo poveikio kremas: odos apsaugai ir atk\u016brimui nuo fotosen\u0117jimo.<\/strong><br data-start=\"1242\" data-end=\"1245\" \/>Turtingoje formul\u0117je yra augimo faktorius, sujungtas su retinaldehido kompleksu ir l\u0117tai i\u0161siskirian\u010diu idebenonu, turin\u010diu didel\u0119 biopeptido koncentracij\u0105. \u0160i\u0173 ingredient\u0173 sinergija aktyvina pa\u017eeist\u0173 audini\u0173 pakeitim\u0105 ir visi\u0161kai atjaunina derm\u0105 bei epiderm\u012f. Taip pat suteikia auk\u0161t\u0105 kolageno, elastino ir l\u0105steli\u0173 DNR apsaugos lyg\u012f nuo UV spinduli\u0173 \u017ealos. Skatina pa\u017eeist\u0173 dermos ir epidermio audini\u0173 regeneracij\u0105, u\u017etikrina DNR, elastino ir kolageno biologin\u0119 apsaug\u0105. Per trump\u0105 laik\u0105 oda tampa tonizuota, stangri, lygi, aksomin\u0117 ir tolygaus atspalvio.<\/p>\n<p data-start=\"1806\" data-end=\"1824\"><strong data-start=\"1806\" data-end=\"1816\">T\u016bris:<\/strong> 50 ml<\/p>\n","protected":false},"excerpt":{"rendered":"<p data-start=\"1903\" data-end=\"1937\">Maitinamasis nuo sen\u0117jimo kremas<\/p>\n<h2 data-start=\"1939\" data-end=\"2211\"><strong data-start=\"1939\" data-end=\"1977\">Natinuel Elisir Face Cream savyb\u0117s<\/strong><\/h2>\n<p data-start=\"1939\" data-end=\"2211\">\u2714\ufe0f Pa\u0161alina pa\u017eeistas l\u0105steles<br data-start=\"2010\" data-end=\"2013\" \/>\u2714\ufe0f Stimuliuoja ir regeneruoja od\u0105<br data-start=\"2046\" data-end=\"2049\" \/>\u2714\ufe0f Apsaugo kolagen\u0105, elastin\u0105 ir DNR nuo UV spinduli\u0173 \u017ealos<br data-start=\"2108\" data-end=\"2111\" \/>\u2714\ufe0f Ma\u017eina ir i\u0161lygina rauk\u0161les<br data-start=\"2181\" data-end=\"2184\" \/>\u2714\ufe0f I\u0161lygina odos atspalv\u012f<\/p>\n","protected":false},"featured_media":67606,"template":"","meta":[],"pwb-brand":[1128],"product_brand":[],"product_cat":[738,750],"product_tag":[],"giftcard-category":[],"class_list":{"0":"post-44682","1":"product","2":"type-product","3":"status-publish","4":"has-post-thumbnail","6":"pwb-brand-natinuel","7":"product_cat-drekinimas","8":"product_cat-senstanti-oda","10":"first","11":"instock","12":"taxable","13":"shipping-taxable","14":"purchasable","15":"product-type-simple"},"acf":[],"brands":[{"id":1128,"name":"Natinuel","slug":"natinuel"}],"_links":{"self":[{"href":"https:\/\/skinstudio.ee\/lt\/wp-json\/wp\/v2\/product\/44682","targetHints":{"allow":["GET"]}}],"collection":[{"href":"https:\/\/skinstudio.ee\/lt\/wp-json\/wp\/v2\/product"}],"about":[{"href":"https:\/\/skinstudio.ee\/lt\/wp-json\/wp\/v2\/types\/product"}],"version-history":[{"count":0,"href":"https:\/\/skinstudio.ee\/lt\/wp-json\/wp\/v2\/product\/44682\/revisions"}],"wp:featuredmedia":[{"embeddable":true,"href":"https:\/\/skinstudio.ee\/lt\/wp-json\/wp\/v2\/media\/67606"}],"wp:attachment":[{"href":"https:\/\/skinstudio.ee\/lt\/wp-json\/wp\/v2\/media?parent=44682"}],"wp:term":[{"taxonomy":"pwb-brand","embeddable":true,"href":"https:\/\/skinstudio.ee\/lt\/wp-json\/wp\/v2\/pwb-brand?post=44682"},{"taxonomy":"product_brand","embeddable":true,"href":"https:\/\/skinstudio.ee\/lt\/wp-json\/wp\/v2\/product_brand?post=44682"},{"taxonomy":"product_cat","embeddable":true,"href":"https:\/\/skinstudio.ee\/lt\/wp-json\/wp\/v2\/product_cat?post=44682"},{"taxonomy":"product_tag","embeddable":true,"href":"https:\/\/skinstudio.ee\/lt\/wp-json\/wp\/v2\/product_tag?post=44682"},{"taxonomy":"giftcard-category","embeddable":true,"href":"https:\/\/skinstudio.ee\/lt\/wp-json\/wp\/v2\/giftcard-category?post=44682"}],"curies":[{"name":"wp","href":"https:\/\/api.w.org\/{rel}","templated":true}]}}