{"id":44697,"date":"2025-08-15T13:12:22","date_gmt":"2025-08-15T13:12:22","guid":{"rendered":"https:\/\/skinstudio.ee\/?post_type=product&#038;p=44697"},"modified":"2026-01-19T15:13:30","modified_gmt":"2026-01-19T15:13:30","slug":"ultraton-face-cream","status":"publish","type":"product","link":"https:\/\/skinstudio.ee\/lt\/catalog\/natinuel\/ultraton-face-cream\/","title":{"rendered":"Ultraton Face Cream"},"content":{"rendered":"<p data-start=\"955\" data-end=\"1511\"><strong data-start=\"955\" data-end=\"967\">ULTRATON<\/strong> \u2013 sud\u0117tyje yra veikli\u0173j\u0173 med\u017eiag\u0173, kurios veikia dermos ir epidermio strukt\u016br\u0105, didindamos dermos ir gilesni\u0173 epidermio sluoksni\u0173 stor\u012f. \u0160is specialiai sukurtas kremas veidui, kaklui ir i\u0161kirpt\u0117s sri\u010diai veikia visus odos sen\u0117jimo po\u017eymius. Jame yra biologi\u0161kai aktyvi\u0173 peptid\u0173, kurie veikia sinergi\u0161kai ir kryptingai su dermo\u2013epiderminio junginio (DEJ) komponentais. J\u0173 veiksminga stimuliacija padeda i\u0161laikyti DEJ strukt\u016brin\u012f vientisum\u0105 ir molekulinius ry\u0161ius bei atkurti tarpl\u0105stelin\u0117s matricos komponentus. Kremas tinka ir jautriai odai.<\/p>\n<p data-start=\"1513\" data-end=\"1535\"><strong data-start=\"1513\" data-end=\"1523\">T\u016bris:<\/strong> <strong data-start=\"1524\" data-end=\"1533\">50 ml<\/strong><\/p>\n","protected":false},"excerpt":{"rendered":"<p data-start=\"1652\" data-end=\"1692\">Prie\u0161 sen\u0117jim\u0105 veikiantis veido kremas<\/p>\n<h2 data-start=\"1694\" data-end=\"1941\"><strong data-start=\"1694\" data-end=\"1734\">Natinuel Ultraton Face Cream savyb\u0117s<\/strong><\/h2>\n<p data-start=\"1694\" data-end=\"1941\">\u2714\ufe0f Atkuria odos stangrum\u0105 ir elastingum\u0105<br data-start=\"1777\" data-end=\"1780\" \/>\u2714\ufe0f I\u0161lygina rauk\u0161les ir u\u017ekerta keli\u0105 j\u0173 atsiradimui<br data-start=\"1832\" data-end=\"1835\" \/>\u2714\ufe0f Stimuliuoja l\u0105steli\u0173 regeneracij\u0105<br data-start=\"1871\" data-end=\"1874\" \/>\u2714\ufe0f Stiprina odos apsaugin\u012f barjer\u0105<br data-start=\"1908\" data-end=\"1911\" \/>\u2714\ufe0f Giliai dr\u0117kina ir maitina<\/p>\n","protected":false},"featured_media":67706,"template":"","meta":[],"pwb-brand":[1128],"product_brand":[],"product_cat":[738,750],"product_tag":[],"giftcard-category":[],"class_list":{"0":"post-44697","1":"product","2":"type-product","3":"status-publish","4":"has-post-thumbnail","6":"pwb-brand-natinuel","7":"product_cat-drekinimas","8":"product_cat-senstanti-oda","10":"first","11":"instock","12":"taxable","13":"shipping-taxable","14":"purchasable","15":"product-type-simple"},"acf":[],"brands":[{"id":1128,"name":"Natinuel","slug":"natinuel"}],"_links":{"self":[{"href":"https:\/\/skinstudio.ee\/lt\/wp-json\/wp\/v2\/product\/44697","targetHints":{"allow":["GET"]}}],"collection":[{"href":"https:\/\/skinstudio.ee\/lt\/wp-json\/wp\/v2\/product"}],"about":[{"href":"https:\/\/skinstudio.ee\/lt\/wp-json\/wp\/v2\/types\/product"}],"version-history":[{"count":0,"href":"https:\/\/skinstudio.ee\/lt\/wp-json\/wp\/v2\/product\/44697\/revisions"}],"wp:featuredmedia":[{"embeddable":true,"href":"https:\/\/skinstudio.ee\/lt\/wp-json\/wp\/v2\/media\/67706"}],"wp:attachment":[{"href":"https:\/\/skinstudio.ee\/lt\/wp-json\/wp\/v2\/media?parent=44697"}],"wp:term":[{"taxonomy":"pwb-brand","embeddable":true,"href":"https:\/\/skinstudio.ee\/lt\/wp-json\/wp\/v2\/pwb-brand?post=44697"},{"taxonomy":"product_brand","embeddable":true,"href":"https:\/\/skinstudio.ee\/lt\/wp-json\/wp\/v2\/product_brand?post=44697"},{"taxonomy":"product_cat","embeddable":true,"href":"https:\/\/skinstudio.ee\/lt\/wp-json\/wp\/v2\/product_cat?post=44697"},{"taxonomy":"product_tag","embeddable":true,"href":"https:\/\/skinstudio.ee\/lt\/wp-json\/wp\/v2\/product_tag?post=44697"},{"taxonomy":"giftcard-category","embeddable":true,"href":"https:\/\/skinstudio.ee\/lt\/wp-json\/wp\/v2\/giftcard-category?post=44697"}],"curies":[{"name":"wp","href":"https:\/\/api.w.org\/{rel}","templated":true}]}}