{"id":44713,"date":"2025-08-15T13:19:16","date_gmt":"2025-08-15T13:19:16","guid":{"rendered":"https:\/\/skinstudio.ee\/?post_type=product&#038;p=44713"},"modified":"2026-01-19T15:13:30","modified_gmt":"2026-01-19T15:13:30","slug":"hydra-moist-face-mask","status":"publish","type":"product","link":"https:\/\/skinstudio.ee\/lt\/catalog\/natinuel\/hydra-moist-face-mask\/","title":{"rendered":"Hydra-Moist Face Mask"},"content":{"rendered":"<p data-start=\"752\" data-end=\"1094\">D\u0117l polisacharid\u0173 \u2014 lakton\u0117s r\u016bg\u0161ties ir gliukonolaktono \u2014 bei molekulinio komponento Lipomoist kauk\u0117 suteikia ilgalaik\u012f dr\u0117kinam\u0105j\u012f poveik\u012f ir ilg\u0105 laik\u0105 apsaugo nuo dr\u0117gm\u0117s praradimo. Ji visi\u0161kai atkuria ragin\u012f sluoksn\u012f, pagerina jo apsaugines funkcijas, padidina odos elastingum\u0105 ir \u0161velnum\u0105, suteikia jai sveiko ir pri\u017ei\u016br\u0117to spindesio.<\/p>\n<p data-start=\"1096\" data-end=\"1114\"><strong data-start=\"1096\" data-end=\"1106\">T\u016bris:<\/strong> 50 ml<\/p>\n","protected":false},"excerpt":{"rendered":"<p data-start=\"1223\" data-end=\"1248\">Dr\u0117kinamoji veido kauk\u0117<\/p>\n<h2 data-start=\"1250\" data-end=\"1501\"><strong data-start=\"1250\" data-end=\"1292\">Natinuel Hydra-Moist Face Mask savyb\u0117s<\/strong><\/h2>\n<p data-start=\"1250\" data-end=\"1501\" data-is-last-node=\"\" data-is-only-node=\"\">\u2714\ufe0f Intensyviai dr\u0117kina ir maitina od\u0105<br data-start=\"1332\" data-end=\"1335\" \/>\u2714\ufe0f Atkuria vandens balans\u0105 ir i\u0161laiko dr\u0117gm\u0119<br data-start=\"1379\" data-end=\"1382\" \/>\u2714\ufe0f Mink\u0161tina ir pagerina odos elastingum\u0105<br data-start=\"1423\" data-end=\"1426\" \/>\u2714\ufe0f Gaivina ir suteikia sveiko spindesio<br data-start=\"1465\" data-end=\"1468\" \/>\u2714\ufe0f Ramina ir ma\u017eina sudirginim\u0105<\/p>\n","protected":false},"featured_media":67599,"template":"","meta":[],"pwb-brand":[1128],"product_brand":[],"product_cat":[742,738,746,726],"product_tag":[],"giftcard-category":[],"class_list":{"0":"post-44713","1":"product","2":"type-product","3":"status-publish","4":"has-post-thumbnail","6":"pwb-brand-natinuel","7":"product_cat-berimai","8":"product_cat-drekinimas","9":"product_cat-jautriai-odai","10":"product_cat-maskas-lt","12":"first","13":"instock","14":"taxable","15":"shipping-taxable","16":"purchasable","17":"product-type-simple"},"acf":[],"brands":[{"id":1128,"name":"Natinuel","slug":"natinuel"}],"_links":{"self":[{"href":"https:\/\/skinstudio.ee\/lt\/wp-json\/wp\/v2\/product\/44713","targetHints":{"allow":["GET"]}}],"collection":[{"href":"https:\/\/skinstudio.ee\/lt\/wp-json\/wp\/v2\/product"}],"about":[{"href":"https:\/\/skinstudio.ee\/lt\/wp-json\/wp\/v2\/types\/product"}],"version-history":[{"count":0,"href":"https:\/\/skinstudio.ee\/lt\/wp-json\/wp\/v2\/product\/44713\/revisions"}],"wp:featuredmedia":[{"embeddable":true,"href":"https:\/\/skinstudio.ee\/lt\/wp-json\/wp\/v2\/media\/67599"}],"wp:attachment":[{"href":"https:\/\/skinstudio.ee\/lt\/wp-json\/wp\/v2\/media?parent=44713"}],"wp:term":[{"taxonomy":"pwb-brand","embeddable":true,"href":"https:\/\/skinstudio.ee\/lt\/wp-json\/wp\/v2\/pwb-brand?post=44713"},{"taxonomy":"product_brand","embeddable":true,"href":"https:\/\/skinstudio.ee\/lt\/wp-json\/wp\/v2\/product_brand?post=44713"},{"taxonomy":"product_cat","embeddable":true,"href":"https:\/\/skinstudio.ee\/lt\/wp-json\/wp\/v2\/product_cat?post=44713"},{"taxonomy":"product_tag","embeddable":true,"href":"https:\/\/skinstudio.ee\/lt\/wp-json\/wp\/v2\/product_tag?post=44713"},{"taxonomy":"giftcard-category","embeddable":true,"href":"https:\/\/skinstudio.ee\/lt\/wp-json\/wp\/v2\/giftcard-category?post=44713"}],"curies":[{"name":"wp","href":"https:\/\/api.w.org\/{rel}","templated":true}]}}