{"id":44729,"date":"2025-08-15T13:27:20","date_gmt":"2025-08-15T13:27:20","guid":{"rendered":"https:\/\/skinstudio.ee\/?post_type=product&#038;p=44729"},"modified":"2026-01-19T15:13:30","modified_gmt":"2026-01-19T15:13:30","slug":"hydra-moist-face-cream","status":"publish","type":"product","link":"https:\/\/skinstudio.ee\/lt\/catalog\/natinuel\/hydra-moist-face-cream\/","title":{"rendered":"Hydra-Moist Face Cream"},"content":{"rendered":"<p data-start=\"786\" data-end=\"877\">Sukurtas atkurti dehidratuotos odos nat\u016bral\u0173 dr\u0117gm\u0117s lyg\u012f. Tinka jaunai ir jautriai odai.<\/p>\n<p data-start=\"879\" data-end=\"1162\">D\u0117l polisacharid\u0173 komplekso, hialurono r\u016bg\u0161ties ir molekulinio komponento Lipomoist kremas giliai \u012fsiskverbia \u012f epiderm\u012f, ilgai i\u0161laiko dr\u0117gm\u0119 ir stiprina odos apsaugin\u012f barjer\u0105. Padeda pagerinti elastingum\u0105, \u0161velnum\u0105 ir bendr\u0105 tonus\u0105, suteikdamas veidui gaivi\u0105 ir sveik\u0105 i\u0161vaizd\u0105.<\/p>\n<p data-start=\"1164\" data-end=\"1182\"><strong data-start=\"1164\" data-end=\"1174\">T\u016bris:<\/strong> 30 ml<\/p>\n","protected":false},"excerpt":{"rendered":"<p data-start=\"1260\" data-end=\"1287\">Dr\u0117kinamasis veido kremas<\/p>\n<h2 data-start=\"1289\" data-end=\"1537\"><strong data-start=\"1289\" data-end=\"1332\">Natinuel Hydra-Moist Face Cream savyb\u0117s<\/strong><\/h2>\n<p data-start=\"1289\" data-end=\"1537\" data-is-last-node=\"\" data-is-only-node=\"\">\u2714\ufe0f Intensi\u0161kai dr\u0117kina ir maitina od\u0105<br data-start=\"1372\" data-end=\"1375\" \/>\u2714\ufe0f Atkuria vandens pusiausvyr\u0105 ir i\u0161laiko dr\u0117gm\u0119<br data-start=\"1423\" data-end=\"1426\" \/>\u2714\ufe0f Mink\u0161tina ir pagerina odos elastingum\u0105<br data-start=\"1467\" data-end=\"1470\" \/>\u2714\ufe0f Ramina ir ma\u017eina sudirgim\u0105<br data-start=\"1499\" data-end=\"1502\" \/>\u2714\ufe0f Suteikia odai sveiko spindesio<\/p>\n","protected":false},"featured_media":67594,"template":"","meta":[],"pwb-brand":[1128],"product_brand":[],"product_cat":[742,738,746],"product_tag":[],"giftcard-category":[],"class_list":{"0":"post-44729","1":"product","2":"type-product","3":"status-publish","4":"has-post-thumbnail","6":"pwb-brand-natinuel","7":"product_cat-berimai","8":"product_cat-drekinimas","9":"product_cat-jautriai-odai","11":"first","12":"instock","13":"taxable","14":"shipping-taxable","15":"purchasable","16":"product-type-simple"},"acf":[],"brands":[{"id":1128,"name":"Natinuel","slug":"natinuel"}],"_links":{"self":[{"href":"https:\/\/skinstudio.ee\/lt\/wp-json\/wp\/v2\/product\/44729","targetHints":{"allow":["GET"]}}],"collection":[{"href":"https:\/\/skinstudio.ee\/lt\/wp-json\/wp\/v2\/product"}],"about":[{"href":"https:\/\/skinstudio.ee\/lt\/wp-json\/wp\/v2\/types\/product"}],"version-history":[{"count":0,"href":"https:\/\/skinstudio.ee\/lt\/wp-json\/wp\/v2\/product\/44729\/revisions"}],"wp:featuredmedia":[{"embeddable":true,"href":"https:\/\/skinstudio.ee\/lt\/wp-json\/wp\/v2\/media\/67594"}],"wp:attachment":[{"href":"https:\/\/skinstudio.ee\/lt\/wp-json\/wp\/v2\/media?parent=44729"}],"wp:term":[{"taxonomy":"pwb-brand","embeddable":true,"href":"https:\/\/skinstudio.ee\/lt\/wp-json\/wp\/v2\/pwb-brand?post=44729"},{"taxonomy":"product_brand","embeddable":true,"href":"https:\/\/skinstudio.ee\/lt\/wp-json\/wp\/v2\/product_brand?post=44729"},{"taxonomy":"product_cat","embeddable":true,"href":"https:\/\/skinstudio.ee\/lt\/wp-json\/wp\/v2\/product_cat?post=44729"},{"taxonomy":"product_tag","embeddable":true,"href":"https:\/\/skinstudio.ee\/lt\/wp-json\/wp\/v2\/product_tag?post=44729"},{"taxonomy":"giftcard-category","embeddable":true,"href":"https:\/\/skinstudio.ee\/lt\/wp-json\/wp\/v2\/giftcard-category?post=44729"}],"curies":[{"name":"wp","href":"https:\/\/api.w.org\/{rel}","templated":true}]}}