{"id":44745,"date":"2025-08-15T13:34:48","date_gmt":"2025-08-15T13:34:48","guid":{"rendered":"https:\/\/skinstudio.ee\/?post_type=product&#038;p=44745"},"modified":"2026-01-19T15:13:29","modified_gmt":"2026-01-19T15:13:29","slug":"homeo-rose-rosacea-prone-skin-cream","status":"publish","type":"product","link":"https:\/\/skinstudio.ee\/lt\/catalog\/natinuel\/homeo-rose-rosacea-prone-skin-cream\/","title":{"rendered":"Homeo-Rose Rosacea Prone Skin Cream"},"content":{"rendered":"<p data-start=\"1029\" data-end=\"1304\">Kremas turi prie\u0161u\u017edegimini\u0173 savybi\u0173 ir skirtas paraudusioms veido vietoms su kuperoze arba ro\u017eine. Jis normalizuoja u\u017edegiminius procesus, ma\u017eina kraujagysli\u0173 i\u0161sipl\u0117tim\u0105 ir kapiliar\u0173 pralaidum\u0105. Stiprina kapiliar\u0173 sieneles ir didina odos atsparum\u0105 temperat\u016bros poky\u010diams.<\/p>\n<p data-start=\"1306\" data-end=\"1633\">D\u0117l aktyvaus augal\u0173 ekstrakt\u0173 ir dr\u0117kinam\u0173j\u0173 komponent\u0173 komplekso kremas giliai maitina ir atkuria od\u0105, suteikdamas jai komforto ir \u0161velnumo. Reguliarus naudojimas padeda pastebimai suma\u017einti matom\u0105 kapiliar\u0173 tinkl\u0105, i\u0161lyginti odos atspalv\u012f ir apsaugoti j\u0105 nuo i\u0161orini\u0173 dirgikli\u0173, suteikiant sveikesn\u0119 ir pri\u017ei\u016br\u0117t\u0105 i\u0161vaizd\u0105.<\/p>\n<p data-start=\"1635\" data-end=\"1653\"><strong data-start=\"1635\" data-end=\"1645\">T\u016bris:<\/strong> 15 ml<\/p>\n","protected":false},"excerpt":{"rendered":"<p data-start=\"1725\" data-end=\"1759\">Dr\u0117kinamasis kremas ro\u017einei odai<\/p>\n<h2 data-start=\"1761\" data-end=\"2024\"><strong data-start=\"1761\" data-end=\"1817\">Natinuel Homeo-Rose Rosacea Prone Skin Cream savyb\u0117s<\/strong><\/h2>\n<p data-start=\"1761\" data-end=\"2024\" data-is-last-node=\"\" data-is-only-node=\"\">\u2714\ufe0f Ma\u017eina odos paraudim\u0105 ir sudirginim\u0105<br data-start=\"1859\" data-end=\"1862\" \/>\u2714\ufe0f Stiprina kraujagysli\u0173 sieneles ir ma\u017eina j\u0173 trapum\u0105<br data-start=\"1916\" data-end=\"1919\" \/>\u2714\ufe0f Ramina ir saugo jautri\u0105 od\u0105<br data-start=\"1949\" data-end=\"1952\" \/>\u2714\ufe0f Ma\u017eina ro\u017ein\u0117s pa\u016bm\u0117jimo rizik\u0105<br data-start=\"1986\" data-end=\"1989\" \/>\u2714\ufe0f Atkuria odos apsaugin\u012f barjer\u0105<\/p>\n","protected":false},"featured_media":67589,"template":"","meta":[],"pwb-brand":[1128],"product_brand":[],"product_cat":[742,738,746,750],"product_tag":[],"giftcard-category":[],"class_list":{"0":"post-44745","1":"product","2":"type-product","3":"status-publish","4":"has-post-thumbnail","6":"pwb-brand-natinuel","7":"product_cat-berimai","8":"product_cat-drekinimas","9":"product_cat-jautriai-odai","10":"product_cat-senstanti-oda","12":"first","13":"instock","14":"taxable","15":"shipping-taxable","16":"purchasable","17":"product-type-simple"},"acf":[],"brands":[{"id":1128,"name":"Natinuel","slug":"natinuel"}],"_links":{"self":[{"href":"https:\/\/skinstudio.ee\/lt\/wp-json\/wp\/v2\/product\/44745","targetHints":{"allow":["GET"]}}],"collection":[{"href":"https:\/\/skinstudio.ee\/lt\/wp-json\/wp\/v2\/product"}],"about":[{"href":"https:\/\/skinstudio.ee\/lt\/wp-json\/wp\/v2\/types\/product"}],"version-history":[{"count":0,"href":"https:\/\/skinstudio.ee\/lt\/wp-json\/wp\/v2\/product\/44745\/revisions"}],"wp:featuredmedia":[{"embeddable":true,"href":"https:\/\/skinstudio.ee\/lt\/wp-json\/wp\/v2\/media\/67589"}],"wp:attachment":[{"href":"https:\/\/skinstudio.ee\/lt\/wp-json\/wp\/v2\/media?parent=44745"}],"wp:term":[{"taxonomy":"pwb-brand","embeddable":true,"href":"https:\/\/skinstudio.ee\/lt\/wp-json\/wp\/v2\/pwb-brand?post=44745"},{"taxonomy":"product_brand","embeddable":true,"href":"https:\/\/skinstudio.ee\/lt\/wp-json\/wp\/v2\/product_brand?post=44745"},{"taxonomy":"product_cat","embeddable":true,"href":"https:\/\/skinstudio.ee\/lt\/wp-json\/wp\/v2\/product_cat?post=44745"},{"taxonomy":"product_tag","embeddable":true,"href":"https:\/\/skinstudio.ee\/lt\/wp-json\/wp\/v2\/product_tag?post=44745"},{"taxonomy":"giftcard-category","embeddable":true,"href":"https:\/\/skinstudio.ee\/lt\/wp-json\/wp\/v2\/giftcard-category?post=44745"}],"curies":[{"name":"wp","href":"https:\/\/api.w.org\/{rel}","templated":true}]}}