{"id":44761,"date":"2025-08-15T13:42:52","date_gmt":"2025-08-15T13:42:52","guid":{"rendered":"https:\/\/skinstudio.ee\/?post_type=product&#038;p=44761"},"modified":"2026-01-19T15:13:29","modified_gmt":"2026-01-19T15:13:29","slug":"firmin-lift-strong-face-serum","status":"publish","type":"product","link":"https:\/\/skinstudio.ee\/lt\/catalog\/natinuel\/firmin-lift-strong-face-serum\/","title":{"rendered":"Firmin Lift Strong Face Serum"},"content":{"rendered":"<p data-start=\"1188\" data-end=\"1590\">Stangrinamasis ir atkuriamasis serumas \u2014 koncentruotas bioceutinis produktas su dvigubu poveikiu. Bioaktyvi\u0173 komponent\u0173 kompleksas sinergi\u0161kai s\u0105veikauja su med\u017eiagomis, sudaran\u010diomis pamatin\u0119 membran\u0105 (GDE), stiprindamas jos strukt\u016br\u0105 ir gerindamas tarpl\u0105stelinius ry\u0161ius. Serumas pastebimai padidina odos elastingum\u0105 ir tank\u012f, u\u017epildo rauk\u0161les ir suteikia ry\u0161k\u0173 bei ilgalaik\u012f stangrinam\u0105j\u012f poveik\u012f.<\/p>\n<p data-start=\"1592\" data-end=\"1915\">D\u0117l didel\u0117s veikli\u0173j\u0173 med\u017eiag\u0173 koncentracijos priemon\u0117 padeda pagerinti odos tonus\u0105, atkurti ai\u0161kius kont\u016brus bei skatinti kolageno ir elastino gamyb\u0105. Reguliarus naudojimas padeda atkurti jaunatvi\u0161k\u0105, gaivi\u0105 ir pri\u017ei\u016br\u0117t\u0105 odos i\u0161vaizd\u0105, taip pat padidina jos atsparum\u0105 sen\u0117jimo po\u017eymiams ir i\u0161oriniams streso veiksniams.<\/p>\n<p data-start=\"1917\" data-end=\"1935\"><strong data-start=\"1917\" data-end=\"1927\">T\u016bris:<\/strong> 30 ml<\/p>\n","protected":false},"excerpt":{"rendered":"<p data-start=\"2043\" data-end=\"2103\">Stangrinamasis veido serumas su intensyviu liftingo efektu<\/p>\n<h2 data-start=\"2105\" data-end=\"2366\"><strong data-start=\"2105\" data-end=\"2155\">Natinuel Firmin Lift Strong Face Serum savyb\u0117s<\/strong><\/h2>\n<p data-start=\"2105\" data-end=\"2366\" data-is-last-node=\"\" data-is-only-node=\"\">\u2714\ufe0f Suteikia matom\u0105 liftingo efekt\u0105<br data-start=\"2192\" data-end=\"2195\" \/>\u2714\ufe0f Padidina odos elastingum\u0105 ir stangrum\u0105<br data-start=\"2236\" data-end=\"2239\" \/>\u2714\ufe0f Skatina kolageno ir elastino gamyb\u0105<br data-start=\"2277\" data-end=\"2280\" \/>\u2714\ufe0f I\u0161lygina rauk\u0161les ir sustiprina veido kont\u016brus<br data-start=\"2329\" data-end=\"2332\" \/>\u2714\ufe0f Pagerina odos tonus\u0105 ir tank\u012f<\/p>\n","protected":false},"featured_media":67581,"template":"","meta":[],"pwb-brand":[1128],"product_brand":[],"product_cat":[750,724],"product_tag":[],"giftcard-category":[],"class_list":{"0":"post-44761","1":"product","2":"type-product","3":"status-publish","4":"has-post-thumbnail","6":"pwb-brand-natinuel","7":"product_cat-senstanti-oda","8":"product_cat-serumai","10":"first","11":"instock","12":"taxable","13":"shipping-taxable","14":"purchasable","15":"product-type-simple"},"acf":[],"brands":[{"id":1128,"name":"Natinuel","slug":"natinuel"}],"_links":{"self":[{"href":"https:\/\/skinstudio.ee\/lt\/wp-json\/wp\/v2\/product\/44761","targetHints":{"allow":["GET"]}}],"collection":[{"href":"https:\/\/skinstudio.ee\/lt\/wp-json\/wp\/v2\/product"}],"about":[{"href":"https:\/\/skinstudio.ee\/lt\/wp-json\/wp\/v2\/types\/product"}],"version-history":[{"count":0,"href":"https:\/\/skinstudio.ee\/lt\/wp-json\/wp\/v2\/product\/44761\/revisions"}],"wp:featuredmedia":[{"embeddable":true,"href":"https:\/\/skinstudio.ee\/lt\/wp-json\/wp\/v2\/media\/67581"}],"wp:attachment":[{"href":"https:\/\/skinstudio.ee\/lt\/wp-json\/wp\/v2\/media?parent=44761"}],"wp:term":[{"taxonomy":"pwb-brand","embeddable":true,"href":"https:\/\/skinstudio.ee\/lt\/wp-json\/wp\/v2\/pwb-brand?post=44761"},{"taxonomy":"product_brand","embeddable":true,"href":"https:\/\/skinstudio.ee\/lt\/wp-json\/wp\/v2\/product_brand?post=44761"},{"taxonomy":"product_cat","embeddable":true,"href":"https:\/\/skinstudio.ee\/lt\/wp-json\/wp\/v2\/product_cat?post=44761"},{"taxonomy":"product_tag","embeddable":true,"href":"https:\/\/skinstudio.ee\/lt\/wp-json\/wp\/v2\/product_tag?post=44761"},{"taxonomy":"giftcard-category","embeddable":true,"href":"https:\/\/skinstudio.ee\/lt\/wp-json\/wp\/v2\/giftcard-category?post=44761"}],"curies":[{"name":"wp","href":"https:\/\/api.w.org\/{rel}","templated":true}]}}