{"id":44777,"date":"2025-08-15T13:50:57","date_gmt":"2025-08-15T13:50:57","guid":{"rendered":"https:\/\/skinstudio.ee\/?post_type=product&#038;p=44777"},"modified":"2026-01-19T15:13:30","modified_gmt":"2026-01-19T15:13:30","slug":"oxy-100-face-cream","status":"publish","type":"product","link":"https:\/\/skinstudio.ee\/lt\/catalog\/natinuel\/oxy-100-face-cream\/","title":{"rendered":"OXY 100 Face Cream"},"content":{"rendered":"<p data-start=\"851\" data-end=\"1315\">OXY 100 yra novatori\u0161kas sud\u0117ties kremas, paremtas ozonidais ir specialiu peptidu. \u0160i unikali biochemin\u0117 sinergija praturtina odos audinius deguonimi ir giliai dr\u0117kina. U\u017etepus OXY 100, kremas generuoja deguon\u012f, kuris, jungdamasis su hemoglobinu, prisotina audinius deguonimi iki pat raumen\u0173 sluoksnio. Kremas skatina odos pa\u017eeidim\u0173 gijim\u0105, aktyvina ir restrukt\u016bruoja daugel\u012f med\u017eiag\u0173 apykaitos mechanizm\u0173, kurie yra sveikos ir biologi\u0161kai jaunos odos pagrindas.<\/p>\n<p data-start=\"1317\" data-end=\"1335\"><strong data-start=\"1317\" data-end=\"1327\">T\u016bris:<\/strong> 50 ml<\/p>\n","protected":false},"excerpt":{"rendered":"<p data-start=\"1416\" data-end=\"1440\">Gydomasis veido kremas<\/p>\n<h2 data-start=\"1442\" data-end=\"1710\"><strong data-start=\"1442\" data-end=\"1481\">Natinuel OXY 100 Face Cream savyb\u0117s<\/strong><\/h2>\n<p data-start=\"1442\" data-end=\"1710\" data-is-last-node=\"\" data-is-only-node=\"\">\u2714\ufe0f Aktyvina l\u0105steli\u0173 kv\u0117pavim\u0105 ir med\u017eiag\u0173 apykait\u0105<br data-start=\"1535\" data-end=\"1538\" \/>\u2714\ufe0f Pagerina odos apr\u016bpinim\u0105 deguonimi<br data-start=\"1575\" data-end=\"1578\" \/>\u2714\ufe0f Skatina audini\u0173 regeneracij\u0105<br data-start=\"1609\" data-end=\"1612\" \/>\u2714\ufe0f Didina odos elastingum\u0105 ir stangrum\u0105<br data-start=\"1651\" data-end=\"1654\" \/>\u2714\ufe0f Pagerina odos atspalv\u012f ir suteikia sveik\u0105 \u0161vyt\u0117jim\u0105<\/p>\n","protected":false},"featured_media":67575,"template":"","meta":[],"pwb-brand":[1128],"product_brand":[],"product_cat":[738,746,750],"product_tag":[],"giftcard-category":[],"class_list":{"0":"post-44777","1":"product","2":"type-product","3":"status-publish","4":"has-post-thumbnail","6":"pwb-brand-natinuel","7":"product_cat-drekinimas","8":"product_cat-jautriai-odai","9":"product_cat-senstanti-oda","11":"first","12":"instock","13":"taxable","14":"shipping-taxable","15":"purchasable","16":"product-type-simple"},"acf":[],"brands":[{"id":1128,"name":"Natinuel","slug":"natinuel"}],"_links":{"self":[{"href":"https:\/\/skinstudio.ee\/lt\/wp-json\/wp\/v2\/product\/44777","targetHints":{"allow":["GET"]}}],"collection":[{"href":"https:\/\/skinstudio.ee\/lt\/wp-json\/wp\/v2\/product"}],"about":[{"href":"https:\/\/skinstudio.ee\/lt\/wp-json\/wp\/v2\/types\/product"}],"version-history":[{"count":0,"href":"https:\/\/skinstudio.ee\/lt\/wp-json\/wp\/v2\/product\/44777\/revisions"}],"wp:featuredmedia":[{"embeddable":true,"href":"https:\/\/skinstudio.ee\/lt\/wp-json\/wp\/v2\/media\/67575"}],"wp:attachment":[{"href":"https:\/\/skinstudio.ee\/lt\/wp-json\/wp\/v2\/media?parent=44777"}],"wp:term":[{"taxonomy":"pwb-brand","embeddable":true,"href":"https:\/\/skinstudio.ee\/lt\/wp-json\/wp\/v2\/pwb-brand?post=44777"},{"taxonomy":"product_brand","embeddable":true,"href":"https:\/\/skinstudio.ee\/lt\/wp-json\/wp\/v2\/product_brand?post=44777"},{"taxonomy":"product_cat","embeddable":true,"href":"https:\/\/skinstudio.ee\/lt\/wp-json\/wp\/v2\/product_cat?post=44777"},{"taxonomy":"product_tag","embeddable":true,"href":"https:\/\/skinstudio.ee\/lt\/wp-json\/wp\/v2\/product_tag?post=44777"},{"taxonomy":"giftcard-category","embeddable":true,"href":"https:\/\/skinstudio.ee\/lt\/wp-json\/wp\/v2\/giftcard-category?post=44777"}],"curies":[{"name":"wp","href":"https:\/\/api.w.org\/{rel}","templated":true}]}}