{"id":44793,"date":"2025-08-15T13:59:01","date_gmt":"2025-08-15T13:59:01","guid":{"rendered":"https:\/\/skinstudio.ee\/?post_type=product&#038;p=44793"},"modified":"2026-01-19T15:13:30","modified_gmt":"2026-01-19T15:13:30","slug":"intractive-serum-g-factor-p63","status":"publish","type":"product","link":"https:\/\/skinstudio.ee\/lt\/catalog\/natinuel\/intractive-serum-g-factor-p63\/","title":{"rendered":"Intractive Serum G-Factor P63"},"content":{"rendered":"<p data-start=\"1106\" data-end=\"1205\">INTERACTIVE SERUM atstovauja radikaliai nauj\u0105 po\u017ei\u016br\u012f \u012f odos sen\u0117jimo gydym\u0105.<\/p>\n<p data-start=\"1207\" data-end=\"1588\">Biofunkcinis kompleksas, pasi\u017eymintis dideliu dermatologiniu aktyvumu, skirtas kovai su sen\u0117jimu. Inovatyvus metabolinis aktyvatorius u\u017etikrina gil\u0173 ir visi\u0161k\u0105 odos restrukt\u016brizavim\u0105 bei regeneracij\u0105. Serumas vienu metu veikia biologinius, gamybinius, apsauginius ir atkuriamuosius mechanizmus epidermio, dermos ir dermoepiderminio sujungimo lygiu, suteikdamas ilgalaik\u012f poveik\u012f.<\/p>\n<p data-start=\"1590\" data-end=\"1608\"><strong data-start=\"1590\" data-end=\"1606\">T\u016bris: 30 ml<\/strong><\/p>\n","protected":false},"excerpt":{"rendered":"<p data-start=\"1838\" data-end=\"1872\">Intensyvus atjauninantis serumas<\/p>\n<h2 data-start=\"1874\" data-end=\"2141\"><strong data-start=\"1874\" data-end=\"1924\">Natinuel Intractive Serum G-Factor P63 savyb\u0117s<\/strong><\/h2>\n<p data-start=\"1874\" data-end=\"2141\">\u2714\ufe0f Aktyvina l\u0105steli\u0173 regeneracij\u0105<br data-start=\"1960\" data-end=\"1963\" \/>\u2714\ufe0f Skatina kolageno ir elastino gamyb\u0105<br data-start=\"2001\" data-end=\"2004\" \/>\u2714\ufe0f Gerina odos elastingum\u0105 ir tank\u012f<br data-start=\"2039\" data-end=\"2042\" \/>\u2714\ufe0f Lygina rauk\u0161les ir odos atspalv\u012f<br data-start=\"2077\" data-end=\"2080\" \/>\u2714\ufe0f Apsaugo l\u0105steles nuo pa\u017eeidim\u0173 ir prie\u0161laikinio sen\u0117jimo<\/p>\n","protected":false},"featured_media":67568,"template":"","meta":[],"pwb-brand":[1128],"product_brand":[],"product_cat":[750,724],"product_tag":[],"giftcard-category":[],"class_list":{"0":"post-44793","1":"product","2":"type-product","3":"status-publish","4":"has-post-thumbnail","6":"pwb-brand-natinuel","7":"product_cat-senstanti-oda","8":"product_cat-serumai","10":"first","11":"instock","12":"taxable","13":"shipping-taxable","14":"purchasable","15":"product-type-simple"},"acf":[],"brands":[{"id":1128,"name":"Natinuel","slug":"natinuel"}],"_links":{"self":[{"href":"https:\/\/skinstudio.ee\/lt\/wp-json\/wp\/v2\/product\/44793","targetHints":{"allow":["GET"]}}],"collection":[{"href":"https:\/\/skinstudio.ee\/lt\/wp-json\/wp\/v2\/product"}],"about":[{"href":"https:\/\/skinstudio.ee\/lt\/wp-json\/wp\/v2\/types\/product"}],"version-history":[{"count":0,"href":"https:\/\/skinstudio.ee\/lt\/wp-json\/wp\/v2\/product\/44793\/revisions"}],"wp:featuredmedia":[{"embeddable":true,"href":"https:\/\/skinstudio.ee\/lt\/wp-json\/wp\/v2\/media\/67568"}],"wp:attachment":[{"href":"https:\/\/skinstudio.ee\/lt\/wp-json\/wp\/v2\/media?parent=44793"}],"wp:term":[{"taxonomy":"pwb-brand","embeddable":true,"href":"https:\/\/skinstudio.ee\/lt\/wp-json\/wp\/v2\/pwb-brand?post=44793"},{"taxonomy":"product_brand","embeddable":true,"href":"https:\/\/skinstudio.ee\/lt\/wp-json\/wp\/v2\/product_brand?post=44793"},{"taxonomy":"product_cat","embeddable":true,"href":"https:\/\/skinstudio.ee\/lt\/wp-json\/wp\/v2\/product_cat?post=44793"},{"taxonomy":"product_tag","embeddable":true,"href":"https:\/\/skinstudio.ee\/lt\/wp-json\/wp\/v2\/product_tag?post=44793"},{"taxonomy":"giftcard-category","embeddable":true,"href":"https:\/\/skinstudio.ee\/lt\/wp-json\/wp\/v2\/giftcard-category?post=44793"}],"curies":[{"name":"wp","href":"https:\/\/api.w.org\/{rel}","templated":true}]}}