{"id":44808,"date":"2025-08-15T14:59:51","date_gmt":"2025-08-15T14:59:51","guid":{"rendered":"https:\/\/skinstudio.ee\/?post_type=product&#038;p=44808"},"modified":"2026-01-19T15:13:30","modified_gmt":"2026-01-19T15:13:30","slug":"interactive-cream-g-factor-complex","status":"publish","type":"product","link":"https:\/\/skinstudio.ee\/lt\/catalog\/natinuel\/interactive-cream-g-factor-complex\/","title":{"rendered":"Interactive Cream G-Factor Complex"},"content":{"rendered":"<p data-start=\"1148\" data-end=\"1336\">Kremas su dideliu dermatologiniu aktyvumu, pagr\u012fstas augimo faktoriais, u\u017etikrina gil\u0173 ir visi\u0161k\u0105 epidermio, dermos ir DEJ (dermoepiderminio junginio) restrukt\u016brizavim\u0105 bei regeneracij\u0105.<\/p>\n<p data-start=\"1338\" data-end=\"1791\">Aktyvi fibroblast\u0173 biostimuliacija derinama su mikro u\u017edegimo ir pagrindini\u0173 degeneracini\u0173 katabolini\u0173 mechanizm\u0173, toki\u0173 kaip MMP ir glikacija, reguliavimu, u\u017etikrinant ilgalaik\u012f poveik\u012f. Formul\u0117 sustiprina nat\u016bralius odos atsinaujinimo procesus, stiprina jos strukt\u016br\u0105, atkuria tank\u012f ir elastingum\u0105. Reguliariai naudojant kremas pastebimai i\u0161lygina rauk\u0161les, pagerina odos ton\u0105 ir tekst\u016br\u0105, suteikia veidui gaivi\u0105, jaunatvi\u0161k\u0105 ir pri\u017ei\u016br\u0117t\u0105 i\u0161vaizd\u0105.<\/p>\n<p data-start=\"1793\" data-end=\"1811\"><strong data-start=\"1793\" data-end=\"1803\">T\u016bris:<\/strong> 50 ml<\/p>\n","protected":false},"excerpt":{"rendered":"<p data-start=\"1891\" data-end=\"1921\">Prie\u0161rauk\u0161linis veido kremas<\/p>\n<h2 data-start=\"1923\" data-end=\"1980\"><strong data-start=\"1923\" data-end=\"1978\">Natinuel Interactive Cream G-Factor Complex savyb\u0117s<\/strong><\/h2>\n<p data-start=\"1982\" data-end=\"2178\">\u2714\ufe0f I\u0161lygina rauk\u0161les ir pagerina odos tekst\u016br\u0105<br data-start=\"2028\" data-end=\"2031\" \/>\u2714\ufe0f Padidina elastingum\u0105 ir stangrum\u0105<br data-start=\"2067\" data-end=\"2070\" \/>\u2714\ufe0f Atkuria odos strukt\u016br\u0105<br data-start=\"2095\" data-end=\"2098\" \/>\u2714\ufe0f Skatina kolageno ir elastino gamyb\u0105<br data-start=\"2136\" data-end=\"2139\" \/>\u2714\ufe0f Apsaugo nuo prie\u0161laikinio sen\u0117jimo<\/p>\n","protected":false},"featured_media":67561,"template":"","meta":[],"pwb-brand":[1128],"product_brand":[],"product_cat":[738,750],"product_tag":[],"giftcard-category":[],"class_list":{"0":"post-44808","1":"product","2":"type-product","3":"status-publish","4":"has-post-thumbnail","6":"pwb-brand-natinuel","7":"product_cat-drekinimas","8":"product_cat-senstanti-oda","10":"first","11":"instock","12":"taxable","13":"shipping-taxable","14":"purchasable","15":"product-type-simple"},"acf":[],"brands":[{"id":1128,"name":"Natinuel","slug":"natinuel"}],"_links":{"self":[{"href":"https:\/\/skinstudio.ee\/lt\/wp-json\/wp\/v2\/product\/44808","targetHints":{"allow":["GET"]}}],"collection":[{"href":"https:\/\/skinstudio.ee\/lt\/wp-json\/wp\/v2\/product"}],"about":[{"href":"https:\/\/skinstudio.ee\/lt\/wp-json\/wp\/v2\/types\/product"}],"version-history":[{"count":0,"href":"https:\/\/skinstudio.ee\/lt\/wp-json\/wp\/v2\/product\/44808\/revisions"}],"wp:featuredmedia":[{"embeddable":true,"href":"https:\/\/skinstudio.ee\/lt\/wp-json\/wp\/v2\/media\/67561"}],"wp:attachment":[{"href":"https:\/\/skinstudio.ee\/lt\/wp-json\/wp\/v2\/media?parent=44808"}],"wp:term":[{"taxonomy":"pwb-brand","embeddable":true,"href":"https:\/\/skinstudio.ee\/lt\/wp-json\/wp\/v2\/pwb-brand?post=44808"},{"taxonomy":"product_brand","embeddable":true,"href":"https:\/\/skinstudio.ee\/lt\/wp-json\/wp\/v2\/product_brand?post=44808"},{"taxonomy":"product_cat","embeddable":true,"href":"https:\/\/skinstudio.ee\/lt\/wp-json\/wp\/v2\/product_cat?post=44808"},{"taxonomy":"product_tag","embeddable":true,"href":"https:\/\/skinstudio.ee\/lt\/wp-json\/wp\/v2\/product_tag?post=44808"},{"taxonomy":"giftcard-category","embeddable":true,"href":"https:\/\/skinstudio.ee\/lt\/wp-json\/wp\/v2\/giftcard-category?post=44808"}],"curies":[{"name":"wp","href":"https:\/\/api.w.org\/{rel}","templated":true}]}}