{"id":44824,"date":"2025-08-15T15:13:28","date_gmt":"2025-08-15T15:13:28","guid":{"rendered":"https:\/\/skinstudio.ee\/?post_type=product&#038;p=44824"},"modified":"2026-01-19T15:13:29","modified_gmt":"2026-01-19T15:13:29","slug":"exohyal-intense-serum","status":"publish","type":"product","link":"https:\/\/skinstudio.ee\/lt\/catalog\/natinuel\/exohyal-intense-serum\/","title":{"rendered":"EXOHYAL Intense Serum"},"content":{"rendered":"<p data-start=\"1019\" data-end=\"1503\">EXOHYAL Intense Serum yra itin aktyvi formul\u0117, sukurta intensyviam dr\u0117kinimui, odos atstatymui ir jauninimui. \u012evairios molekulin\u0117s mas\u0117s hialurono r\u016bg\u0161ties ir augalin\u0117s kilm\u0117s egzosom\u0173 derinys padeda giliai sudr\u0117kinti od\u0105, sustiprinti jos barjer\u0105 ir skatinti regeneracijos procesus. Egzosomos aktyvina l\u0105steli\u0173 apykait\u0105, gerina odos geb\u0117jim\u0105 atsinaujinti ir didina jos elastingum\u0105. Serumas padeda i\u0161lyginti smulkias rauk\u0161leles, atkurti odos \u0161velnum\u0105, elastingum\u0105 ir sveik\u0105 spindes\u012f.<\/p>\n<p data-start=\"1505\" data-end=\"1523\"><strong data-start=\"1505\" data-end=\"1515\">T\u016bris:<\/strong> 15 ml<\/p>\n","protected":false},"excerpt":{"rendered":"<p data-start=\"1698\" data-end=\"1730\">Serumas giliam odos dr\u0117kinimui<\/p>\n<h2 data-start=\"1732\" data-end=\"1989\"><strong data-start=\"1732\" data-end=\"1774\">Natinuel EXOHYAL Intense Serum savyb\u0117s<\/strong><\/h2>\n<p data-start=\"1732\" data-end=\"1989\" data-is-last-node=\"\" data-is-only-node=\"\">\u2714\ufe0f Suteikia intensyv\u0173 ir ilgalaik\u012f dr\u0117kinim\u0105<br data-start=\"1821\" data-end=\"1824\" \/>\u2714\ufe0f Atkuria ir stiprina odos apsaugin\u012f barjer\u0105<br data-start=\"1869\" data-end=\"1872\" \/>\u2714\ufe0f I\u0161lygina smulkias rauk\u0161leles<br data-start=\"1903\" data-end=\"1906\" \/>\u2714\ufe0f Gerina odos elastingum\u0105 ir stangrum\u0105<br data-start=\"1945\" data-end=\"1948\" \/>\u2714\ufe0f Suteikia sveik\u0105 spindes\u012f ir \u0161velnum\u0105<\/p>\n","protected":false},"featured_media":67555,"template":"","meta":[],"pwb-brand":[1128],"product_brand":[],"product_cat":[738,750,724],"product_tag":[],"giftcard-category":[],"class_list":{"0":"post-44824","1":"product","2":"type-product","3":"status-publish","4":"has-post-thumbnail","6":"pwb-brand-natinuel","7":"product_cat-drekinimas","8":"product_cat-senstanti-oda","9":"product_cat-serumai","11":"first","12":"instock","13":"taxable","14":"shipping-taxable","15":"purchasable","16":"product-type-simple"},"acf":[],"brands":[{"id":1128,"name":"Natinuel","slug":"natinuel"}],"_links":{"self":[{"href":"https:\/\/skinstudio.ee\/lt\/wp-json\/wp\/v2\/product\/44824","targetHints":{"allow":["GET"]}}],"collection":[{"href":"https:\/\/skinstudio.ee\/lt\/wp-json\/wp\/v2\/product"}],"about":[{"href":"https:\/\/skinstudio.ee\/lt\/wp-json\/wp\/v2\/types\/product"}],"version-history":[{"count":0,"href":"https:\/\/skinstudio.ee\/lt\/wp-json\/wp\/v2\/product\/44824\/revisions"}],"wp:featuredmedia":[{"embeddable":true,"href":"https:\/\/skinstudio.ee\/lt\/wp-json\/wp\/v2\/media\/67555"}],"wp:attachment":[{"href":"https:\/\/skinstudio.ee\/lt\/wp-json\/wp\/v2\/media?parent=44824"}],"wp:term":[{"taxonomy":"pwb-brand","embeddable":true,"href":"https:\/\/skinstudio.ee\/lt\/wp-json\/wp\/v2\/pwb-brand?post=44824"},{"taxonomy":"product_brand","embeddable":true,"href":"https:\/\/skinstudio.ee\/lt\/wp-json\/wp\/v2\/product_brand?post=44824"},{"taxonomy":"product_cat","embeddable":true,"href":"https:\/\/skinstudio.ee\/lt\/wp-json\/wp\/v2\/product_cat?post=44824"},{"taxonomy":"product_tag","embeddable":true,"href":"https:\/\/skinstudio.ee\/lt\/wp-json\/wp\/v2\/product_tag?post=44824"},{"taxonomy":"giftcard-category","embeddable":true,"href":"https:\/\/skinstudio.ee\/lt\/wp-json\/wp\/v2\/giftcard-category?post=44824"}],"curies":[{"name":"wp","href":"https:\/\/api.w.org\/{rel}","templated":true}]}}