{"id":44839,"date":"2025-08-15T15:33:00","date_gmt":"2025-08-15T15:33:00","guid":{"rendered":"https:\/\/skinstudio.ee\/?post_type=product&#038;p=44839"},"modified":"2026-01-19T15:13:30","modified_gmt":"2026-01-19T15:13:30","slug":"revinol-night-cream","status":"publish","type":"product","link":"https:\/\/skinstudio.ee\/lt\/catalog\/natinuel\/revinol-night-cream\/","title":{"rendered":"Revinol Night Cream"},"content":{"rendered":"<p data-start=\"860\" data-end=\"1143\">Naktinis kremas su retinoliu \u2013 galinga priemon\u0117 visapusi\u0161kai odos prie\u017ei\u016brai. Retinolio ir retinalio derinys kartu su gintaro r\u016bg\u0161timi skatina l\u0105steli\u0173 atsinaujinim\u0105, kovoja su sen\u0117jimo po\u017eymiais, i\u0161lygina odos atspalv\u012f, normalizuoja riebal\u0173 i\u0161siskyrim\u0105 ir stiprina odos imunitet\u0105.<\/p>\n<p data-start=\"1145\" data-end=\"1163\"><strong data-start=\"1145\" data-end=\"1155\">T\u016bris:<\/strong> 50 ml<\/p>\n","protected":false},"excerpt":{"rendered":"<p data-start=\"1380\" data-end=\"1425\">Naktinis kremas su retinoliu ir niacinamidu<\/p>\n<h2 data-start=\"1427\" data-end=\"1702\"><strong data-start=\"1427\" data-end=\"1467\">Natinuel Revinol Night Cream savyb\u0117s<\/strong><\/h2>\n<p data-start=\"1427\" data-end=\"1702\" data-is-last-node=\"\" data-is-only-node=\"\">\u2714\ufe0f Skatina l\u0105steli\u0173 atsinaujinim\u0105 miego metu<br data-start=\"1514\" data-end=\"1517\" \/>\u2714\ufe0f Lygina rauk\u0161les ir gerina odos tekst\u016br\u0105<br data-start=\"1559\" data-end=\"1562\" \/>\u2714\ufe0f I\u0161lygina odos atspalv\u012f ir ma\u017eina pigmentacij\u0105<br data-start=\"1610\" data-end=\"1613\" \/>\u2714\ufe0f Didina odos elastingum\u0105 ir stangrum\u0105<br data-start=\"1652\" data-end=\"1655\" \/>\u2714\ufe0f Dr\u0117kina ir stiprina odos apsaugin\u012f barjer\u0105<\/p>\n","protected":false},"featured_media":67550,"template":"","meta":[],"pwb-brand":[1128],"product_brand":[],"product_cat":[738,750,728],"product_tag":[],"giftcard-category":[],"class_list":{"0":"post-44839","1":"product","2":"type-product","3":"status-publish","4":"has-post-thumbnail","6":"pwb-brand-natinuel","7":"product_cat-drekinimas","8":"product_cat-senstanti-oda","9":"product_cat-vitaminas-a-retinolis","11":"first","12":"instock","13":"taxable","14":"shipping-taxable","15":"purchasable","16":"product-type-simple"},"acf":[],"brands":[{"id":1128,"name":"Natinuel","slug":"natinuel"}],"_links":{"self":[{"href":"https:\/\/skinstudio.ee\/lt\/wp-json\/wp\/v2\/product\/44839","targetHints":{"allow":["GET"]}}],"collection":[{"href":"https:\/\/skinstudio.ee\/lt\/wp-json\/wp\/v2\/product"}],"about":[{"href":"https:\/\/skinstudio.ee\/lt\/wp-json\/wp\/v2\/types\/product"}],"version-history":[{"count":0,"href":"https:\/\/skinstudio.ee\/lt\/wp-json\/wp\/v2\/product\/44839\/revisions"}],"wp:featuredmedia":[{"embeddable":true,"href":"https:\/\/skinstudio.ee\/lt\/wp-json\/wp\/v2\/media\/67550"}],"wp:attachment":[{"href":"https:\/\/skinstudio.ee\/lt\/wp-json\/wp\/v2\/media?parent=44839"}],"wp:term":[{"taxonomy":"pwb-brand","embeddable":true,"href":"https:\/\/skinstudio.ee\/lt\/wp-json\/wp\/v2\/pwb-brand?post=44839"},{"taxonomy":"product_brand","embeddable":true,"href":"https:\/\/skinstudio.ee\/lt\/wp-json\/wp\/v2\/product_brand?post=44839"},{"taxonomy":"product_cat","embeddable":true,"href":"https:\/\/skinstudio.ee\/lt\/wp-json\/wp\/v2\/product_cat?post=44839"},{"taxonomy":"product_tag","embeddable":true,"href":"https:\/\/skinstudio.ee\/lt\/wp-json\/wp\/v2\/product_tag?post=44839"},{"taxonomy":"giftcard-category","embeddable":true,"href":"https:\/\/skinstudio.ee\/lt\/wp-json\/wp\/v2\/giftcard-category?post=44839"}],"curies":[{"name":"wp","href":"https:\/\/api.w.org\/{rel}","templated":true}]}}