{"id":44857,"date":"2025-08-16T08:50:02","date_gmt":"2025-08-16T08:50:02","guid":{"rendered":"https:\/\/skinstudio.ee\/?post_type=product&#038;p=44857"},"modified":"2026-01-19T15:13:29","modified_gmt":"2026-01-19T15:13:29","slug":"exohyal-cream","status":"publish","type":"product","link":"https:\/\/skinstudio.ee\/lt\/catalog\/natinuel\/exohyal-cream\/","title":{"rendered":"EXOHYAL Cream"},"content":{"rendered":"<p data-start=\"1078\" data-end=\"1722\">Ypatingas kremas, kuriame pasitelkiama inovatyvi\u0173 med\u017eiag\u0173 sinergija, u\u017etikrinanti revoliucin\u012f prie\u0161rauk\u0161lin\u012f, atkuriam\u0105j\u012f ir biostimuliuojant\u012f poveik\u012f. Jis padeda u\u017ekirsti keli\u0105 ir slopina daugel\u012f odos sen\u0117jimo mechanizm\u0173. I\u0161 mezenchimini\u0173 kamienini\u0173 l\u0105steli\u0173 gautos egzosomos pasi\u017eymi specifiniu dermatologiniu poveikiu: didina I ir III tipo kolageno ekspresij\u0105, skatina fibroblast\u0173 proliferacij\u0105 ir slopina prou\u017edegimini\u0173 citokin\u0173 ekspresij\u0105. Kremas turi antioksidacini\u0173 savybi\u0173, neutralizuoja laisvuosius radikalus ir veikia prie\u0161u\u017edegimi\u0161kai. Jis skatina l\u0105steli\u0173 dauginim\u0105si, aktyvina fibroblastus ir padeda u\u017ekirsti keli\u0105 j\u0173 sen\u0117jimui.<\/p>\n<p data-start=\"1724\" data-end=\"1742\"><strong data-start=\"1724\" data-end=\"1734\">T\u016bris:<\/strong> 50 ml<\/p>\n","protected":false},"excerpt":{"rendered":"<p data-start=\"1853\" data-end=\"1890\">Dr\u0117kinamasis prie\u0161rauk\u0161linis kremas<\/p>\n<h2 data-start=\"1892\" data-end=\"2161\"><strong data-start=\"1892\" data-end=\"1926\">Natinuel EXOHYAL Cream savyb\u0117s<\/strong><\/h2>\n<p data-start=\"1892\" data-end=\"2161\" data-is-last-node=\"\" data-is-only-node=\"\">\u2714\ufe0f Suteikia gil\u0173 ir ilgalaik\u012f dr\u0117kinim\u0105<br data-start=\"1968\" data-end=\"1971\" \/>\u2714\ufe0f Atkuria apsaugin\u012f barjer\u0105 ir gerina elastingum\u0105<br data-start=\"2021\" data-end=\"2024\" \/>\u2714\ufe0f Lygina rauk\u0161les ir gerina odos tekst\u016br\u0105<br data-start=\"2066\" data-end=\"2069\" \/>\u2714\ufe0f Suteikia odai \u0161velnumo, \u0161vyt\u0117jimo ir gaivumo<br data-start=\"2116\" data-end=\"2119\" \/>\u2714\ufe0f Skatina l\u0105steli\u0173 regeneracijos procesus<\/p>\n","protected":false},"featured_media":67544,"template":"","meta":[],"pwb-brand":[1128],"product_brand":[],"product_cat":[738,750],"product_tag":[],"giftcard-category":[],"class_list":{"0":"post-44857","1":"product","2":"type-product","3":"status-publish","4":"has-post-thumbnail","6":"pwb-brand-natinuel","7":"product_cat-drekinimas","8":"product_cat-senstanti-oda","10":"first","11":"instock","12":"taxable","13":"shipping-taxable","14":"purchasable","15":"product-type-simple"},"acf":[],"brands":[{"id":1128,"name":"Natinuel","slug":"natinuel"}],"_links":{"self":[{"href":"https:\/\/skinstudio.ee\/lt\/wp-json\/wp\/v2\/product\/44857","targetHints":{"allow":["GET"]}}],"collection":[{"href":"https:\/\/skinstudio.ee\/lt\/wp-json\/wp\/v2\/product"}],"about":[{"href":"https:\/\/skinstudio.ee\/lt\/wp-json\/wp\/v2\/types\/product"}],"version-history":[{"count":0,"href":"https:\/\/skinstudio.ee\/lt\/wp-json\/wp\/v2\/product\/44857\/revisions"}],"wp:featuredmedia":[{"embeddable":true,"href":"https:\/\/skinstudio.ee\/lt\/wp-json\/wp\/v2\/media\/67544"}],"wp:attachment":[{"href":"https:\/\/skinstudio.ee\/lt\/wp-json\/wp\/v2\/media?parent=44857"}],"wp:term":[{"taxonomy":"pwb-brand","embeddable":true,"href":"https:\/\/skinstudio.ee\/lt\/wp-json\/wp\/v2\/pwb-brand?post=44857"},{"taxonomy":"product_brand","embeddable":true,"href":"https:\/\/skinstudio.ee\/lt\/wp-json\/wp\/v2\/product_brand?post=44857"},{"taxonomy":"product_cat","embeddable":true,"href":"https:\/\/skinstudio.ee\/lt\/wp-json\/wp\/v2\/product_cat?post=44857"},{"taxonomy":"product_tag","embeddable":true,"href":"https:\/\/skinstudio.ee\/lt\/wp-json\/wp\/v2\/product_tag?post=44857"},{"taxonomy":"giftcard-category","embeddable":true,"href":"https:\/\/skinstudio.ee\/lt\/wp-json\/wp\/v2\/giftcard-category?post=44857"}],"curies":[{"name":"wp","href":"https:\/\/api.w.org\/{rel}","templated":true}]}}